{"id":7285,"date":"2023-02-06T09:55:23","date_gmt":"2023-02-06T08:55:23","guid":{"rendered":"https:\/\/www.bhype.it\/call-center-internazionale\/"},"modified":"2023-03-06T13:55:23","modified_gmt":"2023-03-06T12:55:23","slug":"internationales-call-center","status":"publish","type":"page","link":"https:\/\/www.bhype.it\/de\/internationales-call-center\/","title":{"rendered":"Internationales call center"},"content":{"rendered":"<p>[vc_row full_width=&#8220;stretch_row_content_no_spaces&#8220; css=&#8220;.vc_custom_1678106822045{margin-right: 0px !important;margin-left: 0px !important;padding-right: 0px !important;padding-left: 0px !important;}&#8220;][vc_column][vc_single_image image=&#8220;7081&#8243; img_size=&#8220;full&#8220;][\/vc_column][\/vc_row][vc_row equal_height=&#8220;yes&#8220; content_placement=&#8220;middle&#8220; css=&#8220;.vc_custom_1677509557717{background-color: #ededed !important;}&#8220;][vc_column css=&#8220;.vc_custom_1542210878518{padding-top: 0px !important;}&#8220;][vc_empty_space height=&#8220;45px&#8220;]<div class=\"qodef-shortcode qodef-m  qodef-section-title qodef-alignment--center \">\n\t\t<h2 class=\"qodef-m-title\" >\n\t\t\t\t\tINTERNATIONALES CALL CENTER _\t\t\t<\/h2>\n\t<\/div>[vc_column_text]<\/p>\n<h3 style=\"text-align: center;\">WARUM EIN INTERNATIONALES CALL CENTER?<\/h3>\n<p>[\/vc_column_text][vc_empty_space height=&#8220;45px&#8220;][vc_separator color=&#8220;custom&#8220; border_width=&#8220;5&#8243; el_class=&#8220;max-size&#8220; accent_color=&#8220;#ff5507&#8243;][\/vc_column][\/vc_row][vc_row content_text_alignment=&#8220;center&#8220; css=&#8220;.vc_custom_1675697116039{background-position: center !important;background-repeat: no-repeat !important;background-size: contain !important;}&#8220; el_class=&#8220;shadow-center&#8220;][vc_column css=&#8220;.vc_custom_1591187654932{margin-top: 0px !important;padding-top: 0px !important;}&#8220;][vc_empty_space height=&#8220;65px&#8220;][vc_row_inner equal_height=&#8220;yes&#8220; content_placement=&#8220;middle&#8220; row_content_width=&#8220;grid&#8220; content_text_alignment=&#8220;left&#8220;][vc_column_inner width=&#8220;1\/2&#8243;]<h2 class=\"qodef-shortcode qodef-m  qodef-highlight \" style=\"color: #ffffff\">\n\t\t\t<span class=\"qodef-highlight-text\" data-highlight=\"#ff5507\" style=\"color: #ffffff\">WORUM GEHT ES?<\/span>\t<\/h2>[vc_empty_space height=&#8220;25px&#8220;]<div class=\"qodef-shortcode qodef-m icon-agency qodef-icon-with-text qodef-layout--before-content qodef--icon-pack  qodef--loading-animation\">\n\t<div class=\"qodef-m-icon-wrapper\">\n\t\t<span class=\"qodef-shortcode qodef-m  qodef-icon-holder qodef-size--small qodef-layout--normal\"  >\t        <span class=\"qodef-icon-font-awesome fa fa-bullseye qodef-icon qodef-e\" style=\"color: #0a0a0a;font-size:35px\" ><\/span>    <\/span>\t<\/div>\n\t<div class=\"qodef-m-content\">\n\t\t\t<h3 class=\"qodef-m-title\" style=\"color: #0a0a0a\">\n\t\t\t\t\t<span class=\"qodef-m-title-text\">EIN SCHL\u00dcSSELSERVICE F\u00dcR IHRE MARKETINGSTRATEGIE<\/span>\n\t\t\t<\/h3>\n\t\t\t<\/div>\n<\/div>[vc_column_text el_class=&#8220;black-txt&#8220;]Der internationale Call-Center-Service ist oft ein wertvoller Verb\u00fcndeter, um die Verbreitung der eigenen Marke zu verbessern und in andere L\u00e4nder vorzudringen.Wir beschr\u00e4nken uns darauf, Dienstleistungen und Produkte nur in dem Gebiet anzubieten, zu dem wir geh\u00f6ren (in diesem Fall Italien), aber heute stellt die \u00d6ffnung f\u00fcr internationale M\u00e4rkte eine g\u00fcltige und wirksame Hilfe dar, um den Umsatz zu steigern und vor allem die Bekanntheit der Marke zu verbreiten.<\/p>\n<p>Mit dem internationalen Call-Center-Service ist es m\u00f6glich, diese strategischen Ziele zu erreichen, ohne die klassischen Fehler zu riskieren, die auf unbekannten oder halb unbekannten M\u00e4rkten landen und negative Auswirkungen auf das gesamte Gesch\u00e4ftsprojekt haben k\u00f6nnten.[\/vc_column_text][\/vc_column_inner][vc_column_inner width=&#8220;1\/2&#8243; css=&#8220;.vc_custom_1592225648536{padding-right: 20px !important;}&#8220;][vc_single_image image=&#8220;6914&#8243; img_size=&#8220;full&#8220; alignment=&#8220;center&#8220;][\/vc_column_inner][\/vc_row_inner][vc_empty_space height=&#8220;65px&#8220;][vc_row_inner equal_height=&#8220;yes&#8220; content_placement=&#8220;middle&#8220; row_content_width=&#8220;grid&#8220; content_text_alignment=&#8220;left&#8220;][vc_column_inner width=&#8220;1\/2&#8243; css=&#8220;.vc_custom_1592225648536{padding-right: 20px !important;}&#8220;][vc_single_image image=&#8220;6919&#8243; img_size=&#8220;full&#8220; alignment=&#8220;center&#8220;][\/vc_column_inner][vc_column_inner width=&#8220;1\/2&#8243;][vc_empty_space height=&#8220;50px&#8220;]<div class=\"qodef-shortcode qodef-m icon-agency qodef-icon-with-text qodef-layout--before-content qodef--icon-pack  qodef--loading-animation\">\n\t<div class=\"qodef-m-icon-wrapper\">\n\t\t<span class=\"qodef-shortcode qodef-m  qodef-icon-holder qodef-size--medium qodef-layout--normal\"  >\t        <span class=\"qodef-icon-font-awesome fa fa-lightbulb qodef-icon qodef-e\" style=\"color: #0a0a0a;font-size:35px\" ><\/span>    <\/span>\t<\/div>\n\t<div class=\"qodef-m-content\">\n\t\t\t<h3 class=\"qodef-m-title\" style=\"color: #0a0a0a\">\n\t\t\t\t\t<span class=\"qodef-m-title-text\">DIE VERBREITUNG IHRER MARKE, ABER NICHT NUR<\/span>\n\t\t\t<\/h3>\n\t\t\t<\/div>\n<\/div>[vc_column_text el_class=&#8220;black-txt&#8220;]<\/p>\n<blockquote><p><strong>Der internationale Call-Center-Service erm\u00f6glicht es Ihnen, Ihren Markthorizont zu erweitern und auch auf die Besonderheiten des Landes zu achten, auf das das Angebot des Produkts\/der Dienstleistung ausgerichtet ist.<\/strong><\/p><\/blockquote>\n<p>Ein in Italien verkauftes Produkt\/eine Dienstleistung kann mit den richtigen Vorkehrungen auch optimal f\u00fcr den europ\u00e4ischen Markt sein und m\u00f6glicherweise auf der ganzen Welt verkauft werden. Dem Unternehmen wird die konkrete M\u00f6glichkeit geboten, sich ohne Fehler und Zeitverlust international bekannt zu machen.<\/p>\n<p>Der Entscheidung, sich auf einen internationalen Contact Center-Service zu verlassen, muss das Bewusstsein zugrunde liegen, sich an ein Team von Fachleuten zu wenden, die angemessen arbeiten und alles tun, um die besten Ergebnisse zu erzielen, ohne das Risiko einzugehen, nachteilige Bedingungen f\u00fcr das Gesch\u00e4ft zu schaffen.[\/vc_column_text][\/vc_column_inner][\/vc_row_inner][\/vc_column][\/vc_row][vc_row css=&#8220;.vc_custom_1675243744569{margin: 0px !important;padding: 0px !important;}&#8220;][vc_column][vc_empty_space height=&#8220;45px&#8220;][\/vc_column][\/vc_row][vc_row equal_height=&#8220;yes&#8220; content_placement=&#8220;middle&#8220; content_text_alignment=&#8220;center&#8220;][vc_column css=&#8220;.vc_custom_1542210878518{padding-top: 0px !important;}&#8220;]<h2 class=\"qodef-shortcode qodef-m  qodef-highlight \" style=\"color: #0a0a0a\">\n\t\t\t<span class=\"qodef-highlight-text\" data-highlight=\"#be0b01\" style=\"color: #ffffff\">DAS INTERNATIONALE CALL SERVICE CENTER POWERED BY GRUPPO BLENDIT<\/span>\t<\/h2>[\/vc_column][\/vc_row][vc_row equal_height=&#8220;yes&#8220; content_placement=&#8220;middle&#8220;][vc_column css=&#8220;.vc_custom_1542210878518{padding-top: 0px !important;}&#8220;][vc_empty_space height=&#8220;30px&#8220;][\/vc_column][\/vc_row][vc_row row_content_width=&#8220;grid&#8220;][vc_column width=&#8220;1\/3&#8243; css=&#8220;.vc_custom_1591187654932{margin-top: 0px !important;padding-top: 0px !important;}&#8220;]<div class=\"qodef-shortcode qodef-m  qodef-section-title qodef-alignment--left \">\n\t\t<h2 class=\"qodef-m-title\" >\n\t\t\t\t\tEIN MASSGESCHNEIDERTER CALL CENTER SERVICE_\t\t\t<\/h2>\n\t<\/div>[\/vc_column][vc_column width=&#8220;2\/3&#8243;]<div class=\"qodef-shortcode qodef-m icon-agency qodef-icon-with-text qodef-layout--before-content qodef--custom-icon qodef--icon-animation qodef--loading-animation\">\n\t<div class=\"qodef-m-icon-wrapper\">\n\t\t\t\t\t<img loading=\"lazy\" decoding=\"async\" width=\"75\" height=\"75\" src=\"https:\/\/www.bhype.it\/wp-content\/uploads\/2023\/02\/globe.png\" class=\"attachment-full size-full\" alt=\"\" \/>\t\t<\/div>\n\t<div class=\"qodef-m-content\">\n\t\t\t<h3 class=\"qodef-m-title\" style=\"color: #0a0a0a\">\n\t\t\t\t\t<span class=\"qodef-m-title-text\">INTERNATIONALISIERUNG UND AUSLANDSMARKT<\/span>\n\t\t\t<\/h3>\n\t\t\t<p class=\"qodef-m-text\" style=\"color: #333333\">Sind Sie daran interessiert, Ihr Gesch\u00e4ft im Ausland auszubauen?<\/p>\n\t<\/div>\n<\/div>[vc_empty_space height=&#8220;38px&#8220;][vc_column_text el_class=&#8220;black-txts&#8220;]Die Telefonisten von BHYPE, Experten f\u00fcr operatives Marketing, bieten einen optimalen Service und sind in der Lage, die Standards in Bezug auf Effizienz und Effektivit\u00e4t des Dienstes zu erf\u00fcllen.<\/p>\n<blockquote><p><strong>ERZIELEN SIE EIN GUTES ERGEBNIS MIT BHYPE REDUCING ERRORS<\/strong><\/p><\/blockquote>\n<p>Der internationale Callcenter-Service von BHYPE garantiert Ihnen:<\/p>\n<ul>\n<li><strong>Reduzierung der Verwaltungskosten<\/strong><\/li>\n<li><strong>erfahrene und hochprofessionelle muttersprachliche Operatoren<\/strong><\/li>\n<\/ul>\n<p><strong>Bhype<\/strong>\u00a0garantiert Unternehmen, die ihr Gesch\u00e4ft auf andere M\u00e4rkte ausdehnen m\u00f6chten, die beste L\u00f6sung: einen effektiven [\/vc_column_text][\/vc_column][\/vc_row][vc_row equal_height=&#8220;yes&#8220; content_placement=&#8220;middle&#8220;][vc_column css=&#8220;.vc_custom_1542210878518{padding-top: 0px !important;}&#8220;][vc_empty_space height=&#8220;30px&#8220;][\/vc_column][\/vc_row]<\/p>\n","protected":false},"excerpt":{"rendered":"<p>[vc_row full_width=&#8220;stretch_row_content_no_spaces&#8220; css=&#8220;.vc_custom_1678106822045{margin-right: 0px !important;margin-left: 0px !important;padding-right: 0px !important;padding-left: 0px !important;}&#8220;][vc_column][vc_single_image image=&#8220;7081&#8243; img_size=&#8220;full&#8220;][\/vc_column][\/vc_row][vc_row equal_height=&#8220;yes&#8220; content_placement=&#8220;middle&#8220; css=&#8220;.vc_custom_1677509557717{background-color: #ededed !important;}&#8220;][vc_column css=&#8220;.vc_custom_1542210878518{padding-top: 0px !important;}&#8220;][vc_empty_space height=&#8220;45px&#8220;][vc_column_text] WARUM EIN INTERNATIONALES CALL CENTER? [\/vc_column_text][vc_empty_space height=&#8220;45px&#8220;][vc_separator color=&#8220;custom&#8220; border_width=&#8220;5&#8243; el_class=&#8220;max-size&#8220; accent_color=&#8220;#ff5507&#8243;][\/vc_column][\/vc_row][vc_row content_text_alignment=&#8220;center&#8220; css=&#8220;.vc_custom_1675697116039{background-position: center !important;background-repeat: no-repeat !important;background-size: contain !important;}&#8220; el_class=&#8220;shadow-center&#8220;][vc_column css=&#8220;.vc_custom_1591187654932{margin-top: 0px !important;padding-top: 0px !important;}&#8220;][vc_empty_space height=&#8220;65px&#8220;][vc_row_inner equal_height=&#8220;yes&#8220; content_placement=&#8220;middle&#8220; row_content_width=&#8220;grid&#8220; content_text_alignment=&#8220;left&#8220;][vc_column_inner width=&#8220;1\/2&#8243;][vc_empty_space height=&#8220;25px&#8220;][vc_column_text el_class=&#8220;black-txt&#8220;]Der [&hellip;]<\/p>\n","protected":false},"author":1,"featured_media":0,"parent":0,"menu_order":0,"comment_status":"closed","ping_status":"closed","template":"page-full-width.php","meta":{"footnotes":""},"class_list":["post-7285","page","type-page","status-publish","hentry"],"yoast_head":"<!-- This site is optimized with the Yoast SEO plugin v25.8 - https:\/\/yoast.com\/wordpress\/plugins\/seo\/ -->\n<title>Internationales call center die ihr Gesch\u00e4ft auf M\u00e4rkte | Bhype<\/title>\n<meta name=\"description\" content=\"Internationale Call-Center-Dienste f\u00fcr Markenaufbau und Firmenkundengesch\u00e4ft im Ausland. Internationalisierung ohne Probleme\" \/>\n<meta name=\"robots\" content=\"index, follow, max-snippet:-1, max-image-preview:large, max-video-preview:-1\" \/>\n<link rel=\"canonical\" href=\"https:\/\/www.bhype.it\/de\/internationales-call-center\/\" \/>\n<meta property=\"og:locale\" content=\"de_DE\" \/>\n<meta property=\"og:type\" content=\"article\" \/>\n<meta property=\"og:title\" content=\"Internationales call center die ihr Gesch\u00e4ft auf M\u00e4rkte | Bhype\" \/>\n<meta property=\"og:description\" content=\"Internationale Call-Center-Dienste f\u00fcr Markenaufbau und Firmenkundengesch\u00e4ft im Ausland. Internationalisierung ohne Probleme\" \/>\n<meta property=\"og:url\" content=\"https:\/\/www.bhype.it\/de\/internationales-call-center\/\" \/>\n<meta property=\"og:site_name\" content=\"Bhype\" \/>\n<meta property=\"article:modified_time\" content=\"2023-03-06T12:55:23+00:00\" \/>\n<meta name=\"twitter:card\" content=\"summary_large_image\" \/>\n<meta name=\"twitter:label1\" content=\"Gesch\u00e4tzte Lesezeit\" \/>\n\t<meta name=\"twitter:data1\" content=\"3\u00a0Minuten\" \/>\n<script type=\"application\/ld+json\" class=\"yoast-schema-graph\">{\"@context\":\"https:\/\/schema.org\",\"@graph\":[{\"@type\":\"WebPage\",\"@id\":\"https:\/\/www.bhype.it\/de\/internationales-call-center\/\",\"url\":\"https:\/\/www.bhype.it\/de\/internationales-call-center\/\",\"name\":\"Internationales call center die ihr Gesch\u00e4ft auf M\u00e4rkte | Bhype\",\"isPartOf\":{\"@id\":\"https:\/\/www.bhype.it\/de\/#website\"},\"datePublished\":\"2023-02-06T08:55:23+00:00\",\"dateModified\":\"2023-03-06T12:55:23+00:00\",\"description\":\"Internationale Call-Center-Dienste f\u00fcr Markenaufbau und Firmenkundengesch\u00e4ft im Ausland. Internationalisierung ohne Probleme\",\"breadcrumb\":{\"@id\":\"https:\/\/www.bhype.it\/de\/internationales-call-center\/#breadcrumb\"},\"inLanguage\":\"de\",\"potentialAction\":[{\"@type\":\"ReadAction\",\"target\":[\"https:\/\/www.bhype.it\/de\/internationales-call-center\/\"]}]},{\"@type\":\"BreadcrumbList\",\"@id\":\"https:\/\/www.bhype.it\/de\/internationales-call-center\/#breadcrumb\",\"itemListElement\":[{\"@type\":\"ListItem\",\"position\":1,\"name\":\"Home\",\"item\":\"https:\/\/www.bhype.it\/de\/\"},{\"@type\":\"ListItem\",\"position\":2,\"name\":\"Internationales call center\"}]},{\"@type\":\"WebSite\",\"@id\":\"https:\/\/www.bhype.it\/de\/#website\",\"url\":\"https:\/\/www.bhype.it\/de\/\",\"name\":\"Bhype\",\"description\":\"\",\"publisher\":{\"@id\":\"https:\/\/www.bhype.it\/de\/#organization\"},\"potentialAction\":[{\"@type\":\"SearchAction\",\"target\":{\"@type\":\"EntryPoint\",\"urlTemplate\":\"https:\/\/www.bhype.it\/de\/?s={search_term_string}\"},\"query-input\":{\"@type\":\"PropertyValueSpecification\",\"valueRequired\":true,\"valueName\":\"search_term_string\"}}],\"inLanguage\":\"de\"},{\"@type\":\"Organization\",\"@id\":\"https:\/\/www.bhype.it\/de\/#organization\",\"name\":\"Bhype\",\"url\":\"https:\/\/www.bhype.it\/de\/\",\"logo\":{\"@type\":\"ImageObject\",\"inLanguage\":\"de\",\"@id\":\"https:\/\/www.bhype.it\/de\/#\/schema\/logo\/image\/\",\"url\":\"https:\/\/www.bhype.it\/wp-content\/uploads\/2020\/12\/logo-bhype-solo.png\",\"contentUrl\":\"https:\/\/www.bhype.it\/wp-content\/uploads\/2020\/12\/logo-bhype-solo.png\",\"width\":416,\"height\":128,\"caption\":\"Bhype\"},\"image\":{\"@id\":\"https:\/\/www.bhype.it\/de\/#\/schema\/logo\/image\/\"}}]}<\/script>\n<!-- \/ Yoast SEO plugin. -->","yoast_head_json":{"title":"Internationales call center die ihr Gesch\u00e4ft auf M\u00e4rkte | Bhype","description":"Internationale Call-Center-Dienste f\u00fcr Markenaufbau und Firmenkundengesch\u00e4ft im Ausland. Internationalisierung ohne Probleme","robots":{"index":"index","follow":"follow","max-snippet":"max-snippet:-1","max-image-preview":"max-image-preview:large","max-video-preview":"max-video-preview:-1"},"canonical":"https:\/\/www.bhype.it\/de\/internationales-call-center\/","og_locale":"de_DE","og_type":"article","og_title":"Internationales call center die ihr Gesch\u00e4ft auf M\u00e4rkte | Bhype","og_description":"Internationale Call-Center-Dienste f\u00fcr Markenaufbau und Firmenkundengesch\u00e4ft im Ausland. Internationalisierung ohne Probleme","og_url":"https:\/\/www.bhype.it\/de\/internationales-call-center\/","og_site_name":"Bhype","article_modified_time":"2023-03-06T12:55:23+00:00","twitter_card":"summary_large_image","twitter_misc":{"Gesch\u00e4tzte Lesezeit":"3\u00a0Minuten"},"schema":{"@context":"https:\/\/schema.org","@graph":[{"@type":"WebPage","@id":"https:\/\/www.bhype.it\/de\/internationales-call-center\/","url":"https:\/\/www.bhype.it\/de\/internationales-call-center\/","name":"Internationales call center die ihr Gesch\u00e4ft auf M\u00e4rkte | Bhype","isPartOf":{"@id":"https:\/\/www.bhype.it\/de\/#website"},"datePublished":"2023-02-06T08:55:23+00:00","dateModified":"2023-03-06T12:55:23+00:00","description":"Internationale Call-Center-Dienste f\u00fcr Markenaufbau und Firmenkundengesch\u00e4ft im Ausland. Internationalisierung ohne Probleme","breadcrumb":{"@id":"https:\/\/www.bhype.it\/de\/internationales-call-center\/#breadcrumb"},"inLanguage":"de","potentialAction":[{"@type":"ReadAction","target":["https:\/\/www.bhype.it\/de\/internationales-call-center\/"]}]},{"@type":"BreadcrumbList","@id":"https:\/\/www.bhype.it\/de\/internationales-call-center\/#breadcrumb","itemListElement":[{"@type":"ListItem","position":1,"name":"Home","item":"https:\/\/www.bhype.it\/de\/"},{"@type":"ListItem","position":2,"name":"Internationales call center"}]},{"@type":"WebSite","@id":"https:\/\/www.bhype.it\/de\/#website","url":"https:\/\/www.bhype.it\/de\/","name":"Bhype","description":"","publisher":{"@id":"https:\/\/www.bhype.it\/de\/#organization"},"potentialAction":[{"@type":"SearchAction","target":{"@type":"EntryPoint","urlTemplate":"https:\/\/www.bhype.it\/de\/?s={search_term_string}"},"query-input":{"@type":"PropertyValueSpecification","valueRequired":true,"valueName":"search_term_string"}}],"inLanguage":"de"},{"@type":"Organization","@id":"https:\/\/www.bhype.it\/de\/#organization","name":"Bhype","url":"https:\/\/www.bhype.it\/de\/","logo":{"@type":"ImageObject","inLanguage":"de","@id":"https:\/\/www.bhype.it\/de\/#\/schema\/logo\/image\/","url":"https:\/\/www.bhype.it\/wp-content\/uploads\/2020\/12\/logo-bhype-solo.png","contentUrl":"https:\/\/www.bhype.it\/wp-content\/uploads\/2020\/12\/logo-bhype-solo.png","width":416,"height":128,"caption":"Bhype"},"image":{"@id":"https:\/\/www.bhype.it\/de\/#\/schema\/logo\/image\/"}}]}},"_links":{"self":[{"href":"https:\/\/www.bhype.it\/de\/wp-json\/wp\/v2\/pages\/7285","targetHints":{"allow":["GET"]}}],"collection":[{"href":"https:\/\/www.bhype.it\/de\/wp-json\/wp\/v2\/pages"}],"about":[{"href":"https:\/\/www.bhype.it\/de\/wp-json\/wp\/v2\/types\/page"}],"author":[{"embeddable":true,"href":"https:\/\/www.bhype.it\/de\/wp-json\/wp\/v2\/users\/1"}],"replies":[{"embeddable":true,"href":"https:\/\/www.bhype.it\/de\/wp-json\/wp\/v2\/comments?post=7285"}],"version-history":[{"count":25,"href":"https:\/\/www.bhype.it\/de\/wp-json\/wp\/v2\/pages\/7285\/revisions"}],"predecessor-version":[{"id":7703,"href":"https:\/\/www.bhype.it\/de\/wp-json\/wp\/v2\/pages\/7285\/revisions\/7703"}],"wp:attachment":[{"href":"https:\/\/www.bhype.it\/de\/wp-json\/wp\/v2\/media?parent=7285"}],"curies":[{"name":"wp","href":"https:\/\/api.w.org\/{rel}","templated":true}]}}