{"id":7421,"date":"2023-02-02T16:28:51","date_gmt":"2023-02-02T15:28:51","guid":{"rendered":"https:\/\/www.bhype.it\/fare-indagini-di-mercato\/"},"modified":"2023-03-07T15:56:31","modified_gmt":"2023-03-07T14:56:31","slug":"marktuntersuchungen-durch","status":"publish","type":"page","link":"https:\/\/www.bhype.it\/de\/marktuntersuchungen-durch\/","title":{"rendered":"Marktuntersuchungen durch"},"content":{"rendered":"<p>[vc_row full_width=&#8220;stretch_row_content_no_spaces&#8220; css=&#8220;.vc_custom_1678200433092{margin-right: 0px !important;margin-left: 0px !important;padding-right: 0px !important;padding-left: 0px !important;}&#8220;][vc_column][vc_single_image image=&#8220;7081&#8243; img_size=&#8220;full&#8220;][\/vc_column][\/vc_row][vc_row equal_height=&#8220;yes&#8220; content_placement=&#8220;middle&#8220; css=&#8220;.vc_custom_1677510074446{background-color: #ededed !important;}&#8220;][vc_column css=&#8220;.vc_custom_1542210878518{padding-top: 0px !important;}&#8220;][vc_empty_space height=&#8220;45px&#8220;]<div class=\"qodef-shortcode qodef-m  qodef-section-title qodef-alignment--center \">\n\t\t<h2 class=\"qodef-m-title\" >\n\t\t\t\t\tF\u00dcHREN SIE MARKTUNTERSUCHUNGEN DURCH_\t\t\t<\/h2>\n\t<\/div>[vc_column_text]<\/p>\n<h3 style=\"text-align: center;\">PRODUKTE, DIENSTLEISTUNGEN UND VERBRAUCHERWAHRNEHMUNG<\/h3>\n<p>[\/vc_column_text][vc_empty_space height=&#8220;45px&#8220;][vc_separator color=&#8220;custom&#8220; border_width=&#8220;5&#8243; el_class=&#8220;max-size&#8220; accent_color=&#8220;#ff5507&#8243;][\/vc_column][\/vc_row][vc_row content_text_alignment=&#8220;center&#8220; css=&#8220;.vc_custom_1675697118408{background-position: center !important;background-repeat: no-repeat !important;background-size: contain !important;}&#8220; el_class=&#8220;shadow-center&#8220;][vc_column css=&#8220;.vc_custom_1591187654932{margin-top: 0px !important;padding-top: 0px !important;}&#8220;][vc_empty_space height=&#8220;65px&#8220;][vc_row_inner equal_height=&#8220;yes&#8220; content_placement=&#8220;middle&#8220; row_content_width=&#8220;grid&#8220; content_text_alignment=&#8220;left&#8220;][vc_column_inner width=&#8220;1\/2&#8243;]<h2 class=\"qodef-shortcode qodef-m  qodef-highlight \" style=\"color: #ffffff\">\n\t\t\t<span class=\"qodef-highlight-text\" data-highlight=\"#ff5507\" style=\"color: #ffffff\">UM WAS GEHT ES?<\/span>\t<\/h2>[vc_empty_space height=&#8220;25px&#8220;]<div class=\"qodef-shortcode qodef-m icon-agency qodef-icon-with-text qodef-layout--before-content qodef--icon-pack  qodef--loading-animation\">\n\t<div class=\"qodef-m-icon-wrapper\">\n\t\t<span class=\"qodef-shortcode qodef-m  qodef-icon-holder qodef-size--small qodef-layout--normal\"  >\t        <span class=\"qodef-icon-font-awesome fa fa-mobile qodef-icon qodef-e\" style=\"color: #0a0a0a;font-size:35px\" ><\/span>    <\/span>\t<\/div>\n\t<div class=\"qodef-m-content\">\n\t\t\t<h3 class=\"qodef-m-title\" style=\"color: #0a0a0a\">\n\t\t\t\t\t<span class=\"qodef-m-title-text\">VORTEILE VON MARKTUNTERSUCHUNGEN<\/span>\n\t\t\t<\/h3>\n\t\t\t<\/div>\n<\/div>[vc_column_text el_class=&#8220;black-txt&#8220;]Marktstudien dienen und sind f\u00fcr das Unternehmen sinnvoll, den Verbraucher und sein Handeln zu verstehen. Es ist eine Marketingstrategie, die verwendet wird, um die Bed\u00fcrfnisse der letzteren in Bezug auf eine Dienstleistung oder ein bestimmtes Produkt zu verstehen.<\/p>\n<p>Auf rein operativer Ebene geht es um die Erhebung konkreter Daten durch den Einsatz statistischer Tools mit dem Ziel, den Entscheidungstr\u00e4gern in Unternehmen Informationen \u00fcber das Potenzial des durchgef\u00fchrten Projekts zu dessen Umsetzung zu liefern, wo es f\u00fcr notwendig erachtet wird, die richtigen Modifikationen durchzuf\u00fchren, um erfolgreich zu sein.<\/p>\n<p>Eine hervorragend durchgef\u00fchrte und durchgef\u00fchrte Marktuntersuchung erm\u00f6glicht es Ihnen, die Sprache des Verbrauchers lesen zu lernen. Ein leistungsstarkes Tool, das die Beschreibung der befragten \u00d6ffentlichkeit in Bezug auf die vorgeschlagene und\/oder gew\u00fcnschte Dienstleistung oder das Produkt nutzt.[\/vc_column_text][\/vc_column_inner][vc_column_inner width=&#8220;1\/2&#8243; css=&#8220;.vc_custom_1592225648536{padding-right: 20px !important;}&#8220;][vc_single_image image=&#8220;6934&#8243; img_size=&#8220;full&#8220; alignment=&#8220;center&#8220;][\/vc_column_inner][\/vc_row_inner][vc_empty_space height=&#8220;65px&#8220;][vc_row_inner equal_height=&#8220;yes&#8220; content_placement=&#8220;middle&#8220; row_content_width=&#8220;grid&#8220; content_text_alignment=&#8220;left&#8220;][vc_column_inner width=&#8220;1\/2&#8243; css=&#8220;.vc_custom_1592225648536{padding-right: 20px !important;}&#8220;][vc_single_image image=&#8220;6939&#8243; img_size=&#8220;full&#8220; alignment=&#8220;center&#8220;][\/vc_column_inner][vc_column_inner width=&#8220;1\/2&#8243;][vc_empty_space height=&#8220;50px&#8220;]<div class=\"qodef-shortcode qodef-m icon-agency qodef-icon-with-text qodef-layout--before-content qodef--icon-pack  qodef--loading-animation\">\n\t<div class=\"qodef-m-icon-wrapper\">\n\t\t<span class=\"qodef-shortcode qodef-m  qodef-icon-holder qodef-size--medium qodef-layout--normal\"  >\t        <span class=\"qodef-icon-font-awesome fa fa-star qodef-icon qodef-e\" style=\"color: #0a0a0a;font-size:35px\" ><\/span>    <\/span>\t<\/div>\n\t<div class=\"qodef-m-content\">\n\t\t\t<h3 class=\"qodef-m-title\" style=\"color: #0a0a0a\">\n\t\t\t\t\t<span class=\"qodef-m-title-text\">DEN MARKT EINSCHAETZEN<\/span>\n\t\t\t<\/h3>\n\t\t\t<\/div>\n<\/div>[vc_column_text el_class=&#8220;black-txt&#8220;]Aus unternehmerischer Sicht hilft der Einbezug von Marktstudien festzustellen: welches Produkt besser zu entwickeln und vor allem zu welchem Preis zu verkaufen ist.<\/p>\n<p>Es ist ein intelligenter Weg, wenn Sie neue M\u00e4rkte erschlie\u00dfen m\u00f6chten: Die Verwaltung telefonischer Befragungen durch qualifiziertes und muttersprachliches Personal erm\u00f6glicht es Ihnen, die sprachlichen und kulturellen Nuancen des Landes, in dem Sie Ihr Gesch\u00e4ftsvorhaben entwickeln m\u00f6chten, besser zu verstehen.<\/p>\n<p>Auf Unternehmensebene ist das Verst\u00e4ndnis der Bed\u00fcrfnisse des Referenzmarktes vor und besser als andere eine Quelle des Wettbewerbsvorteils und macht den Unterschied in Bezug auf den Erfolg aus. Tats\u00e4chlich sammeln Marktstudien wertvolle Informationen, die von Unternehmern auf der Ebene der Strategiedefinition verwendet werden k\u00f6nnen.[\/vc_column_text][\/vc_column_inner][\/vc_row_inner][\/vc_column][\/vc_row][vc_row css=&#8220;.vc_custom_1675243744569{margin: 0px !important;padding: 0px !important;}&#8220;][vc_column][vc_empty_space height=&#8220;45px&#8220;][\/vc_column][\/vc_row][vc_row equal_height=&#8220;yes&#8220; content_placement=&#8220;middle&#8220; content_text_alignment=&#8220;center&#8220;][vc_column css=&#8220;.vc_custom_1542210878518{padding-top: 0px !important;}&#8220;]<h2 class=\"qodef-shortcode qodef-m  qodef-highlight \" style=\"color: #0a0a0a\">\n\t\t\t<span class=\"qodef-highlight-text\" data-highlight=\"#be0b01\" style=\"color: #ffffff\">DER BHYPE-MARKTUNTERSUCHUNGSSERVICE, UNTERST\u00dcTZT VON DER BLENDIT-GRUPPE<\/span>\t<\/h2>[\/vc_column][\/vc_row][vc_row equal_height=&#8220;yes&#8220; content_placement=&#8220;middle&#8220;][vc_column css=&#8220;.vc_custom_1542210878518{padding-top: 0px !important;}&#8220;][vc_empty_space height=&#8220;30px&#8220;][\/vc_column][\/vc_row][vc_row row_content_width=&#8220;grid&#8220;][vc_column width=&#8220;1\/3&#8243; css=&#8220;.vc_custom_1591187654932{margin-top: 0px !important;padding-top: 0px !important;}&#8220;]<div class=\"qodef-shortcode qodef-m  qodef-section-title qodef-alignment--left \">\n\t\t<h2 class=\"qodef-m-title\" >\n\t\t\t\t\tKENNEN SIE DIE NACHFRAGE, UM DEN MARKT ZU KENNEN\t\t\t<\/h2>\n\t<\/div>[\/vc_column][vc_column width=&#8220;2\/3&#8243;]<div class=\"qodef-shortcode qodef-m icon-agency qodef-icon-with-text qodef-layout--before-content qodef--custom-icon qodef--icon-animation qodef--loading-animation\">\n\t<div class=\"qodef-m-icon-wrapper\">\n\t\t\t\t\t<img loading=\"lazy\" decoding=\"async\" width=\"75\" height=\"75\" src=\"https:\/\/www.bhype.it\/wp-content\/uploads\/2023\/02\/star.png\" class=\"attachment-full size-full\" alt=\"\" \/>\t\t<\/div>\n\t<div class=\"qodef-m-content\">\n\t\t\t<h3 class=\"qodef-m-title\" style=\"color: #0a0a0a\">\n\t\t\t\t\t<span class=\"qodef-m-title-text\">UNTERNEHMENSBEWERTUNG<\/span>\n\t\t\t<\/h3>\n\t\t\t<p class=\"qodef-m-text\" style=\"color: #333333\">Wie wichtig ist es f\u00fcr Ihr Unternehmen, eine Marktstudie durchzuf\u00fchren?<\/p>\n\t<\/div>\n<\/div>[vc_column_text el_class=&#8220;black-txt&#8220; css=&#8220;.vc_custom_1678200831001{padding-left: 45px !important;}&#8220;]Um Ihre Dienstleistungen oder Produkte mit maximalem Gewinn verkaufen zu k\u00f6nnen, ist es unerl\u00e4sslich, dem Verbraucher genau zu erkl\u00e4ren, warum das Angebot des Unternehmens die ideale L\u00f6sung f\u00fcr ein bestimmtes Problem oder einen bestimmten Bedarf darstellt.[\/vc_column_text][vc_empty_space height=&#8220;38px&#8220;]<div class=\"qodef-shortcode qodef-m icon-agency qodef-icon-with-text qodef-layout--before-content qodef--custom-icon qodef--icon-animation qodef--loading-animation\">\n\t<div class=\"qodef-m-icon-wrapper\">\n\t\t\t\t\t<img loading=\"lazy\" decoding=\"async\" width=\"75\" height=\"75\" src=\"https:\/\/www.bhype.it\/wp-content\/uploads\/2023\/02\/ricerca1.png\" class=\"attachment-full size-full\" alt=\"\" \/>\t\t<\/div>\n\t<div class=\"qodef-m-content\">\n\t\t\t<h3 class=\"qodef-m-title\" style=\"color: #0a0a0a\">\n\t\t\t\t\t<span class=\"qodef-m-title-text\">BHYPE MARKTUNTERSUCHUNGEN<\/span>\n\t\t\t<\/h3>\n\t\t\t<\/div>\n<\/div>[vc_column_text el_class=&#8220;black-txt&#8220; css=&#8220;.vc_custom_1678200922835{padding-left: 45px !important;}&#8220;]Wir stellen Ihnen die Professionalit\u00e4t und Erfahrung unserer Marketingexperten zur Verf\u00fcgung, um drei grundlegende Aspekte zu beleuchten:<br \/>\n\u2022 Was fragt Sie Ihr Ziel?<br \/>\n\u2022 Was Sie vorschlagen k\u00f6nnen, um ihre Bed\u00fcrfnisse zu erf\u00fcllen<br \/>\n\u2022 Wie man der Zielperson verst\u00e4ndlich macht, dass Ihr Service f\u00fcr sie am besten geeignet istWir helfen Ihnen auch:<br \/>\n\u2022 Identifizieren Sie die richtige Positionierung innerhalb des Referenzmarktes<br \/>\n\u2022 Antizipieren Sie Markttrends, bevor sie auftreten<br \/>\n\u2022 Legen Sie die Preisspanne fest, zu der Sie Ihr Produkt\/Ihre Dienstleistung anbieten m\u00f6chten[\/vc_column_text][\/vc_column][\/vc_row][vc_row equal_height=&#8220;yes&#8220; content_placement=&#8220;middle&#8220;][vc_column css=&#8220;.vc_custom_1542210878518{padding-top: 0px !important;}&#8220;][vc_empty_space height=&#8220;30px&#8220;][\/vc_column][\/vc_row]<\/p>\n","protected":false},"excerpt":{"rendered":"<p>[vc_row full_width=&#8220;stretch_row_content_no_spaces&#8220; css=&#8220;.vc_custom_1678200433092{margin-right: 0px !important;margin-left: 0px !important;padding-right: 0px !important;padding-left: 0px !important;}&#8220;][vc_column][vc_single_image image=&#8220;7081&#8243; img_size=&#8220;full&#8220;][\/vc_column][\/vc_row][vc_row equal_height=&#8220;yes&#8220; content_placement=&#8220;middle&#8220; css=&#8220;.vc_custom_1677510074446{background-color: #ededed !important;}&#8220;][vc_column css=&#8220;.vc_custom_1542210878518{padding-top: 0px !important;}&#8220;][vc_empty_space height=&#8220;45px&#8220;][vc_column_text] PRODUKTE, DIENSTLEISTUNGEN UND VERBRAUCHERWAHRNEHMUNG [\/vc_column_text][vc_empty_space height=&#8220;45px&#8220;][vc_separator color=&#8220;custom&#8220; border_width=&#8220;5&#8243; el_class=&#8220;max-size&#8220; accent_color=&#8220;#ff5507&#8243;][\/vc_column][\/vc_row][vc_row content_text_alignment=&#8220;center&#8220; css=&#8220;.vc_custom_1675697118408{background-position: center !important;background-repeat: no-repeat !important;background-size: contain !important;}&#8220; el_class=&#8220;shadow-center&#8220;][vc_column css=&#8220;.vc_custom_1591187654932{margin-top: 0px !important;padding-top: 0px !important;}&#8220;][vc_empty_space height=&#8220;65px&#8220;][vc_row_inner equal_height=&#8220;yes&#8220; content_placement=&#8220;middle&#8220; row_content_width=&#8220;grid&#8220; content_text_alignment=&#8220;left&#8220;][vc_column_inner width=&#8220;1\/2&#8243;][vc_empty_space height=&#8220;25px&#8220;][vc_column_text el_class=&#8220;black-txt&#8220;]Marktstudien dienen [&hellip;]<\/p>\n","protected":false},"author":1,"featured_media":0,"parent":0,"menu_order":0,"comment_status":"closed","ping_status":"closed","template":"page-full-width.php","meta":{"footnotes":""},"class_list":["post-7421","page","type-page","status-publish","hentry"],"yoast_head":"<!-- This site is optimized with the Yoast SEO plugin v25.8 - https:\/\/yoast.com\/wordpress\/plugins\/seo\/ -->\n<title>Marktstudien dienen und sind f\u00fcr das Unternehmen sinnvoll | Bhype<\/title>\n<meta name=\"description\" content=\"Es ist eine Marketingstrategie, die verwendet wird, um die Bed\u00fcrfnisse der letzteren in Bezug auf eine Dienstleistung oder ein bestimmtes\" \/>\n<meta name=\"robots\" content=\"index, follow, max-snippet:-1, max-image-preview:large, max-video-preview:-1\" \/>\n<link rel=\"canonical\" href=\"https:\/\/www.bhype.it\/de\/marktuntersuchungen-durch\/\" \/>\n<meta property=\"og:locale\" content=\"de_DE\" \/>\n<meta property=\"og:type\" content=\"article\" \/>\n<meta property=\"og:title\" content=\"Marktstudien dienen und sind f\u00fcr das Unternehmen sinnvoll | Bhype\" \/>\n<meta property=\"og:description\" content=\"Es ist eine Marketingstrategie, die verwendet wird, um die Bed\u00fcrfnisse der letzteren in Bezug auf eine Dienstleistung oder ein bestimmtes\" \/>\n<meta property=\"og:url\" content=\"https:\/\/www.bhype.it\/de\/marktuntersuchungen-durch\/\" \/>\n<meta property=\"og:site_name\" content=\"Bhype\" \/>\n<meta property=\"article:modified_time\" content=\"2023-03-07T14:56:31+00:00\" \/>\n<meta name=\"twitter:card\" content=\"summary_large_image\" \/>\n<meta name=\"twitter:label1\" content=\"Gesch\u00e4tzte Lesezeit\" \/>\n\t<meta name=\"twitter:data1\" content=\"4\u00a0Minuten\" \/>\n<script type=\"application\/ld+json\" class=\"yoast-schema-graph\">{\"@context\":\"https:\/\/schema.org\",\"@graph\":[{\"@type\":\"WebPage\",\"@id\":\"https:\/\/www.bhype.it\/de\/marktuntersuchungen-durch\/\",\"url\":\"https:\/\/www.bhype.it\/de\/marktuntersuchungen-durch\/\",\"name\":\"Marktstudien dienen und sind f\u00fcr das Unternehmen sinnvoll | Bhype\",\"isPartOf\":{\"@id\":\"https:\/\/www.bhype.it\/de\/#website\"},\"datePublished\":\"2023-02-02T15:28:51+00:00\",\"dateModified\":\"2023-03-07T14:56:31+00:00\",\"description\":\"Es ist eine Marketingstrategie, die verwendet wird, um die Bed\u00fcrfnisse der letzteren in Bezug auf eine Dienstleistung oder ein bestimmtes\",\"breadcrumb\":{\"@id\":\"https:\/\/www.bhype.it\/de\/marktuntersuchungen-durch\/#breadcrumb\"},\"inLanguage\":\"de\",\"potentialAction\":[{\"@type\":\"ReadAction\",\"target\":[\"https:\/\/www.bhype.it\/de\/marktuntersuchungen-durch\/\"]}]},{\"@type\":\"BreadcrumbList\",\"@id\":\"https:\/\/www.bhype.it\/de\/marktuntersuchungen-durch\/#breadcrumb\",\"itemListElement\":[{\"@type\":\"ListItem\",\"position\":1,\"name\":\"Home\",\"item\":\"https:\/\/www.bhype.it\/de\/\"},{\"@type\":\"ListItem\",\"position\":2,\"name\":\"Marktuntersuchungen durch\"}]},{\"@type\":\"WebSite\",\"@id\":\"https:\/\/www.bhype.it\/de\/#website\",\"url\":\"https:\/\/www.bhype.it\/de\/\",\"name\":\"Bhype\",\"description\":\"\",\"publisher\":{\"@id\":\"https:\/\/www.bhype.it\/de\/#organization\"},\"potentialAction\":[{\"@type\":\"SearchAction\",\"target\":{\"@type\":\"EntryPoint\",\"urlTemplate\":\"https:\/\/www.bhype.it\/de\/?s={search_term_string}\"},\"query-input\":{\"@type\":\"PropertyValueSpecification\",\"valueRequired\":true,\"valueName\":\"search_term_string\"}}],\"inLanguage\":\"de\"},{\"@type\":\"Organization\",\"@id\":\"https:\/\/www.bhype.it\/de\/#organization\",\"name\":\"Bhype\",\"url\":\"https:\/\/www.bhype.it\/de\/\",\"logo\":{\"@type\":\"ImageObject\",\"inLanguage\":\"de\",\"@id\":\"https:\/\/www.bhype.it\/de\/#\/schema\/logo\/image\/\",\"url\":\"https:\/\/www.bhype.it\/wp-content\/uploads\/2020\/12\/logo-bhype-solo.png\",\"contentUrl\":\"https:\/\/www.bhype.it\/wp-content\/uploads\/2020\/12\/logo-bhype-solo.png\",\"width\":416,\"height\":128,\"caption\":\"Bhype\"},\"image\":{\"@id\":\"https:\/\/www.bhype.it\/de\/#\/schema\/logo\/image\/\"}}]}<\/script>\n<!-- \/ Yoast SEO plugin. -->","yoast_head_json":{"title":"Marktstudien dienen und sind f\u00fcr das Unternehmen sinnvoll | Bhype","description":"Es ist eine Marketingstrategie, die verwendet wird, um die Bed\u00fcrfnisse der letzteren in Bezug auf eine Dienstleistung oder ein bestimmtes","robots":{"index":"index","follow":"follow","max-snippet":"max-snippet:-1","max-image-preview":"max-image-preview:large","max-video-preview":"max-video-preview:-1"},"canonical":"https:\/\/www.bhype.it\/de\/marktuntersuchungen-durch\/","og_locale":"de_DE","og_type":"article","og_title":"Marktstudien dienen und sind f\u00fcr das Unternehmen sinnvoll | Bhype","og_description":"Es ist eine Marketingstrategie, die verwendet wird, um die Bed\u00fcrfnisse der letzteren in Bezug auf eine Dienstleistung oder ein bestimmtes","og_url":"https:\/\/www.bhype.it\/de\/marktuntersuchungen-durch\/","og_site_name":"Bhype","article_modified_time":"2023-03-07T14:56:31+00:00","twitter_card":"summary_large_image","twitter_misc":{"Gesch\u00e4tzte Lesezeit":"4\u00a0Minuten"},"schema":{"@context":"https:\/\/schema.org","@graph":[{"@type":"WebPage","@id":"https:\/\/www.bhype.it\/de\/marktuntersuchungen-durch\/","url":"https:\/\/www.bhype.it\/de\/marktuntersuchungen-durch\/","name":"Marktstudien dienen und sind f\u00fcr das Unternehmen sinnvoll | Bhype","isPartOf":{"@id":"https:\/\/www.bhype.it\/de\/#website"},"datePublished":"2023-02-02T15:28:51+00:00","dateModified":"2023-03-07T14:56:31+00:00","description":"Es ist eine Marketingstrategie, die verwendet wird, um die Bed\u00fcrfnisse der letzteren in Bezug auf eine Dienstleistung oder ein bestimmtes","breadcrumb":{"@id":"https:\/\/www.bhype.it\/de\/marktuntersuchungen-durch\/#breadcrumb"},"inLanguage":"de","potentialAction":[{"@type":"ReadAction","target":["https:\/\/www.bhype.it\/de\/marktuntersuchungen-durch\/"]}]},{"@type":"BreadcrumbList","@id":"https:\/\/www.bhype.it\/de\/marktuntersuchungen-durch\/#breadcrumb","itemListElement":[{"@type":"ListItem","position":1,"name":"Home","item":"https:\/\/www.bhype.it\/de\/"},{"@type":"ListItem","position":2,"name":"Marktuntersuchungen durch"}]},{"@type":"WebSite","@id":"https:\/\/www.bhype.it\/de\/#website","url":"https:\/\/www.bhype.it\/de\/","name":"Bhype","description":"","publisher":{"@id":"https:\/\/www.bhype.it\/de\/#organization"},"potentialAction":[{"@type":"SearchAction","target":{"@type":"EntryPoint","urlTemplate":"https:\/\/www.bhype.it\/de\/?s={search_term_string}"},"query-input":{"@type":"PropertyValueSpecification","valueRequired":true,"valueName":"search_term_string"}}],"inLanguage":"de"},{"@type":"Organization","@id":"https:\/\/www.bhype.it\/de\/#organization","name":"Bhype","url":"https:\/\/www.bhype.it\/de\/","logo":{"@type":"ImageObject","inLanguage":"de","@id":"https:\/\/www.bhype.it\/de\/#\/schema\/logo\/image\/","url":"https:\/\/www.bhype.it\/wp-content\/uploads\/2020\/12\/logo-bhype-solo.png","contentUrl":"https:\/\/www.bhype.it\/wp-content\/uploads\/2020\/12\/logo-bhype-solo.png","width":416,"height":128,"caption":"Bhype"},"image":{"@id":"https:\/\/www.bhype.it\/de\/#\/schema\/logo\/image\/"}}]}},"_links":{"self":[{"href":"https:\/\/www.bhype.it\/de\/wp-json\/wp\/v2\/pages\/7421","targetHints":{"allow":["GET"]}}],"collection":[{"href":"https:\/\/www.bhype.it\/de\/wp-json\/wp\/v2\/pages"}],"about":[{"href":"https:\/\/www.bhype.it\/de\/wp-json\/wp\/v2\/types\/page"}],"author":[{"embeddable":true,"href":"https:\/\/www.bhype.it\/de\/wp-json\/wp\/v2\/users\/1"}],"replies":[{"embeddable":true,"href":"https:\/\/www.bhype.it\/de\/wp-json\/wp\/v2\/comments?post=7421"}],"version-history":[{"count":6,"href":"https:\/\/www.bhype.it\/de\/wp-json\/wp\/v2\/pages\/7421\/revisions"}],"predecessor-version":[{"id":7714,"href":"https:\/\/www.bhype.it\/de\/wp-json\/wp\/v2\/pages\/7421\/revisions\/7714"}],"wp:attachment":[{"href":"https:\/\/www.bhype.it\/de\/wp-json\/wp\/v2\/media?parent=7421"}],"curies":[{"name":"wp","href":"https:\/\/api.w.org\/{rel}","templated":true}]}}