{"id":7433,"date":"2023-02-02T15:45:09","date_gmt":"2023-02-02T14:45:09","guid":{"rendered":"https:\/\/www.bhype.it\/servizi-di-contact-center\/"},"modified":"2023-03-07T15:44:28","modified_gmt":"2023-03-07T14:44:28","slug":"contact-center-dienste","status":"publish","type":"page","link":"https:\/\/www.bhype.it\/de\/contact-center-dienste\/","title":{"rendered":"Contact center dienste"},"content":{"rendered":"<p>[vc_row full_width=&#8220;stretch_row_content_no_spaces&#8220; css=&#8220;.vc_custom_1678107471004{margin-right: 0px !important;margin-left: 0px !important;padding-right: 0px !important;padding-left: 0px !important;}&#8220;][vc_column][vc_single_image image=&#8220;7081&#8243; img_size=&#8220;full&#8220;][\/vc_column][\/vc_row][vc_row equal_height=&#8220;yes&#8220; content_placement=&#8220;middle&#8220;][vc_column css=&#8220;.vc_custom_1542210878518{padding-top: 0px !important;}&#8220;][vc_empty_space height=&#8220;45px&#8220;]<div class=\"qodef-shortcode qodef-m  qodef-section-title qodef-alignment--center \">\n\t\t<h2 class=\"qodef-m-title\" >\n\t\t\t\t\tDIENSTLEISTUNGEN DES KONTAKTZENTRUMS_\t\t\t<\/h2>\n\t<\/div>[vc_column_text]<\/p>\n<h3 style=\"text-align: center;\">DAS ERWEITERTE UND INTEGRIERTE CALL CENTER<\/h3>\n<p>[\/vc_column_text][vc_empty_space height=&#8220;45px&#8220;][vc_separator color=&#8220;custom&#8220; border_width=&#8220;5&#8243; el_class=&#8220;max-size&#8220; accent_color=&#8220;#ff5507&#8243;][\/vc_column][\/vc_row][vc_row content_text_alignment=&#8220;center&#8220; css=&#8220;.vc_custom_1675697117445{background-position: center !important;background-repeat: no-repeat !important;background-size: contain !important;}&#8220; el_class=&#8220;shadow-center&#8220;][vc_column css=&#8220;.vc_custom_1591187654932{margin-top: 0px !important;padding-top: 0px !important;}&#8220;][vc_empty_space height=&#8220;65px&#8220;][vc_row_inner equal_height=&#8220;yes&#8220; content_placement=&#8220;middle&#8220; row_content_width=&#8220;grid&#8220; content_text_alignment=&#8220;left&#8220;][vc_column_inner width=&#8220;1\/2&#8243;]<h2 class=\"qodef-shortcode qodef-m  qodef-highlight \" style=\"color: #ffffff\">\n\t\t\t<span class=\"qodef-highlight-text\" data-highlight=\"#ff5507\" style=\"color: #ffffff\">WORUM GEHT ES?<\/span>\t<\/h2>[vc_empty_space height=&#8220;25px&#8220;]<div class=\"qodef-shortcode qodef-m icon-agency qodef-icon-with-text qodef-layout--before-content qodef--icon-pack  qodef--loading-animation\">\n\t<div class=\"qodef-m-icon-wrapper\">\n\t\t<span class=\"qodef-shortcode qodef-m  qodef-icon-holder qodef-size--small qodef-layout--normal\"  >\t        <span class=\"qodef-icon-font-awesome fa fa-headphones qodef-icon qodef-e\" style=\"color: #0a0a0a;font-size:35px\" ><\/span>    <\/span>\t<\/div>\n\t<div class=\"qodef-m-content\">\n\t\t\t<h3 class=\"qodef-m-title\" style=\"color: #0a0a0a\">\n\t\t\t\t\t<span class=\"qodef-m-title-text\">DIENSTLEISTUNGEN DES KONTAKTZENTRUMS<\/span>\n\t\t\t<\/h3>\n\t\t\t<\/div>\n<\/div>[vc_column_text el_class=&#8220;black-txt&#8220;]Contact-Center-Dienste k\u00f6nnen in Bezug auf die Beziehung zu Kontakten und die Integration von Diensten als Weiterentwicklung des klassischen Call-Centers betrachtet werden. Der traditionelle einfache Anrufservice (<em>zum und vom Unternehmen<\/em>) wird durch Kommunikationstools und Kan\u00e4le f\u00fcr das Beziehungsmanagement unterst\u00fctzt: Traditionelle und Web-Technologie integrieren sich ineinander.<\/p>\n<p>Sie kombinieren traditionelles Anrufmanagement (<em>eingehend und ausgehend<\/em>) mit einer Reihe zus\u00e4tzlicher Aktivit\u00e4ten, einschlie\u00dflich Analysen.<br \/>\nDank des Einsatzes innovativer Managementsoftware wird der Fortschritt der Marketingaktion in Echtzeit verfolgt und \u00fcberwacht. Die von den Technikern entwickelte vertikale Verwaltungssoftware ist Contact Manager.[\/vc_column_text][\/vc_column_inner][vc_column_inner width=&#8220;1\/2&#8243; css=&#8220;.vc_custom_1592225648536{padding-right: 20px !important;}&#8220;][vc_single_image image=&#8220;6979&#8243; img_size=&#8220;full&#8220; alignment=&#8220;center&#8220;][\/vc_column_inner][\/vc_row_inner][vc_empty_space height=&#8220;65px&#8220;][vc_row_inner equal_height=&#8220;yes&#8220; content_placement=&#8220;middle&#8220; row_content_width=&#8220;grid&#8220; content_text_alignment=&#8220;left&#8220;][vc_column_inner width=&#8220;1\/2&#8243; css=&#8220;.vc_custom_1592225648536{padding-right: 20px !important;}&#8220;][vc_single_image image=&#8220;6974&#8243; img_size=&#8220;full&#8220; alignment=&#8220;center&#8220;][\/vc_column_inner][vc_column_inner width=&#8220;1\/2&#8243;][vc_empty_space height=&#8220;50px&#8220;]<div class=\"qodef-shortcode qodef-m icon-agency qodef-icon-with-text qodef-layout--before-content qodef--icon-pack  qodef--loading-animation\">\n\t<div class=\"qodef-m-icon-wrapper\">\n\t\t<span class=\"qodef-shortcode qodef-m  qodef-icon-holder qodef-size--medium qodef-layout--normal\"  >\t        <span class=\"qodef-icon-font-awesome fa fa-phone qodef-icon qodef-e\" style=\"color: #0a0a0a;font-size:35px\" ><\/span>    <\/span>\t<\/div>\n\t<div class=\"qodef-m-content\">\n\t\t\t<h3 class=\"qodef-m-title\" style=\"color: #0a0a0a\">\n\t\t\t\t\t<span class=\"qodef-m-title-text\">DER CONTACT CENTER SERVICE WURDE MIT EINEM SPEZIFISCHEN ZWECK GEGRUENDET:<\/span>\n\t\t\t<\/h3>\n\t\t\t<\/div>\n<\/div>[vc_column_text el_class=&#8220;black-txt&#8220;]Geben Sie dem Unternehmen, das es nutzt, die M\u00f6glichkeit, Leads zu generieren und Termine zu vereinbaren, um sein Produkt \/ seine Dienstleistung an den potenziellen K\u00e4ufer zu verkaufen. Der Contact Center-Service bietet auch alle notwendigen und n\u00fctzlichen technischen Hilfestellungen zur Unterst\u00fctzung Ihres Unternehmens[\/vc_column_text][\/vc_column_inner][\/vc_row_inner][\/vc_column][\/vc_row][vc_row css=&#8220;.vc_custom_1675243744569{margin: 0px !important;padding: 0px !important;}&#8220;][vc_column][vc_empty_space height=&#8220;100px&#8220;][\/vc_column][\/vc_row][vc_row equal_height=&#8220;yes&#8220; content_placement=&#8220;middle&#8220; content_text_alignment=&#8220;center&#8220;][vc_column css=&#8220;.vc_custom_1542210878518{padding-top: 0px !important;}&#8220;]<h2 class=\"qodef-shortcode qodef-m  qodef-highlight \" style=\"color: #0a0a0a\">\n\t\t\t<span class=\"qodef-highlight-text\" data-highlight=\"#be0b01\" style=\"color: #ffffff\">DER BHYPE CONTACT CENTER SERVICE POWERED BY BLENDIT GROUP<br \/>\nDER KUNDE STEHT IM MITTELPUNKT UNSERER AUFMERKSAMKEIT!<\/span>\t<\/h2>[vc_empty_space height=&#8220;100px&#8220;][\/vc_column][\/vc_row][vc_row row_content_width=&#8220;grid&#8220;][vc_column width=&#8220;1\/3&#8243; css=&#8220;.vc_custom_1591187654932{margin-top: 0px !important;padding-top: 0px !important;}&#8220;]<div class=\"qodef-shortcode qodef-m  qodef-section-title qodef-alignment--left \">\n\t\t<h2 class=\"qodef-m-title\" >\n\t\t\t\t\tKUNDENZENTRALIT\u00c4T\t\t\t<\/h2>\n\t<\/div>[\/vc_column][vc_column width=&#8220;2\/3&#8243;]<div class=\"qodef-shortcode qodef-m icon-agency qodef-icon-with-text qodef-layout--before-content qodef--custom-icon qodef--icon-animation qodef--loading-animation\">\n\t<div class=\"qodef-m-icon-wrapper\">\n\t\t\t\t\t<img loading=\"lazy\" decoding=\"async\" width=\"75\" height=\"75\" src=\"https:\/\/www.bhype.it\/wp-content\/uploads\/2020\/06\/cliente.png\" class=\"attachment-full size-full\" alt=\"\" \/>\t\t<\/div>\n\t<div class=\"qodef-m-content\">\n\t\t\t<h3 class=\"qodef-m-title\" style=\"color: #0a0a0a\">\n\t\t\t\t\t<span class=\"qodef-m-title-text\">PFLEGE DES DETAILS<\/span>\n\t\t\t<\/h3>\n\t\t\t<p class=\"qodef-m-text\" style=\"color: #333333\">Wir \u00fcberlassen nichts dem Zufall. Immer dabei: von der Beratungs- und Analysephase bis zur Implementierungs- und Nachbereitungsphase.<\/p>\n\t<\/div>\n<\/div>[vc_empty_space height=&#8220;38px&#8220;]<div class=\"qodef-shortcode qodef-m icon-agency qodef-icon-with-text qodef-layout--before-content qodef--custom-icon qodef--icon-animation qodef--loading-animation\">\n\t<div class=\"qodef-m-icon-wrapper\">\n\t\t\t\t\t<img loading=\"lazy\" decoding=\"async\" width=\"75\" height=\"75\" src=\"https:\/\/www.bhype.it\/wp-content\/uploads\/2020\/06\/passione-comunicazione.png\" class=\"attachment-full size-full\" alt=\"\" \/>\t\t<\/div>\n\t<div class=\"qodef-m-content\">\n\t\t\t<h3 class=\"qodef-m-title\" style=\"color: #0a0a0a\">\n\t\t\t\t\t<span class=\"qodef-m-title-text\">Expertenteam<\/span>\n\t\t\t<\/h3>\n\t\t\t<p class=\"qodef-m-text\" style=\"color: #333333\">Bhype stellt seine Experten f\u00fcr operatives Marketing Unternehmen zur Verf\u00fcgung, die sich f\u00fcr die Nutzung des Contact Center-Service entscheiden. Professionelle Probleml\u00f6ser und effizientes Management von Kundenanfragen und -bed\u00fcrfnissen in Echtzeit. Wir beginnen mit einer pers\u00f6nlichen Beratung, denn ``es ist die Liebe zum Detail, die jede Strategie einzigartig und erfolgreich macht``, w\u00e4hrend wir auf Ihre gesch\u00e4ftlichen Anforderungen eingehen und die am besten geeigneten L\u00f6sungen vorschlagen, um Ihre Anforderungen zu erf\u00fcllen.<\/p>\n\t<\/div>\n<\/div>[vc_empty_space height=&#8220;38px&#8220;]<div class=\"qodef-shortcode qodef-m icon-agency qodef-icon-with-text qodef-layout--before-content qodef--custom-icon qodef--icon-animation qodef--loading-animation\">\n\t<div class=\"qodef-m-icon-wrapper\">\n\t\t\t\t\t<img loading=\"lazy\" decoding=\"async\" width=\"75\" height=\"75\" src=\"https:\/\/www.bhype.it\/wp-content\/uploads\/2023\/02\/ricerca1.png\" class=\"attachment-full size-full\" alt=\"\" \/>\t\t<\/div>\n\t<div class=\"qodef-m-content\">\n\t\t\t<h3 class=\"qodef-m-title\" style=\"color: #0a0a0a\">\n\t\t\t\t\t<span class=\"qodef-m-title-text\">DIE ST\u00c4NDIGE LIEBE ZUM DETAIL MACHT JEDES PROJEKT EINZIGARTIG UND INDIVIDUELL<\/span>\n\t\t\t<\/h3>\n\t\t\t<p class=\"qodef-m-text\" style=\"color: #333333\">Die individuellen Gesch\u00e4ftsanforderungen werden umfassend analysiert und verwaltet, wobei die beste Methode und die am besten geeigneten Aktivit\u00e4ten ausgew\u00e4hlt werden.<\/p>\n\t<\/div>\n<\/div>[\/vc_column][\/vc_row][vc_row equal_height=&#8220;yes&#8220; content_placement=&#8220;middle&#8220;][vc_column css=&#8220;.vc_custom_1542210878518{padding-top: 0px !important;}&#8220;][vc_empty_space height=&#8220;30px&#8220;][\/vc_column][\/vc_row]<\/p>\n","protected":false},"excerpt":{"rendered":"<p>[vc_row full_width=&#8220;stretch_row_content_no_spaces&#8220; css=&#8220;.vc_custom_1678107471004{margin-right: 0px !important;margin-left: 0px !important;padding-right: 0px !important;padding-left: 0px !important;}&#8220;][vc_column][vc_single_image image=&#8220;7081&#8243; img_size=&#8220;full&#8220;][\/vc_column][\/vc_row][vc_row equal_height=&#8220;yes&#8220; content_placement=&#8220;middle&#8220;][vc_column css=&#8220;.vc_custom_1542210878518{padding-top: 0px !important;}&#8220;][vc_empty_space height=&#8220;45px&#8220;][vc_column_text] DAS ERWEITERTE UND INTEGRIERTE CALL CENTER [\/vc_column_text][vc_empty_space height=&#8220;45px&#8220;][vc_separator color=&#8220;custom&#8220; border_width=&#8220;5&#8243; el_class=&#8220;max-size&#8220; accent_color=&#8220;#ff5507&#8243;][\/vc_column][\/vc_row][vc_row content_text_alignment=&#8220;center&#8220; css=&#8220;.vc_custom_1675697117445{background-position: center !important;background-repeat: no-repeat !important;background-size: contain !important;}&#8220; el_class=&#8220;shadow-center&#8220;][vc_column css=&#8220;.vc_custom_1591187654932{margin-top: 0px !important;padding-top: 0px !important;}&#8220;][vc_empty_space height=&#8220;65px&#8220;][vc_row_inner equal_height=&#8220;yes&#8220; content_placement=&#8220;middle&#8220; row_content_width=&#8220;grid&#8220; content_text_alignment=&#8220;left&#8220;][vc_column_inner width=&#8220;1\/2&#8243;][vc_empty_space height=&#8220;25px&#8220;][vc_column_text el_class=&#8220;black-txt&#8220;]Contact-Center-Dienste k\u00f6nnen in [&hellip;]<\/p>\n","protected":false},"author":1,"featured_media":0,"parent":0,"menu_order":0,"comment_status":"closed","ping_status":"closed","template":"page-full-width.php","meta":{"footnotes":""},"class_list":["post-7433","page","type-page","status-publish","hentry"],"yoast_head":"<!-- This site is optimized with the Yoast SEO plugin v25.8 - https:\/\/yoast.com\/wordpress\/plugins\/seo\/ -->\n<title>Contact Center-Dienste und digitales Marketing Mailand | Bhype<\/title>\n<meta name=\"description\" content=\"Contact Center und Digital Web in Mailand mit dem Ziel, operatives Marketing sowohl online als auch f\u00fcr Telemarketing und Teleselling Kampagnen zusammenzuf\u00fchren.\" \/>\n<meta name=\"robots\" content=\"index, follow, max-snippet:-1, max-image-preview:large, max-video-preview:-1\" \/>\n<link rel=\"canonical\" href=\"https:\/\/www.bhype.it\/de\/contact-center-dienste\/\" \/>\n<meta property=\"og:locale\" content=\"de_DE\" \/>\n<meta property=\"og:type\" content=\"article\" \/>\n<meta property=\"og:title\" content=\"Contact Center-Dienste und digitales Marketing Mailand | Bhype\" \/>\n<meta property=\"og:description\" content=\"Contact Center und Digital Web in Mailand mit dem Ziel, operatives Marketing sowohl online als auch f\u00fcr Telemarketing und Teleselling Kampagnen zusammenzuf\u00fchren.\" \/>\n<meta property=\"og:url\" content=\"https:\/\/www.bhype.it\/de\/contact-center-dienste\/\" \/>\n<meta property=\"og:site_name\" content=\"Bhype\" \/>\n<meta property=\"article:modified_time\" content=\"2023-03-07T14:44:28+00:00\" \/>\n<meta name=\"twitter:card\" content=\"summary_large_image\" \/>\n<meta name=\"twitter:label1\" content=\"Gesch\u00e4tzte Lesezeit\" \/>\n\t<meta name=\"twitter:data1\" content=\"3\u00a0Minuten\" \/>\n<script type=\"application\/ld+json\" class=\"yoast-schema-graph\">{\"@context\":\"https:\/\/schema.org\",\"@graph\":[{\"@type\":\"WebPage\",\"@id\":\"https:\/\/www.bhype.it\/de\/contact-center-dienste\/\",\"url\":\"https:\/\/www.bhype.it\/de\/contact-center-dienste\/\",\"name\":\"Contact Center-Dienste und digitales Marketing Mailand | Bhype\",\"isPartOf\":{\"@id\":\"https:\/\/www.bhype.it\/de\/#website\"},\"datePublished\":\"2023-02-02T14:45:09+00:00\",\"dateModified\":\"2023-03-07T14:44:28+00:00\",\"description\":\"Contact Center und Digital Web in Mailand mit dem Ziel, operatives Marketing sowohl online als auch f\u00fcr Telemarketing und Teleselling Kampagnen zusammenzuf\u00fchren.\",\"breadcrumb\":{\"@id\":\"https:\/\/www.bhype.it\/de\/contact-center-dienste\/#breadcrumb\"},\"inLanguage\":\"de\",\"potentialAction\":[{\"@type\":\"ReadAction\",\"target\":[\"https:\/\/www.bhype.it\/de\/contact-center-dienste\/\"]}]},{\"@type\":\"BreadcrumbList\",\"@id\":\"https:\/\/www.bhype.it\/de\/contact-center-dienste\/#breadcrumb\",\"itemListElement\":[{\"@type\":\"ListItem\",\"position\":1,\"name\":\"Home\",\"item\":\"https:\/\/www.bhype.it\/de\/\"},{\"@type\":\"ListItem\",\"position\":2,\"name\":\"Contact center dienste\"}]},{\"@type\":\"WebSite\",\"@id\":\"https:\/\/www.bhype.it\/de\/#website\",\"url\":\"https:\/\/www.bhype.it\/de\/\",\"name\":\"Bhype\",\"description\":\"\",\"publisher\":{\"@id\":\"https:\/\/www.bhype.it\/de\/#organization\"},\"potentialAction\":[{\"@type\":\"SearchAction\",\"target\":{\"@type\":\"EntryPoint\",\"urlTemplate\":\"https:\/\/www.bhype.it\/de\/?s={search_term_string}\"},\"query-input\":{\"@type\":\"PropertyValueSpecification\",\"valueRequired\":true,\"valueName\":\"search_term_string\"}}],\"inLanguage\":\"de\"},{\"@type\":\"Organization\",\"@id\":\"https:\/\/www.bhype.it\/de\/#organization\",\"name\":\"Bhype\",\"url\":\"https:\/\/www.bhype.it\/de\/\",\"logo\":{\"@type\":\"ImageObject\",\"inLanguage\":\"de\",\"@id\":\"https:\/\/www.bhype.it\/de\/#\/schema\/logo\/image\/\",\"url\":\"https:\/\/www.bhype.it\/wp-content\/uploads\/2020\/12\/logo-bhype-solo.png\",\"contentUrl\":\"https:\/\/www.bhype.it\/wp-content\/uploads\/2020\/12\/logo-bhype-solo.png\",\"width\":416,\"height\":128,\"caption\":\"Bhype\"},\"image\":{\"@id\":\"https:\/\/www.bhype.it\/de\/#\/schema\/logo\/image\/\"}}]}<\/script>\n<!-- \/ Yoast SEO plugin. -->","yoast_head_json":{"title":"Contact Center-Dienste und digitales Marketing Mailand | Bhype","description":"Contact Center und Digital Web in Mailand mit dem Ziel, operatives Marketing sowohl online als auch f\u00fcr Telemarketing und Teleselling Kampagnen zusammenzuf\u00fchren.","robots":{"index":"index","follow":"follow","max-snippet":"max-snippet:-1","max-image-preview":"max-image-preview:large","max-video-preview":"max-video-preview:-1"},"canonical":"https:\/\/www.bhype.it\/de\/contact-center-dienste\/","og_locale":"de_DE","og_type":"article","og_title":"Contact Center-Dienste und digitales Marketing Mailand | Bhype","og_description":"Contact Center und Digital Web in Mailand mit dem Ziel, operatives Marketing sowohl online als auch f\u00fcr Telemarketing und Teleselling Kampagnen zusammenzuf\u00fchren.","og_url":"https:\/\/www.bhype.it\/de\/contact-center-dienste\/","og_site_name":"Bhype","article_modified_time":"2023-03-07T14:44:28+00:00","twitter_card":"summary_large_image","twitter_misc":{"Gesch\u00e4tzte Lesezeit":"3\u00a0Minuten"},"schema":{"@context":"https:\/\/schema.org","@graph":[{"@type":"WebPage","@id":"https:\/\/www.bhype.it\/de\/contact-center-dienste\/","url":"https:\/\/www.bhype.it\/de\/contact-center-dienste\/","name":"Contact Center-Dienste und digitales Marketing Mailand | Bhype","isPartOf":{"@id":"https:\/\/www.bhype.it\/de\/#website"},"datePublished":"2023-02-02T14:45:09+00:00","dateModified":"2023-03-07T14:44:28+00:00","description":"Contact Center und Digital Web in Mailand mit dem Ziel, operatives Marketing sowohl online als auch f\u00fcr Telemarketing und Teleselling Kampagnen zusammenzuf\u00fchren.","breadcrumb":{"@id":"https:\/\/www.bhype.it\/de\/contact-center-dienste\/#breadcrumb"},"inLanguage":"de","potentialAction":[{"@type":"ReadAction","target":["https:\/\/www.bhype.it\/de\/contact-center-dienste\/"]}]},{"@type":"BreadcrumbList","@id":"https:\/\/www.bhype.it\/de\/contact-center-dienste\/#breadcrumb","itemListElement":[{"@type":"ListItem","position":1,"name":"Home","item":"https:\/\/www.bhype.it\/de\/"},{"@type":"ListItem","position":2,"name":"Contact center dienste"}]},{"@type":"WebSite","@id":"https:\/\/www.bhype.it\/de\/#website","url":"https:\/\/www.bhype.it\/de\/","name":"Bhype","description":"","publisher":{"@id":"https:\/\/www.bhype.it\/de\/#organization"},"potentialAction":[{"@type":"SearchAction","target":{"@type":"EntryPoint","urlTemplate":"https:\/\/www.bhype.it\/de\/?s={search_term_string}"},"query-input":{"@type":"PropertyValueSpecification","valueRequired":true,"valueName":"search_term_string"}}],"inLanguage":"de"},{"@type":"Organization","@id":"https:\/\/www.bhype.it\/de\/#organization","name":"Bhype","url":"https:\/\/www.bhype.it\/de\/","logo":{"@type":"ImageObject","inLanguage":"de","@id":"https:\/\/www.bhype.it\/de\/#\/schema\/logo\/image\/","url":"https:\/\/www.bhype.it\/wp-content\/uploads\/2020\/12\/logo-bhype-solo.png","contentUrl":"https:\/\/www.bhype.it\/wp-content\/uploads\/2020\/12\/logo-bhype-solo.png","width":416,"height":128,"caption":"Bhype"},"image":{"@id":"https:\/\/www.bhype.it\/de\/#\/schema\/logo\/image\/"}}]}},"_links":{"self":[{"href":"https:\/\/www.bhype.it\/de\/wp-json\/wp\/v2\/pages\/7433","targetHints":{"allow":["GET"]}}],"collection":[{"href":"https:\/\/www.bhype.it\/de\/wp-json\/wp\/v2\/pages"}],"about":[{"href":"https:\/\/www.bhype.it\/de\/wp-json\/wp\/v2\/types\/page"}],"author":[{"embeddable":true,"href":"https:\/\/www.bhype.it\/de\/wp-json\/wp\/v2\/users\/1"}],"replies":[{"embeddable":true,"href":"https:\/\/www.bhype.it\/de\/wp-json\/wp\/v2\/comments?post=7433"}],"version-history":[{"count":6,"href":"https:\/\/www.bhype.it\/de\/wp-json\/wp\/v2\/pages\/7433\/revisions"}],"predecessor-version":[{"id":7711,"href":"https:\/\/www.bhype.it\/de\/wp-json\/wp\/v2\/pages\/7433\/revisions\/7711"}],"wp:attachment":[{"href":"https:\/\/www.bhype.it\/de\/wp-json\/wp\/v2\/media?parent=7433"}],"curies":[{"name":"wp","href":"https:\/\/api.w.org\/{rel}","templated":true}]}}