{"id":7607,"date":"2023-02-06T09:42:07","date_gmt":"2023-02-06T08:42:07","guid":{"rendered":"https:\/\/www.bhype.it\/servizi-di-customer-satisfaction\/"},"modified":"2023-03-07T16:37:44","modified_gmt":"2023-03-07T15:37:44","slug":"kundenzufriedenheitsservice","status":"publish","type":"page","link":"https:\/\/www.bhype.it\/de\/kundenzufriedenheitsservice\/","title":{"rendered":"Kundenzufriedenheitsservice"},"content":{"rendered":"<p>[vc_row full_width=&#8220;stretch_row_content_no_spaces&#8220; css=&#8220;.vc_custom_1678202655439{margin-right: 0px !important;margin-left: 0px !important;padding-right: 0px !important;padding-left: 0px !important;}&#8220;][vc_column][vc_single_image image=&#8220;7081&#8243; img_size=&#8220;full&#8220;][\/vc_column][\/vc_row][vc_row equal_height=&#8220;yes&#8220; content_placement=&#8220;middle&#8220; css=&#8220;.vc_custom_1677510305083{background-color: #ededed !important;}&#8220;][vc_column css=&#8220;.vc_custom_1542210878518{padding-top: 0px !important;}&#8220;][vc_empty_space height=&#8220;45px&#8220;]<div class=\"qodef-shortcode qodef-m  qodef-section-title qodef-alignment--center \">\n\t\t<h2 class=\"qodef-m-title\" >\n\t\t\t\t\tKUNDENZUFRIEDENHEITSSERVICE_\t\t\t<\/h2>\n\t<\/div>[vc_column_text]<\/p>\n<h3 style=\"text-align: center;\">DIE ANFORDERUNGEN VERSTEHEN, UM VERTRAUEN ZU SCHAFFEN<\/h3>\n<p>[\/vc_column_text][vc_empty_space height=&#8220;45px&#8220;][vc_separator color=&#8220;custom&#8220; border_width=&#8220;5&#8243; el_class=&#8220;max-size&#8220; accent_color=&#8220;#ff5507&#8243;][\/vc_column][\/vc_row][vc_row content_text_alignment=&#8220;center&#8220; css=&#8220;.vc_custom_1675697013377{background-position: center !important;background-repeat: no-repeat !important;background-size: contain !important;}&#8220; el_class=&#8220;shadow-center&#8220;][vc_column css=&#8220;.vc_custom_1591187654932{margin-top: 0px !important;padding-top: 0px !important;}&#8220;][vc_empty_space height=&#8220;65px&#8220;][vc_row_inner equal_height=&#8220;yes&#8220; content_placement=&#8220;middle&#8220; row_content_width=&#8220;grid&#8220; content_text_alignment=&#8220;left&#8220;][vc_column_inner width=&#8220;1\/2&#8243;]<h2 class=\"qodef-shortcode qodef-m  qodef-highlight \" style=\"color: #ffffff\">\n\t\t\t<span class=\"qodef-highlight-text\" data-highlight=\"#ff5507\" style=\"color: #ffffff\">WORUM GEHT ES?<\/span>\t<\/h2>[vc_empty_space height=&#8220;25px&#8220;]<div class=\"qodef-shortcode qodef-m icon-agency qodef-icon-with-text qodef-layout--before-content qodef--icon-pack  qodef--loading-animation\">\n\t<div class=\"qodef-m-icon-wrapper\">\n\t\t<span class=\"qodef-shortcode qodef-m  qodef-icon-holder qodef-size--small qodef-layout--normal\"  >\t        <span class=\"qodef-icon-font-awesome fa fa-headphones qodef-icon qodef-e\" style=\"color: #0a0a0a;font-size:35px\" ><\/span>    <\/span>\t<\/div>\n\t<div class=\"qodef-m-content\">\n\t\t\t<h3 class=\"qodef-m-title\" style=\"color: #0a0a0a\">\n\t\t\t\t\t<span class=\"qodef-m-title-text\">KUNDENZUFRIEDENHEITSSERVICE<\/span>\n\t\t\t<\/h3>\n\t\t\t<\/div>\n<\/div>[vc_column_text el_class=&#8220;black-txt&#8220;]Der Service zur Kundenzufriedenheit ist ein Schl\u00fcsselelement zur Beurteilung der Unternehmensleistung.Dank dessen, was sich aus diesem \u201eIndikator\u201c ableiten l\u00e4sst, ist es m\u00f6glich, die kritischen Unternehmensbereiche zu erkennen und rechtzeitig mit den richtigen Korrekturma\u00dfnahmen einzugreifen[\/vc_column_text][\/vc_column_inner][vc_column_inner width=&#8220;1\/2&#8243; css=&#8220;.vc_custom_1592225648536{padding-right: 20px !important;}&#8220;][vc_single_image image=&#8220;6969&#8243; img_size=&#8220;full&#8220; alignment=&#8220;center&#8220;][\/vc_column_inner][\/vc_row_inner][vc_empty_space height=&#8220;65px&#8220;][vc_row_inner equal_height=&#8220;yes&#8220; content_placement=&#8220;middle&#8220; row_content_width=&#8220;grid&#8220; content_text_alignment=&#8220;left&#8220;][vc_column_inner width=&#8220;1\/2&#8243; css=&#8220;.vc_custom_1592225648536{padding-right: 20px !important;}&#8220;][vc_single_image image=&#8220;6954&#8243; img_size=&#8220;full&#8220; alignment=&#8220;center&#8220;][\/vc_column_inner][vc_column_inner width=&#8220;1\/2&#8243;][vc_empty_space height=&#8220;50px&#8220;]<div class=\"qodef-shortcode qodef-m icon-agency qodef-icon-with-text qodef-layout--before-content qodef--icon-pack  qodef--loading-animation\">\n\t<div class=\"qodef-m-icon-wrapper\">\n\t\t<span class=\"qodef-shortcode qodef-m  qodef-icon-holder qodef-size--medium qodef-layout--normal\"  >\t        <span class=\"qodef-icon-font-awesome fa fa-phone qodef-icon qodef-e\" style=\"color: #0a0a0a;font-size:35px\" ><\/span>    <\/span>\t<\/div>\n\t<div class=\"qodef-m-content\">\n\t\t\t<h3 class=\"qodef-m-title\" style=\"color: #0a0a0a\">\n\t\t\t\t\t<span class=\"qodef-m-title-text\">DIE BEDEUTUNG EINES ZUFRIEDENEN KUNDEN<\/span>\n\t\t\t<\/h3>\n\t\t\t<\/div>\n<\/div>[vc_column_text el_class=&#8220;black-txt&#8220;]<\/p>\n<blockquote><p>EIN ZUFRIEDENER KUNDE IST EIN KUNDE, DER MIT DER ZEIT TREUE WIRD, UND DAS KOSTET DAS UNTERNEHMEN ZEHN MAL WENIGER ALS EIN NEUER.<\/p><\/blockquote>\n<p>Kundenzufriedenheit und Gesch\u00e4ftsvorteile:<\/p>\n<ul>\n<li>Wahl eines bestimmten Produkts und\/oder einer Dienstleistung, die im Laufe der Zeit wirksam ist, wobei nicht wettbewerbsf\u00e4hige Produkte ausgeschlossen werden, da sie keine Bed\u00fcrfnisse darstellen;<\/li>\n<li>positive Bewertung des Unternehmens und Empfehlung an andere potenzielle K\u00e4ufer.<\/li>\n<\/ul>\n<p>[\/vc_column_text][\/vc_column_inner][\/vc_row_inner][\/vc_column][\/vc_row][vc_row row_content_width=&#8220;grid&#8220; css=&#8220;.vc_custom_1677510577497{margin-top: 0px !important;margin-right: 0px !important;margin-bottom: 0px !important;margin-left: 0px !important;padding-top: 0px !important;padding-right: 0px !important;padding-bottom: 0px !important;padding-left: 0px !important;}&#8220;][vc_column][vc_empty_space height=&#8220;45px&#8220;]<div class=\"qodef-shortcode qodef-m icon-agency qodef-icon-with-text qodef-layout--before-content qodef--icon-pack  qodef--loading-animation\">\n\t<div class=\"qodef-m-icon-wrapper\">\n\t\t<span class=\"qodef-shortcode qodef-m  qodef-icon-holder qodef-size--medium qodef-layout--normal\"  >\t        <span class=\"qodef-icon-font-awesome fa fa-user qodef-icon qodef-e\" style=\"color: #0a0a0a;font-size:35px\" ><\/span>    <\/span>\t<\/div>\n\t<div class=\"qodef-m-content\">\n\t\t\t<h3 class=\"qodef-m-title\" style=\"color: #0a0a0a\">\n\t\t\t\t\t<span class=\"qodef-m-title-text\">WAS ZU TUN IST<\/span>\n\t\t\t<\/h3>\n\t\t\t<\/div>\n<\/div>[vc_column_text el_class=&#8220;black-txts&#8220;]Wenn ein Kunde eine Dienstleistung oder ein Produkt kauft, kann der Aspekt der Betreuungsphase alles andere als zufriedenstellend sein. Diese Situation kann \u00fcber kurz oder lang einige Probleme bereiten: Der Umgang mit einem unzufriedenen Kunden und die Tatsache, dass er nicht rechtzeitig alle grundlegenden \u00c4nderungen vornehmen kann, stellt ein Problem dar, das auf keinen Fall ignoriert werden darf.<\/p>\n<p>Es ist notwendig, einzugreifen, um sicherzustellen, dass dieses Ergebnis vollst\u00e4ndig ge\u00e4ndert werden kann, indem alle als unangenehm und professionell empfundenen Aspekte konkret verbessert werden.Korrigierende Ma\u00dfnahmen werden einfacher und zielgerichteter, wenn Sie sich auf verl\u00e4ssliche Daten verlassen: Die Unterst\u00fctzung durch einen professionellen Kundenservice macht den Unterschied.Der Kundendienst unterst\u00fctzt das Unternehmen bei der Bewertung aller Aspekte des Gesch\u00e4fts, um maximale Kundenzufriedenheit mit dem vorgeschlagenen Produkt und\/oder der angebotenen Dienstleistung zu erreichen[\/vc_column_text][vc_column_text el_class=&#8220;black-txts&#8220;]<\/p>\n<blockquote><p>Haben Sie sich jemals gefragt, ob Ihre Kunden mit Ihrem Unternehmen voll und ganz zufrieden sind? Stellt sich Ihr Unternehmen entlang der Customer Journey \u201evon der Beratung \u00fcber den After-Sales bis zum Wiederkauf\u201c richtig auf? Wie viele w\u00e4ren bereit, Sie f\u00fcr den gleichen Preis zu wechseln und sich f\u00fcr einen Konkurrenten zu entscheiden, und wie viele bleiben Ihnen im Laufe der Zeit wirklich treu?<\/p><\/blockquote>\n<p>Der von Bhype angebotene Service zur Kundenzufriedenheit erm\u00f6glicht es Ihrem Unternehmen, in kurzer Zeit und dank einer Reihe von Informationen, die auf verschiedene Weise gefunden werden, zu verstehen, was die tats\u00e4chliche Zufriedenheit Ihrer Kunden ist.Alles auf einfache und professionelle Weise und ohne lange und komplizierte Operationen durchf\u00fchren zu m\u00fcssen, die allzu oft zu keinen positiven Ergebnissen f\u00fchren.<\/p>\n<p>Ein detaillierter Bericht von Fachleuten in Bezug auf die gerade besprochenen Aspekte erm\u00f6glicht es Ihnen, \u00c4nderungen an den Aktivit\u00e4ten vorzunehmen und alle potenziellen Bereiche zu verbessern, die andererseits vom Kunden nicht gesch\u00e4tzt werden, um dies zu vermeiden das Gleiche kann in Zukunft gleichbedeutend mit dem Verlust m\u00fchsam gewonnener Kunden sein.[\/vc_column_text][vc_empty_space height=&#8220;45px&#8220;][\/vc_column][\/vc_row][vc_row equal_height=&#8220;yes&#8220; content_placement=&#8220;middle&#8220; content_text_alignment=&#8220;center&#8220;][vc_column css=&#8220;.vc_custom_1542210878518{padding-top: 0px !important;}&#8220;]<h2 class=\"qodef-shortcode qodef-m  qodef-highlight \" style=\"color: #0a0a0a\">\n\t\t\t<span class=\"qodef-highlight-text\" data-highlight=\"#be0b01\" style=\"color: #ffffff\">BHYPE: KUNDENZUFRIEDENHEITSSERVICES MASSGESCHNEIDERT F\u00dcR UNTERNEHMEN<\/span>\t<\/h2>[\/vc_column][\/vc_row][vc_row equal_height=&#8220;yes&#8220; content_placement=&#8220;middle&#8220;][vc_column css=&#8220;.vc_custom_1542210878518{padding-top: 0px !important;}&#8220;][vc_empty_space height=&#8220;30px&#8220;][\/vc_column][\/vc_row][vc_row row_content_width=&#8220;grid&#8220;][vc_column width=&#8220;1\/3&#8243; css=&#8220;.vc_custom_1591187654932{margin-top: 0px !important;padding-top: 0px !important;}&#8220;]<div class=\"qodef-shortcode qodef-m  qodef-section-title qodef-alignment--left \">\n\t\t<h2 class=\"qodef-m-title\" >\n\t\t\t\t\tABER WOF\u00dcR IST DER KUNDENZUFRIEDENHEITSSERVICE SPEZIELL?\t\t\t<\/h2>\n\t<\/div>[\/vc_column][vc_column width=&#8220;2\/3&#8243;]<div class=\"qodef-shortcode qodef-m icon-agency qodef-icon-with-text qodef-layout--before-content qodef--custom-icon qodef--icon-animation qodef--loading-animation\">\n\t<div class=\"qodef-m-icon-wrapper\">\n\t\t\t\t\t<img loading=\"lazy\" decoding=\"async\" width=\"75\" height=\"75\" src=\"https:\/\/www.bhype.it\/wp-content\/uploads\/2023\/02\/star.png\" class=\"attachment-full size-full\" alt=\"\" \/>\t\t<\/div>\n\t<div class=\"qodef-m-content\">\n\t\t\t<h3 class=\"qodef-m-title\" style=\"color: #0a0a0a\">\n\t\t\t\t\t<span class=\"qodef-m-title-text\">UNTERNEHMENSLEISTUNG BEWERTEN<\/span>\n\t\t\t<\/h3>\n\t\t\t<p class=\"qodef-m-text\" style=\"color: #333333\">Wenn ein Kunde einen Kauf t\u00e4tigt, kann es einige Aspekte geben, die alles andere als optimal sind, wodurch eine Art Teilzufriedenheit des K\u00e4ufers entsteht, die verschiedene Aspekte verbergen k\u00f6nnte, die das Unternehmen ignoriert.<\/p>\n\t<\/div>\n<\/div>[vc_empty_space height=&#8220;38px&#8220;]<div class=\"qodef-shortcode qodef-m icon-agency qodef-icon-with-text qodef-layout--before-content qodef--custom-icon qodef--icon-animation qodef--loading-animation\">\n\t<div class=\"qodef-m-icon-wrapper\">\n\t\t\t\t\t<img loading=\"lazy\" decoding=\"async\" width=\"75\" height=\"75\" src=\"https:\/\/www.bhype.it\/wp-content\/uploads\/2023\/02\/ok.png\" class=\"attachment-full size-full\" alt=\"\" \/>\t\t<\/div>\n\t<div class=\"qodef-m-content\">\n\t\t\t<h3 class=\"qodef-m-title\" style=\"color: #0a0a0a\">\n\t\t\t\t\t<span class=\"qodef-m-title-text\">ZIEL: IMMER VERBESSERN<\/span>\n\t\t\t<\/h3>\n\t\t\t<p class=\"qodef-m-text\" style=\"color: #333333\">Das Wissen um die kritischen Punkte und Schw\u00e4chen der angebotenen Dienstleistung verschafft dem Unternehmen einen gro\u00dfen Vorteil: rechtzeitig zu verstehen, welche Bereiche verbessert werden m\u00fcssen, um eine vollst\u00e4ndige Kundenzufriedenheit bieten zu k\u00f6nnen.<\/p>\n\t<\/div>\n<\/div>[\/vc_column][\/vc_row][vc_row equal_height=&#8220;yes&#8220; content_placement=&#8220;middle&#8220;][vc_column css=&#8220;.vc_custom_1542210878518{padding-top: 0px !important;}&#8220;][vc_empty_space height=&#8220;30px&#8220;][\/vc_column][\/vc_row][vc_row equal_height=&#8220;yes&#8220; content_placement=&#8220;middle&#8220; row_content_width=&#8220;grid&#8220;][vc_column css=&#8220;.vc_custom_1591187654932{margin-top: 0px !important;padding-top: 0px !important;}&#8220;][\/vc_column][\/vc_row]<\/p>\n","protected":false},"excerpt":{"rendered":"<p>[vc_row full_width=&#8220;stretch_row_content_no_spaces&#8220; css=&#8220;.vc_custom_1678202655439{margin-right: 0px !important;margin-left: 0px !important;padding-right: 0px !important;padding-left: 0px !important;}&#8220;][vc_column][vc_single_image image=&#8220;7081&#8243; img_size=&#8220;full&#8220;][\/vc_column][\/vc_row][vc_row equal_height=&#8220;yes&#8220; content_placement=&#8220;middle&#8220; css=&#8220;.vc_custom_1677510305083{background-color: #ededed !important;}&#8220;][vc_column css=&#8220;.vc_custom_1542210878518{padding-top: 0px !important;}&#8220;][vc_empty_space height=&#8220;45px&#8220;][vc_column_text] DIE ANFORDERUNGEN VERSTEHEN, UM VERTRAUEN ZU SCHAFFEN [\/vc_column_text][vc_empty_space height=&#8220;45px&#8220;][vc_separator color=&#8220;custom&#8220; border_width=&#8220;5&#8243; el_class=&#8220;max-size&#8220; accent_color=&#8220;#ff5507&#8243;][\/vc_column][\/vc_row][vc_row content_text_alignment=&#8220;center&#8220; css=&#8220;.vc_custom_1675697013377{background-position: center !important;background-repeat: no-repeat !important;background-size: contain !important;}&#8220; el_class=&#8220;shadow-center&#8220;][vc_column css=&#8220;.vc_custom_1591187654932{margin-top: 0px !important;padding-top: 0px !important;}&#8220;][vc_empty_space height=&#8220;65px&#8220;][vc_row_inner equal_height=&#8220;yes&#8220; content_placement=&#8220;middle&#8220; row_content_width=&#8220;grid&#8220; content_text_alignment=&#8220;left&#8220;][vc_column_inner width=&#8220;1\/2&#8243;][vc_empty_space [&hellip;]<\/p>\n","protected":false},"author":1,"featured_media":0,"parent":0,"menu_order":0,"comment_status":"closed","ping_status":"closed","template":"page-full-width.php","meta":{"footnotes":""},"class_list":["post-7607","page","type-page","status-publish","hentry"],"yoast_head":"<!-- This site is optimized with the Yoast SEO plugin v25.8 - https:\/\/yoast.com\/wordpress\/plugins\/seo\/ -->\n<title>Dienstleistungen zur Kundenzufriedenheit f\u00fcr Unternehmen | Bhype<\/title>\n<meta name=\"description\" content=\"Dienstleistungen zur Kundenzufriedenheit mit dem Ziel, die Unternehmensleistung zu messen und die Kundenzufriedenheit zu \u00fcberwachen\" \/>\n<meta name=\"robots\" content=\"index, follow, max-snippet:-1, max-image-preview:large, max-video-preview:-1\" \/>\n<link rel=\"canonical\" href=\"https:\/\/www.bhype.it\/de\/kundenzufriedenheitsservice\/\" \/>\n<meta property=\"og:locale\" content=\"de_DE\" \/>\n<meta property=\"og:type\" content=\"article\" \/>\n<meta property=\"og:title\" content=\"Dienstleistungen zur Kundenzufriedenheit f\u00fcr Unternehmen | Bhype\" \/>\n<meta property=\"og:description\" content=\"Dienstleistungen zur Kundenzufriedenheit mit dem Ziel, die Unternehmensleistung zu messen und die Kundenzufriedenheit zu \u00fcberwachen\" \/>\n<meta property=\"og:url\" content=\"https:\/\/www.bhype.it\/de\/kundenzufriedenheitsservice\/\" \/>\n<meta property=\"og:site_name\" content=\"Bhype\" \/>\n<meta property=\"article:modified_time\" content=\"2023-03-07T15:37:44+00:00\" \/>\n<meta name=\"twitter:card\" content=\"summary_large_image\" \/>\n<meta name=\"twitter:label1\" content=\"Gesch\u00e4tzte Lesezeit\" \/>\n\t<meta name=\"twitter:data1\" content=\"4\u00a0Minuten\" \/>\n<script type=\"application\/ld+json\" class=\"yoast-schema-graph\">{\"@context\":\"https:\/\/schema.org\",\"@graph\":[{\"@type\":\"WebPage\",\"@id\":\"https:\/\/www.bhype.it\/de\/kundenzufriedenheitsservice\/\",\"url\":\"https:\/\/www.bhype.it\/de\/kundenzufriedenheitsservice\/\",\"name\":\"Dienstleistungen zur Kundenzufriedenheit f\u00fcr Unternehmen | Bhype\",\"isPartOf\":{\"@id\":\"https:\/\/www.bhype.it\/de\/#website\"},\"datePublished\":\"2023-02-06T08:42:07+00:00\",\"dateModified\":\"2023-03-07T15:37:44+00:00\",\"description\":\"Dienstleistungen zur Kundenzufriedenheit mit dem Ziel, die Unternehmensleistung zu messen und die Kundenzufriedenheit zu \u00fcberwachen\",\"breadcrumb\":{\"@id\":\"https:\/\/www.bhype.it\/de\/kundenzufriedenheitsservice\/#breadcrumb\"},\"inLanguage\":\"de\",\"potentialAction\":[{\"@type\":\"ReadAction\",\"target\":[\"https:\/\/www.bhype.it\/de\/kundenzufriedenheitsservice\/\"]}]},{\"@type\":\"BreadcrumbList\",\"@id\":\"https:\/\/www.bhype.it\/de\/kundenzufriedenheitsservice\/#breadcrumb\",\"itemListElement\":[{\"@type\":\"ListItem\",\"position\":1,\"name\":\"Home\",\"item\":\"https:\/\/www.bhype.it\/de\/\"},{\"@type\":\"ListItem\",\"position\":2,\"name\":\"Kundenzufriedenheitsservice\"}]},{\"@type\":\"WebSite\",\"@id\":\"https:\/\/www.bhype.it\/de\/#website\",\"url\":\"https:\/\/www.bhype.it\/de\/\",\"name\":\"Bhype\",\"description\":\"\",\"publisher\":{\"@id\":\"https:\/\/www.bhype.it\/de\/#organization\"},\"potentialAction\":[{\"@type\":\"SearchAction\",\"target\":{\"@type\":\"EntryPoint\",\"urlTemplate\":\"https:\/\/www.bhype.it\/de\/?s={search_term_string}\"},\"query-input\":{\"@type\":\"PropertyValueSpecification\",\"valueRequired\":true,\"valueName\":\"search_term_string\"}}],\"inLanguage\":\"de\"},{\"@type\":\"Organization\",\"@id\":\"https:\/\/www.bhype.it\/de\/#organization\",\"name\":\"Bhype\",\"url\":\"https:\/\/www.bhype.it\/de\/\",\"logo\":{\"@type\":\"ImageObject\",\"inLanguage\":\"de\",\"@id\":\"https:\/\/www.bhype.it\/de\/#\/schema\/logo\/image\/\",\"url\":\"https:\/\/www.bhype.it\/wp-content\/uploads\/2020\/12\/logo-bhype-solo.png\",\"contentUrl\":\"https:\/\/www.bhype.it\/wp-content\/uploads\/2020\/12\/logo-bhype-solo.png\",\"width\":416,\"height\":128,\"caption\":\"Bhype\"},\"image\":{\"@id\":\"https:\/\/www.bhype.it\/de\/#\/schema\/logo\/image\/\"}}]}<\/script>\n<!-- \/ Yoast SEO plugin. -->","yoast_head_json":{"title":"Dienstleistungen zur Kundenzufriedenheit f\u00fcr Unternehmen | Bhype","description":"Dienstleistungen zur Kundenzufriedenheit mit dem Ziel, die Unternehmensleistung zu messen und die Kundenzufriedenheit zu \u00fcberwachen","robots":{"index":"index","follow":"follow","max-snippet":"max-snippet:-1","max-image-preview":"max-image-preview:large","max-video-preview":"max-video-preview:-1"},"canonical":"https:\/\/www.bhype.it\/de\/kundenzufriedenheitsservice\/","og_locale":"de_DE","og_type":"article","og_title":"Dienstleistungen zur Kundenzufriedenheit f\u00fcr Unternehmen | Bhype","og_description":"Dienstleistungen zur Kundenzufriedenheit mit dem Ziel, die Unternehmensleistung zu messen und die Kundenzufriedenheit zu \u00fcberwachen","og_url":"https:\/\/www.bhype.it\/de\/kundenzufriedenheitsservice\/","og_site_name":"Bhype","article_modified_time":"2023-03-07T15:37:44+00:00","twitter_card":"summary_large_image","twitter_misc":{"Gesch\u00e4tzte Lesezeit":"4\u00a0Minuten"},"schema":{"@context":"https:\/\/schema.org","@graph":[{"@type":"WebPage","@id":"https:\/\/www.bhype.it\/de\/kundenzufriedenheitsservice\/","url":"https:\/\/www.bhype.it\/de\/kundenzufriedenheitsservice\/","name":"Dienstleistungen zur Kundenzufriedenheit f\u00fcr Unternehmen | Bhype","isPartOf":{"@id":"https:\/\/www.bhype.it\/de\/#website"},"datePublished":"2023-02-06T08:42:07+00:00","dateModified":"2023-03-07T15:37:44+00:00","description":"Dienstleistungen zur Kundenzufriedenheit mit dem Ziel, die Unternehmensleistung zu messen und die Kundenzufriedenheit zu \u00fcberwachen","breadcrumb":{"@id":"https:\/\/www.bhype.it\/de\/kundenzufriedenheitsservice\/#breadcrumb"},"inLanguage":"de","potentialAction":[{"@type":"ReadAction","target":["https:\/\/www.bhype.it\/de\/kundenzufriedenheitsservice\/"]}]},{"@type":"BreadcrumbList","@id":"https:\/\/www.bhype.it\/de\/kundenzufriedenheitsservice\/#breadcrumb","itemListElement":[{"@type":"ListItem","position":1,"name":"Home","item":"https:\/\/www.bhype.it\/de\/"},{"@type":"ListItem","position":2,"name":"Kundenzufriedenheitsservice"}]},{"@type":"WebSite","@id":"https:\/\/www.bhype.it\/de\/#website","url":"https:\/\/www.bhype.it\/de\/","name":"Bhype","description":"","publisher":{"@id":"https:\/\/www.bhype.it\/de\/#organization"},"potentialAction":[{"@type":"SearchAction","target":{"@type":"EntryPoint","urlTemplate":"https:\/\/www.bhype.it\/de\/?s={search_term_string}"},"query-input":{"@type":"PropertyValueSpecification","valueRequired":true,"valueName":"search_term_string"}}],"inLanguage":"de"},{"@type":"Organization","@id":"https:\/\/www.bhype.it\/de\/#organization","name":"Bhype","url":"https:\/\/www.bhype.it\/de\/","logo":{"@type":"ImageObject","inLanguage":"de","@id":"https:\/\/www.bhype.it\/de\/#\/schema\/logo\/image\/","url":"https:\/\/www.bhype.it\/wp-content\/uploads\/2020\/12\/logo-bhype-solo.png","contentUrl":"https:\/\/www.bhype.it\/wp-content\/uploads\/2020\/12\/logo-bhype-solo.png","width":416,"height":128,"caption":"Bhype"},"image":{"@id":"https:\/\/www.bhype.it\/de\/#\/schema\/logo\/image\/"}}]}},"_links":{"self":[{"href":"https:\/\/www.bhype.it\/de\/wp-json\/wp\/v2\/pages\/7607","targetHints":{"allow":["GET"]}}],"collection":[{"href":"https:\/\/www.bhype.it\/de\/wp-json\/wp\/v2\/pages"}],"about":[{"href":"https:\/\/www.bhype.it\/de\/wp-json\/wp\/v2\/types\/page"}],"author":[{"embeddable":true,"href":"https:\/\/www.bhype.it\/de\/wp-json\/wp\/v2\/users\/1"}],"replies":[{"embeddable":true,"href":"https:\/\/www.bhype.it\/de\/wp-json\/wp\/v2\/comments?post=7607"}],"version-history":[{"count":13,"href":"https:\/\/www.bhype.it\/de\/wp-json\/wp\/v2\/pages\/7607\/revisions"}],"predecessor-version":[{"id":7716,"href":"https:\/\/www.bhype.it\/de\/wp-json\/wp\/v2\/pages\/7607\/revisions\/7716"}],"wp:attachment":[{"href":"https:\/\/www.bhype.it\/de\/wp-json\/wp\/v2\/media?parent=7607"}],"curies":[{"name":"wp","href":"https:\/\/api.w.org\/{rel}","templated":true}]}}