{"id":7741,"date":"2023-02-13T14:35:54","date_gmt":"2023-02-13T13:35:54","guid":{"rendered":"https:\/\/www.bhype.it\/social-media-marketing\/"},"modified":"2023-04-04T14:28:10","modified_gmt":"2023-04-04T12:28:10","slug":"social-media-marketing","status":"publish","type":"page","link":"https:\/\/www.bhype.it\/de\/social-media-marketing\/","title":{"rendered":"Social Media Marketing"},"content":{"rendered":"<p>[vc_row full_width=&#8220;stretch_row_content_no_spaces&#8220;][vc_column css=&#8220;.vc_custom_1675863528035{margin: 0px !important;padding: 0px !important;}&#8220;][vc_single_image image=&#8220;7081&#8243; img_size=&#8220;full&#8220;][\/vc_column][\/vc_row][vc_row equal_height=&#8220;yes&#8220; content_placement=&#8220;middle&#8220; css=&#8220;.vc_custom_1677575147652{background-color: #ededed !important;}&#8220;][vc_column css=&#8220;.vc_custom_1542210878518{padding-top: 0px !important;}&#8220;][vc_empty_space height=&#8220;45px&#8220;]<div class=\"qodef-shortcode qodef-m  qodef-section-title qodef-alignment--center \">\n\t\t<h2 class=\"qodef-m-title\" >\n\t\t\t\t\tSOCIAL MEDIA MARKETING_\t\t\t<\/h2>\n\t<\/div>[vc_column_text]<\/p>\n<h3 style=\"text-align: center;\">VOM VISUELLEN ZUM TEXT: INHALTE, DIE AUF DAS UNTERNEHMEN WIRKEN UND ES BEGLEITEN<\/h3>\n<p>[\/vc_column_text][vc_empty_space height=&#8220;45px&#8220;][vc_separator color=&#8220;custom&#8220; border_width=&#8220;5&#8243; el_class=&#8220;max-size&#8220; accent_color=&#8220;#ff5507&#8243;][\/vc_column][\/vc_row][vc_row content_text_alignment=&#8220;center&#8220; css=&#8220;.vc_custom_1675697117445{background-position: center !important;background-repeat: no-repeat !important;background-size: contain !important;}&#8220; el_class=&#8220;shadow-center&#8220;][vc_column css=&#8220;.vc_custom_1591187654932{margin-top: 0px !important;padding-top: 0px !important;}&#8220;][vc_empty_space height=&#8220;65px&#8220;][vc_row_inner equal_height=&#8220;yes&#8220; content_placement=&#8220;middle&#8220; row_content_width=&#8220;grid&#8220; content_text_alignment=&#8220;left&#8220;][vc_column_inner width=&#8220;1\/2&#8243;]<h2 class=\"qodef-shortcode qodef-m  qodef-highlight \" style=\"color: #ffffff\">\n\t\t\t<span class=\"qodef-highlight-text\" data-highlight=\"#ff5507\" style=\"color: #ffffff\">WORUM GEHT ES<\/span>\t<\/h2>[vc_empty_space height=&#8220;25px&#8220;]<div class=\"qodef-shortcode qodef-m icon-agency qodef-icon-with-text qodef-layout--before-content qodef--icon-pack  qodef--loading-animation\">\n\t<div class=\"qodef-m-icon-wrapper\">\n\t\t<span class=\"qodef-shortcode qodef-m  qodef-icon-holder qodef-size--small qodef-layout--normal\"  >\t        <span class=\"qodef-icon-font-awesome fa fa-comment qodef-icon qodef-e\" style=\"color: #0a0a0a;font-size:35px\" ><\/span>    <\/span>\t<\/div>\n\t<div class=\"qodef-m-content\">\n\t\t\t<h3 class=\"qodef-m-title\" style=\"color: #0a0a0a\">\n\t\t\t\t\t<span class=\"qodef-m-title-text\">DIE \u201eSOCIAL\u201c- WENDE UND DIE GEBURT EINES NEUEN MARKETINGKANALS<\/span>\n\t\t\t<\/h3>\n\t\t\t<\/div>\n<\/div>[vc_column_text el_class=&#8220;black-txt&#8220;]Die \u201eSOCIAL\u201c- Wende kann als eine Art digitaler Urknall bezeichnet werden, da sie zu einer unmittelbaren Revolution f\u00fchrte und zuerst junge Nutzer, dann auch reifere Bev\u00f6lkerungsschichten ins Visier nahm. Es wird gesch\u00e4tzt, dass derzeit 71 % der Bev\u00f6lkerung in Italien ein soziales Netzwerk nutzen, um zu kommunizieren, ihre Zufriedenheit auszudr\u00fccken und sogar Informationen zu erhalten. Daher k\u00f6nnen Unternehmen, die auf dem Markt konkurrieren m\u00f6chten, auf ein solches Tool sicherlich nicht verzichten.<\/p>\n<p>Soziale Netzwerke, die als Mittel zum Austausch von Notizen und Informationen geboren wurden, sind heute zu einem Lebenspartner geworden, um in Kontakt zu bleiben und Ihr Angebot bekannt zu machen, egal ob es sich um Produkte oder Dienstleistungen handelt, um den richtigen Interpretationsschl\u00fcssel zu finden, um es auf den Punkt zu bringen potenzielle K\u00e4ufer und erweitern zunehmend ihr Angebot. Social Network Marketing wird daher in diese Perspektive gestellt, die darauf abzielt, Bindungen und Affinit\u00e4ten zu Menschen herzustellen und sie dazu zu ermutigen, sich als Teil einer besonderen Gemeinschaft zu f\u00fchlen, aus der sie nicht mehr herauskommen m\u00f6chten. Die Arbeit ist konstant und beschr\u00e4nkt sich nicht auf die anf\u00e4ngliche Anziehungskraft, da sie kontinuierlich angeheizt werden muss, um zu verhindern, dass ein attraktiverer Konkurrent den Kunden mit interessanten und modernen Initiativen stiehlt.[\/vc_column_text][\/vc_column_inner][vc_column_inner width=&#8220;1\/2&#8243; css=&#8220;.vc_custom_1592225648536{padding-right: 20px !important;}&#8220;][vc_single_image image=&#8220;7177&#8243; img_size=&#8220;full&#8220; alignment=&#8220;center&#8220;][\/vc_column_inner][\/vc_row_inner][vc_row_inner equal_height=&#8220;yes&#8220; content_placement=&#8220;middle&#8220; row_content_width=&#8220;grid&#8220; content_text_alignment=&#8220;left&#8220;][vc_column_inner width=&#8220;1\/2&#8243; css=&#8220;.vc_custom_1592225648536{padding-right: 20px !important;}&#8220;][vc_single_image image=&#8220;6969&#8243; img_size=&#8220;full&#8220; alignment=&#8220;center&#8220;][\/vc_column_inner][vc_column_inner width=&#8220;1\/2&#8243;][vc_empty_space height=&#8220;50px&#8220;]<div class=\"qodef-shortcode qodef-m icon-agency qodef-icon-with-text qodef-layout--before-content qodef--icon-pack  qodef--loading-animation\">\n\t<div class=\"qodef-m-icon-wrapper\">\n\t\t<span class=\"qodef-shortcode qodef-m  qodef-icon-holder qodef-size--medium qodef-layout--normal\"  >\t        <span class=\"qodef-icon-font-awesome fa fa-users qodef-icon qodef-e\" style=\"color: #0a0a0a;font-size:35px\" ><\/span>    <\/span>\t<\/div>\n\t<div class=\"qodef-m-content\">\n\t\t\t<h3 class=\"qodef-m-title\" style=\"color: #0a0a0a\">\n\t\t\t\t\t<span class=\"qodef-m-title-text\">DIE F\u00c4HIGKEIT, BENUTZERGEWOHNHEITEN ZU LESEN<\/span>\n\t\t\t<\/h3>\n\t\t\t<\/div>\n<\/div>[vc_column_text el_class=&#8220;black-txt&#8220;]Einer der Aspekte, um die sich das Social Media Marketing am meisten k\u00fcmmert, ist sicherlich die Untersuchung der Gewohnheiten der Social Media-Nutzer. Stellen Sie sich vor, wie sich der Geschmack und die Vorlieben der Facebook-Nutzer im Laufe der Zeit ver\u00e4ndert haben oder wie sich die auf Linkedin erstellten CV\u2018s ver\u00e4ndert haben. Denn die moderne Gesellschaft ver\u00e4ndert sich schnell und die sozialen Netzwerke sind ein treuer Spiegel ihres Zustands und ihrer kontinuierlichen Entwicklung.<\/p>\n<p>Eine Social-Media-Seite f\u00fcr ein Unternehmen zu erstellen bedeutet daher, es als Produkt im Entstehen zu betrachten, eine kontinuierliche Marktanalyse durchzuf\u00fchren und die Zufriedenheit der Follower zu ber\u00fchren. Genau aus diesem Grund sind Zahlen, die sich mit den verschiedenen Sektoren der Makrobranche befassen, unbedingt erforderlich, wie z. B. Grafiken, Treueinitiativen, interessante Debatten und Werbeaktionen, die Benutzer vor\u00fcbergehend binden und den Zielkunden immer mehr erweitern k\u00f6nnen.<\/p>\n<p>Der soziale und wirtschaftliche Kontext spielt eine f\u00fchrende Rolle, wenn es um Social Media Marketing geht, da wir im Auge behalten m\u00fcssen, wer die Menschen sind, mit denen wir kommunizieren, und was ihre Sprache ist. Vielmehr muss die Kommunikation auf einer bekannterma\u00dfen effektiven Ebene stattfinden, die sich auch je nach sozialem Referenznetzwerk \u00e4ndert. Denken Sie zum Beispiel daran, wie das Wort und die Kraft des Posts auf Facebook st\u00e4rker verwendet werden als das von Video und Bild auf Instagram, oder die formale Sprache, die auf professionellen Systemen wie Linkedin verwendet werden muss.Es ist daher notwendig, die geschriebenen und ungeschriebenen Regeln dieser Portale genau zu kennen, sie in ihrer Entwicklung zu verfolgen und auch die erfolgreichsten im Laufe der Zeit zu beobachten, um sie f\u00fcr Werbezwecke zu nutzen.[\/vc_column_text][vc_empty_space height=&#8220;25px&#8220;][\/vc_column_inner][\/vc_row_inner][vc_row_inner content_text_alignment=&#8220;left&#8220;][vc_column_inner][vc_empty_space height=&#8220;50px&#8220;]<div class=\"qodef-shortcode qodef-m icon-agency qodef-icon-with-text qodef-layout--before-content qodef--icon-pack  qodef--loading-animation\">\n\t<div class=\"qodef-m-icon-wrapper\">\n\t\t<span class=\"qodef-shortcode qodef-m  qodef-icon-holder qodef-size--medium qodef-layout--normal\"  >\t        <span class=\"qodef-icon-font-awesome fa fa-newspaper qodef-icon qodef-e\" style=\"color: #0a0a0a;font-size:35px\" ><\/span>    <\/span>\t<\/div>\n\t<div class=\"qodef-m-content\">\n\t\t\t<h3 class=\"qodef-m-title\" style=\"color: #0a0a0a\">\n\t\t\t\t\t<span class=\"qodef-m-title-text\">WAS IST SOCIAL-MEDIA-MARKETING?<\/span>\n\t\t\t<\/h3>\n\t\t\t<\/div>\n<\/div>[vc_column_text el_class=&#8220;black-txt&#8220;]Social Media Marketing ist daher ein Werbesystem, das auf die Nutzung sozialer Netzwerke setzt, um eine ausgew\u00e4hlte und m\u00f6glichst breite Kundenzielgruppe anzusprechen. Es besteht nicht nur in der blo\u00dfen Bewerbung eines Produkts, sondern auch darin, Interesse und Diskussionen zu wecken, indem die Tools genutzt werden, die Portale wie Facebook, Linkedin, Instagram oder Youtube bieten k\u00f6nnen, jeder f\u00fcr seine eigenen F\u00e4higkeiten. Dies ist eine der unmittelbarsten Methoden, die derzeit zur Einbindung und Bindung von Kunden verwendet werden, insbesondere in einer Zeit wie der unseren, in der sich Unternehmen kontinuierlich vervielfachen und es sehr schwierig ist, sich von der Masse abzuheben.<\/p>\n<p>Wenn Sie mit einer eigenen Seite im Web landen m\u00f6chten, sollten verschiedene Schritte befolgt werden, um bessere Erfolgschancen zu haben. Der erste Schritt besteht darin, eine Umfrage zur Vergangenheit durchzuf\u00fchren, um zu verstehen, wie der Trend in den letzten Jahren war, Audiltel und auch die Benutzer nach demografischen Bereichen zu unterteilen. Auf diese Weise l\u00e4sst sich erkennen, ob sich Geschm\u00e4cker von einem Bereich zum anderen \u00e4ndern und wie sie sich in Bezug auf den Umweltfaktor ver\u00e4ndert haben. Anschlie\u00dfend ist es notwendig, Ziele festzulegen, Ziele zu erf\u00fcllen, um erfolgreich zu werden.<\/p>\n<p>Der Zweck einer sozialen Kampagne besteht sicherlich darin, die Sichtbarkeit der eigenen Dienstleistung oder des eigenen Produkts zu verbessern und die Menschen zu ermutigen, den Initiativen zu folgen und sich daher an die Marke zu binden, mit geringerer Wahrscheinlichkeit, dass sie sich woanders umsehen. Dies wird erreicht, indem auf ihre impliziten W\u00fcnsche in Bezug auf Geschmack und Mode eingegangen wird, wodurch sie sich als Teil einer Gemeinschaft f\u00fchlen, die sie versteht und auf ihre Bed\u00fcrfnisse eingehen kann. Nachdem Sie ein Ziel potenzieller Benutzer definiert haben, ohne jemals die M\u00f6glichkeit aus den Augen zu verlieren, es jederzeit zu erweitern, ist es an der Zeit, eine Strategie zu entwickeln, die dazu beitragen kann, die Popularit\u00e4t zu steigern, indem sie eine Reihe interessanter Initiativen artikuliert.<\/p>\n<p>Das k\u00f6nnen verlockende und lustige Posts sein, Ad-hoc-Aktionen, die auf der Grundlage der Studie Ihrer Zielkunden erstellt wurden, oder Reels oder Videos, die den Benutzer dazu bringen, zu verweilen und alles auf einmal zu sehen. Wir sprechen jedoch von einer hochdynamischen Arbeit, die es uns nicht erlaubt, uns auf unseren Lorbeeren auszuruhen, da sich die Geschm\u00e4cker des Publikums mit erheblicher Geschwindigkeit \u00e4ndern und die Analyse konstant und nicht nur zuf\u00e4llig sein muss, um mitzuhalten. Die redaktionelle Dynamik, die den Stil und die Tonlage betrifft, muss f\u00fcr ein Unternehmen charakteristisch sein und die Benutzer verzaubern, indem sie die beste Kommunikationsmethode entsprechend der gew\u00e4hlten Plattform ausw\u00e4hlen.<\/p>\n<p>Es ist auch notwendig, diejenige zu bewerten, in der ein Unternehmen sein Potenzial am besten ausdr\u00fccken kann und m\u00f6glicherweise in anderen Kontexten bestraft wird. Stellen Sie sich vor, wie ein kreatives Unternehmen auf Instagram besser abschneiden kann als Linkedin oder umgekehrt, wie ein modernes und strenges Unternehmen mit Posts mit Emoticons auf Facebook unzureichend sein kann. Jedem sein eigenes soziales Netzwerk, das sollte die Devise des Social Media Marketings sein. Denn eine Social Media Seite sollte in einem Unternehmen nie fehlen!Eine Social Page ist mittlerweile die Visitenkarte eines jeden Unternehmens, da sie neben den gro\u00dfen Suchmaschinen sicherlich einer der ersten Kan\u00e4le ist, innerhalb derer ein Produkt oder eine Dienstleistung gesucht wird.Sein Zweck ist es, die Sichtbarkeit auf produktive Weise zu erh\u00f6hen, nicht nur durch das Scrollen von Bildern, die dann in k\u00fcrzester Zeit vergessen sind, sondern auch durch das Schaffen einer Loyalit\u00e4tsbeziehung, die dazu f\u00fchrt, dass Beitr\u00e4ge periodisch oder st\u00e4ndig gelesen und mit ihnen interagiert werden.<\/p>\n<p>Das Ziel ist es, eine gro\u00dfe Community zu schaffen, die mit Ihrem Unternehmen verbunden ist, und sicherzustellen, dass die digitale Mundpropaganda auch ihre wesentliche Rolle spielen kann, um den harten Wettbewerb zu schlagen.Das Mittel, um dieses Ziel zu erreichen, besteht darin, die sympathischste Kommunikationsmethode f\u00fcr Ihre Zielkunden und die Art des sozialen Netzwerks zu finden, das Sie erobern m\u00f6chten. Vor diesem Hintergrund ist es wichtig, sich auf ein Team von Experten verlassen zu k\u00f6nnen, die wissen, wie man die Sprache des Webs formal und inhaltlich am besten handhabt, da dies zwei untrennbare Konzepte sind, wenn man so will erfolgreich sein und lange auf dem aktuellen Stand bleiben k\u00f6nnen. Tats\u00e4chlich gibt es mehrere Unternehmen, die es schaffen, einen vor\u00fcbergehenden Boom zu haben, aber dann besteht die eigentliche Schwierigkeit darin, ein wichtiges Niveau zu halten und regelm\u00e4\u00dfige und wachsende Zahlen zu erreichen.<\/p>\n<p>[\/vc_column_text][vc_empty_space height=&#8220;30px&#8220;][\/vc_column_inner][\/vc_row_inner][\/vc_column][\/vc_row]<\/p>\n","protected":false},"excerpt":{"rendered":"<p>[vc_row full_width=&#8220;stretch_row_content_no_spaces&#8220;][vc_column css=&#8220;.vc_custom_1675863528035{margin: 0px !important;padding: 0px !important;}&#8220;][vc_single_image image=&#8220;7081&#8243; img_size=&#8220;full&#8220;][\/vc_column][\/vc_row][vc_row equal_height=&#8220;yes&#8220; content_placement=&#8220;middle&#8220; css=&#8220;.vc_custom_1677575147652{background-color: #ededed !important;}&#8220;][vc_column css=&#8220;.vc_custom_1542210878518{padding-top: 0px !important;}&#8220;][vc_empty_space height=&#8220;45px&#8220;][vc_column_text] VOM VISUELLEN ZUM TEXT: INHALTE, DIE AUF DAS UNTERNEHMEN WIRKEN UND ES BEGLEITEN [\/vc_column_text][vc_empty_space height=&#8220;45px&#8220;][vc_separator color=&#8220;custom&#8220; border_width=&#8220;5&#8243; el_class=&#8220;max-size&#8220; accent_color=&#8220;#ff5507&#8243;][\/vc_column][\/vc_row][vc_row content_text_alignment=&#8220;center&#8220; css=&#8220;.vc_custom_1675697117445{background-position: center !important;background-repeat: no-repeat !important;background-size: contain !important;}&#8220; el_class=&#8220;shadow-center&#8220;][vc_column css=&#8220;.vc_custom_1591187654932{margin-top: 0px !important;padding-top: 0px !important;}&#8220;][vc_empty_space height=&#8220;65px&#8220;][vc_row_inner equal_height=&#8220;yes&#8220; content_placement=&#8220;middle&#8220; row_content_width=&#8220;grid&#8220; [&hellip;]<\/p>\n","protected":false},"author":1,"featured_media":0,"parent":0,"menu_order":0,"comment_status":"closed","ping_status":"closed","template":"page-full-width.php","meta":{"footnotes":""},"class_list":["post-7741","page","type-page","status-publish","hentry"],"yoast_head":"<!-- This site is optimized with the Yoast SEO plugin v25.8 - https:\/\/yoast.com\/wordpress\/plugins\/seo\/ -->\n<title>Die SOCIAL Wende kann als eine Art digitaler Urknall | Bhype<\/title>\n<meta name=\"description\" content=\"Die SOCIAL Wende kann als eine Art digitaler Urknall bezeichnet werden, da sie zu einer unmittelbaren Revolution f\u00fchrte und zuerst\" \/>\n<meta name=\"robots\" content=\"index, follow, max-snippet:-1, max-image-preview:large, max-video-preview:-1\" \/>\n<link rel=\"canonical\" href=\"https:\/\/www.bhype.it\/de\/social-media-marketing\/\" \/>\n<meta property=\"og:locale\" content=\"de_DE\" \/>\n<meta property=\"og:type\" content=\"article\" \/>\n<meta property=\"og:title\" content=\"Die SOCIAL Wende kann als eine Art digitaler Urknall | Bhype\" \/>\n<meta property=\"og:description\" content=\"Die SOCIAL Wende kann als eine Art digitaler Urknall bezeichnet werden, da sie zu einer unmittelbaren Revolution f\u00fchrte und zuerst\" \/>\n<meta property=\"og:url\" content=\"https:\/\/www.bhype.it\/de\/social-media-marketing\/\" \/>\n<meta property=\"og:site_name\" content=\"Bhype\" \/>\n<meta property=\"article:modified_time\" content=\"2023-04-04T12:28:10+00:00\" \/>\n<meta name=\"twitter:card\" content=\"summary_large_image\" \/>\n<meta name=\"twitter:label1\" content=\"Gesch\u00e4tzte Lesezeit\" \/>\n\t<meta name=\"twitter:data1\" content=\"8\u00a0Minuten\" \/>\n<script type=\"application\/ld+json\" class=\"yoast-schema-graph\">{\"@context\":\"https:\/\/schema.org\",\"@graph\":[{\"@type\":\"WebPage\",\"@id\":\"https:\/\/www.bhype.it\/de\/social-media-marketing\/\",\"url\":\"https:\/\/www.bhype.it\/de\/social-media-marketing\/\",\"name\":\"Die SOCIAL Wende kann als eine Art digitaler Urknall | Bhype\",\"isPartOf\":{\"@id\":\"https:\/\/www.bhype.it\/de\/#website\"},\"datePublished\":\"2023-02-13T13:35:54+00:00\",\"dateModified\":\"2023-04-04T12:28:10+00:00\",\"description\":\"Die SOCIAL Wende kann als eine Art digitaler Urknall bezeichnet werden, da sie zu einer unmittelbaren Revolution f\u00fchrte und zuerst\",\"breadcrumb\":{\"@id\":\"https:\/\/www.bhype.it\/de\/social-media-marketing\/#breadcrumb\"},\"inLanguage\":\"de\",\"potentialAction\":[{\"@type\":\"ReadAction\",\"target\":[\"https:\/\/www.bhype.it\/de\/social-media-marketing\/\"]}]},{\"@type\":\"BreadcrumbList\",\"@id\":\"https:\/\/www.bhype.it\/de\/social-media-marketing\/#breadcrumb\",\"itemListElement\":[{\"@type\":\"ListItem\",\"position\":1,\"name\":\"Home\",\"item\":\"https:\/\/www.bhype.it\/de\/\"},{\"@type\":\"ListItem\",\"position\":2,\"name\":\"Social Media Marketing\"}]},{\"@type\":\"WebSite\",\"@id\":\"https:\/\/www.bhype.it\/de\/#website\",\"url\":\"https:\/\/www.bhype.it\/de\/\",\"name\":\"Bhype\",\"description\":\"\",\"publisher\":{\"@id\":\"https:\/\/www.bhype.it\/de\/#organization\"},\"potentialAction\":[{\"@type\":\"SearchAction\",\"target\":{\"@type\":\"EntryPoint\",\"urlTemplate\":\"https:\/\/www.bhype.it\/de\/?s={search_term_string}\"},\"query-input\":{\"@type\":\"PropertyValueSpecification\",\"valueRequired\":true,\"valueName\":\"search_term_string\"}}],\"inLanguage\":\"de\"},{\"@type\":\"Organization\",\"@id\":\"https:\/\/www.bhype.it\/de\/#organization\",\"name\":\"Bhype\",\"url\":\"https:\/\/www.bhype.it\/de\/\",\"logo\":{\"@type\":\"ImageObject\",\"inLanguage\":\"de\",\"@id\":\"https:\/\/www.bhype.it\/de\/#\/schema\/logo\/image\/\",\"url\":\"https:\/\/www.bhype.it\/wp-content\/uploads\/2020\/12\/logo-bhype-solo.png\",\"contentUrl\":\"https:\/\/www.bhype.it\/wp-content\/uploads\/2020\/12\/logo-bhype-solo.png\",\"width\":416,\"height\":128,\"caption\":\"Bhype\"},\"image\":{\"@id\":\"https:\/\/www.bhype.it\/de\/#\/schema\/logo\/image\/\"}}]}<\/script>\n<!-- \/ Yoast SEO plugin. -->","yoast_head_json":{"title":"Die SOCIAL Wende kann als eine Art digitaler Urknall | Bhype","description":"Die SOCIAL Wende kann als eine Art digitaler Urknall bezeichnet werden, da sie zu einer unmittelbaren Revolution f\u00fchrte und zuerst","robots":{"index":"index","follow":"follow","max-snippet":"max-snippet:-1","max-image-preview":"max-image-preview:large","max-video-preview":"max-video-preview:-1"},"canonical":"https:\/\/www.bhype.it\/de\/social-media-marketing\/","og_locale":"de_DE","og_type":"article","og_title":"Die SOCIAL Wende kann als eine Art digitaler Urknall | Bhype","og_description":"Die SOCIAL Wende kann als eine Art digitaler Urknall bezeichnet werden, da sie zu einer unmittelbaren Revolution f\u00fchrte und zuerst","og_url":"https:\/\/www.bhype.it\/de\/social-media-marketing\/","og_site_name":"Bhype","article_modified_time":"2023-04-04T12:28:10+00:00","twitter_card":"summary_large_image","twitter_misc":{"Gesch\u00e4tzte Lesezeit":"8\u00a0Minuten"},"schema":{"@context":"https:\/\/schema.org","@graph":[{"@type":"WebPage","@id":"https:\/\/www.bhype.it\/de\/social-media-marketing\/","url":"https:\/\/www.bhype.it\/de\/social-media-marketing\/","name":"Die SOCIAL Wende kann als eine Art digitaler Urknall | Bhype","isPartOf":{"@id":"https:\/\/www.bhype.it\/de\/#website"},"datePublished":"2023-02-13T13:35:54+00:00","dateModified":"2023-04-04T12:28:10+00:00","description":"Die SOCIAL Wende kann als eine Art digitaler Urknall bezeichnet werden, da sie zu einer unmittelbaren Revolution f\u00fchrte und zuerst","breadcrumb":{"@id":"https:\/\/www.bhype.it\/de\/social-media-marketing\/#breadcrumb"},"inLanguage":"de","potentialAction":[{"@type":"ReadAction","target":["https:\/\/www.bhype.it\/de\/social-media-marketing\/"]}]},{"@type":"BreadcrumbList","@id":"https:\/\/www.bhype.it\/de\/social-media-marketing\/#breadcrumb","itemListElement":[{"@type":"ListItem","position":1,"name":"Home","item":"https:\/\/www.bhype.it\/de\/"},{"@type":"ListItem","position":2,"name":"Social Media Marketing"}]},{"@type":"WebSite","@id":"https:\/\/www.bhype.it\/de\/#website","url":"https:\/\/www.bhype.it\/de\/","name":"Bhype","description":"","publisher":{"@id":"https:\/\/www.bhype.it\/de\/#organization"},"potentialAction":[{"@type":"SearchAction","target":{"@type":"EntryPoint","urlTemplate":"https:\/\/www.bhype.it\/de\/?s={search_term_string}"},"query-input":{"@type":"PropertyValueSpecification","valueRequired":true,"valueName":"search_term_string"}}],"inLanguage":"de"},{"@type":"Organization","@id":"https:\/\/www.bhype.it\/de\/#organization","name":"Bhype","url":"https:\/\/www.bhype.it\/de\/","logo":{"@type":"ImageObject","inLanguage":"de","@id":"https:\/\/www.bhype.it\/de\/#\/schema\/logo\/image\/","url":"https:\/\/www.bhype.it\/wp-content\/uploads\/2020\/12\/logo-bhype-solo.png","contentUrl":"https:\/\/www.bhype.it\/wp-content\/uploads\/2020\/12\/logo-bhype-solo.png","width":416,"height":128,"caption":"Bhype"},"image":{"@id":"https:\/\/www.bhype.it\/de\/#\/schema\/logo\/image\/"}}]}},"_links":{"self":[{"href":"https:\/\/www.bhype.it\/de\/wp-json\/wp\/v2\/pages\/7741","targetHints":{"allow":["GET"]}}],"collection":[{"href":"https:\/\/www.bhype.it\/de\/wp-json\/wp\/v2\/pages"}],"about":[{"href":"https:\/\/www.bhype.it\/de\/wp-json\/wp\/v2\/types\/page"}],"author":[{"embeddable":true,"href":"https:\/\/www.bhype.it\/de\/wp-json\/wp\/v2\/users\/1"}],"replies":[{"embeddable":true,"href":"https:\/\/www.bhype.it\/de\/wp-json\/wp\/v2\/comments?post=7741"}],"version-history":[{"count":4,"href":"https:\/\/www.bhype.it\/de\/wp-json\/wp\/v2\/pages\/7741\/revisions"}],"predecessor-version":[{"id":7780,"href":"https:\/\/www.bhype.it\/de\/wp-json\/wp\/v2\/pages\/7741\/revisions\/7780"}],"wp:attachment":[{"href":"https:\/\/www.bhype.it\/de\/wp-json\/wp\/v2\/media?parent=7741"}],"curies":[{"name":"wp","href":"https:\/\/api.w.org\/{rel}","templated":true}]}}