{"id":7747,"date":"2023-02-13T14:23:27","date_gmt":"2023-02-13T13:23:27","guid":{"rendered":"https:\/\/www.bhype.it\/seo-posizionamento-su-google\/"},"modified":"2023-04-12T11:57:41","modified_gmt":"2023-04-12T09:57:41","slug":"seo-search-engine-optimization","status":"publish","type":"page","link":"https:\/\/www.bhype.it\/de\/seo-search-engine-optimization\/","title":{"rendered":"SEO"},"content":{"rendered":"<p>[vc_row full_width=&#8220;stretch_row_content_no_spaces&#8220;][vc_column css=&#8220;.vc_custom_1675863528035{margin: 0px !important;padding: 0px !important;}&#8220;][vc_single_image image=&#8220;7081&#8243; img_size=&#8220;full&#8220;][\/vc_column][\/vc_row][vc_row equal_height=&#8220;yes&#8220; content_placement=&#8220;middle&#8220; css=&#8220;.vc_custom_1677575050504{background-color: #ededed !important;}&#8220;][vc_column css=&#8220;.vc_custom_1542210878518{padding-top: 0px !important;}&#8220;][vc_empty_space height=&#8220;45px&#8220;]<div class=\"qodef-shortcode qodef-m  qodef-section-title qodef-alignment--center \">\n\t\t<h2 class=\"qodef-m-title\" >\n\t\t\t\t\tSEO SERVICES_\t\t\t<\/h2>\n\t<\/div>[vc_column_text]<\/p>\n<h3 style=\"text-align: center;\">OPTIMIERUNG VON WEBSEITEN F\u00dcR SUCHMASCHINEN<\/h3>\n<p>[\/vc_column_text][vc_empty_space height=&#8220;45px&#8220;][vc_separator color=&#8220;custom&#8220; border_width=&#8220;5&#8243; el_class=&#8220;max-size&#8220; accent_color=&#8220;#ff5507&#8243;][\/vc_column][\/vc_row][vc_row content_text_alignment=&#8220;center&#8220; css=&#8220;.vc_custom_1675697117445{background-position: center !important;background-repeat: no-repeat !important;background-size: contain !important;}&#8220; el_class=&#8220;shadow-center&#8220;][vc_column css=&#8220;.vc_custom_1591187654932{margin-top: 0px !important;padding-top: 0px !important;}&#8220;][vc_empty_space height=&#8220;65px&#8220;][vc_row_inner equal_height=&#8220;yes&#8220; content_placement=&#8220;middle&#8220; row_content_width=&#8220;grid&#8220; content_text_alignment=&#8220;left&#8220;][vc_column_inner width=&#8220;1\/2&#8243;]<h2 class=\"qodef-shortcode qodef-m  qodef-highlight \" style=\"color: #ffffff\">\n\t\t\t<span class=\"qodef-highlight-text\" data-highlight=\"#ff5507\" style=\"color: #ffffff\">worum geht es<\/span>\t<\/h2>[vc_empty_space height=&#8220;25px&#8220;]<div class=\"qodef-shortcode qodef-m icon-agency qodef-icon-with-text qodef-layout--before-content qodef--icon-pack  qodef--loading-animation\">\n\t<div class=\"qodef-m-icon-wrapper\">\n\t\t<span class=\"qodef-shortcode qodef-m  qodef-icon-holder qodef-size--small qodef-layout--normal\"  >\t        <span class=\"qodef-icon-font-awesome fa fa-search qodef-icon qodef-e\" style=\"color: #0a0a0a;font-size:35px\" ><\/span>    <\/span>\t<\/div>\n\t<div class=\"qodef-m-content\">\n\t\t\t<h3 class=\"qodef-m-title\" style=\"color: #0a0a0a\">\n\t\t\t\t\t<span class=\"qodef-m-title-text\">WAS BEDEUTET SEO?<\/span>\n\t\t\t<\/h3>\n\t\t\t<\/div>\n<\/div>[vc_column_text el_class=&#8220;black-txt&#8220;]SEO (Search Engine Optimization) ist die Aktivit\u00e4t, alle Inhalte Ihrer Website f\u00fcr die Positionierung in Suchmaschinen zu optimieren. Der Zweck von SEO besteht darin, Websites in Suchmaschinen zu indizieren und besser zu positionieren. Beim Surfen im Internet suchen die Nutzer nicht direkt nach einer bestimmten Website, sondern nach Schl\u00fcsselw\u00f6rtern, die den Nutzer zu den ersten Suchergebnissen f\u00fchren, wobei sie in der Regel die ersten hervorgehobenen Ergebnisse ausw\u00e4hlen.<\/p>\n<p>Warum sind die Top-Ergebnisse meiner Suche auf Millionen von Websites gleich? Weil sie SEO-Aktivit\u00e4ten durchf\u00fchren. Suchmaschinen wie Google belohnen Websites mit hochwertigen Inhalten und m\u00fcssen daher reichhaltig, koh\u00e4rent, interessant und st\u00e4ndig aktualisiert sein. Die auf Ihre Website angewendeten SEO-Techniken erm\u00f6glichen es Ihnen, sich in den Suchergebnissen der Benutzer besser zu positionieren.<\/p>\n<p>Eine gute SEO-Optimierung der Seite wird vom Google-Algorithmus sehr gesch\u00e4tzt.[\/vc_column_text][\/vc_column_inner][vc_column_inner width=&#8220;1\/2&#8243; css=&#8220;.vc_custom_1592225648536{padding-right: 20px !important;}&#8220;][vc_single_image image=&#8220;7218&#8243; img_size=&#8220;full&#8220; alignment=&#8220;center&#8220;][\/vc_column_inner][\/vc_row_inner][vc_row_inner equal_height=&#8220;yes&#8220; content_placement=&#8220;middle&#8220; row_content_width=&#8220;grid&#8220; content_text_alignment=&#8220;left&#8220;][vc_column_inner width=&#8220;1\/2&#8243; css=&#8220;.vc_custom_1592225648536{padding-right: 20px !important;}&#8220;][vc_single_image image=&#8220;7210&#8243; img_size=&#8220;full&#8220; alignment=&#8220;center&#8220;][\/vc_column_inner][vc_column_inner width=&#8220;1\/2&#8243;][vc_empty_space height=&#8220;50px&#8220;]<div class=\"qodef-shortcode qodef-m icon-agency qodef-icon-with-text qodef-layout--before-content qodef--icon-pack  qodef--loading-animation\">\n\t<div class=\"qodef-m-icon-wrapper\">\n\t\t<span class=\"qodef-shortcode qodef-m  qodef-icon-holder qodef-size--medium qodef-layout--normal\"  >\t        <span class=\"qodef-icon-font-awesome fa fa-level-up-alt qodef-icon qodef-e\" style=\"color: #0a0a0a;font-size:35px\" ><\/span>    <\/span>\t<\/div>\n\t<div class=\"qodef-m-content\">\n\t\t\t<h3 class=\"qodef-m-title\" style=\"color: #0a0a0a\">\n\t\t\t\t\t<span class=\"qodef-m-title-text\">KANN ICH DEN VERKEHR AUF DER WEBSITE ERH\u00d6H?<\/span>\n\t\t\t<\/h3>\n\t\t\t<\/div>\n<\/div>[vc_column_text el_class=&#8220;black-txt&#8220;]Suchmaschinen belohnen Websites mit qualitativ hochwertigen Inhalten, d. h. reichhaltigen, koh\u00e4renten, interessanten und st\u00e4ndig aktualisierten Inhalten. Die Optimierung von Websites aus SEO-Perspektive ist ein komplexer Prozess, aber wenn er richtig durchgef\u00fchrt wird, verbessert er die Positionierung der Website in der Ergebnisliste, die der Benutzer erh\u00e4lt, wenn er das Schl\u00fcsselwort eingibt. Aus diesem Grund ist es wichtig, in eine gute SEO-Aktivit\u00e4t der Website zu investieren, damit Sie den Google-Algorithmus von der Zuverl\u00e4ssigkeit und dem Vorhandensein hochwertiger Inhalte auf Ihrer Website \u00fcberzeugen k\u00f6nnen.<\/p>\n<p>F\u00fcr diese Aktivit\u00e4t ist es unerl\u00e4sslich, nur die am besten geeigneten Schl\u00fcsselw\u00f6rter zu studieren, zu analysieren und zu bearbeiten, um sie strategisch auf Ihrer Website und in den darin angebotenen Inhalten zu positionieren. Wenn es Ihr Ziel ist, mehr Sichtbarkeit auf Ihrer Website zu haben, m\u00fcssen Sie sich auf branchenerfahrene Fachleute verlassen, die Ihnen helfen, mit Ihrer Konkurrenz konkurrenzf\u00e4hig zu sein. SEO-Optimierung ist \u00e4u\u00dferst heikel und die Bhype, unternehmen der BlendIT-Gruppe, verf\u00fcgt \u00fcber ein hochqualifiziertes Team, das in der Lage ist, Ihre Website Schritt f\u00fcr Schritt zu verfolgen, aufzubauen und zu erweitern, um im Laufe der Zeit konsistente und dauerhafte Ergebnisse im Einklang mit dem gesetzten Ziel zu erzielen.[\/vc_column_text][vc_empty_space height=&#8220;25px&#8220;]<div class=\"qodef-shortcode qodef-m icon-agency qodef-icon-with-text qodef-layout--before-content qodef--icon-pack  qodef--loading-animation\">\n\t<div class=\"qodef-m-icon-wrapper\">\n\t\t<span class=\"qodef-shortcode qodef-m  qodef-icon-holder qodef-size--medium qodef-layout--normal\"  >\t        <span class=\"qodef-icon-font-awesome fa fa-chart-line qodef-icon qodef-e\" style=\"color: #0a0a0a;font-size:35px\" ><\/span>    <\/span>\t<\/div>\n\t<div class=\"qodef-m-content\">\n\t\t\t<h3 class=\"qodef-m-title\" style=\"color: #0a0a0a\">\n\t\t\t\t\t<span class=\"qodef-m-title-text\">WIE ERH\u00d6HE ICH DEN VERKEHR ZU MEINER WEBSITE?<\/span>\n\t\t\t<\/h3>\n\t\t\t<\/div>\n<\/div>[vc_column_text el_class=&#8220;black-txt&#8220;]Der Ausgangspunkt f\u00fcr jede Website-Optimierungsma\u00dfnahme aus SEO-Sicht ist die Identifizierung des thematischen Relevanzbereichs der Website, um die zugeh\u00f6rigen Schl\u00fcsselw\u00f6rter zu finden, ein extremes Beispiel kann das sein, das das Schl\u00fcsselwort \u201eEinkaufen\u201c mit einem verkn\u00fcpft E-Commerce oder der Begriff \u201eKonserve\u201c f\u00fcr ein Lebensmittelunternehmen.[\/vc_column_text][\/vc_column_inner][\/vc_row_inner][vc_row_inner content_text_alignment=&#8220;left&#8220;][vc_column_inner][vc_empty_space height=&#8220;30px&#8220;][vc_column_text el_class=&#8220;black-txt&#8220;]Nach der Identifizierung der richtigen Schl\u00fcsselw\u00f6rter sieht SEO auch die Identifizierung sekund\u00e4rer Schl\u00fcsselw\u00f6rter vor: Dies sind spezifischere Schl\u00fcsselw\u00f6rter als die zuerst identifizierten. Es ist wichtig, Schl\u00fcsselw\u00f6rter strategisch auf der Website und in allen darin enthaltenen Inhalten zu positionieren. Anschlie\u00dfend wird die Website 360 Grad optimiert, vom grafischen Layout \u00fcber die Programmiersprache bis hin zu den ausgehenden Links zu anderen Portalen. Die Arbeit wird sich vor allem auf die Textformatierung zur Hervorhebung der Schl\u00fcsselw\u00f6rter und auf die mobilfreundliche Optimierung f\u00fcr die Konsultation von anderen Ger\u00e4ten wie Smartphones oder Tablets konzentrieren.<\/p>\n<p>Wenn Ihr Ziel darin besteht, im Internet sichtbar zu werden, und insbesondere wenn Sie gerade erst in die Branche eingetreten sind, m\u00fcssen Sie richtig beginnen, indem Sie sich auf erfahrene Fachleute der Branche verlassen, die in der Lage sind, Ihre Konkurrenz zu bek\u00e4mpfen. Die SEO-Optimierung ist \u00e4u\u00dferst heikel und erfordert das Eingreifen hochqualifizierter Pers\u00f6nlichkeiten der Branche, um sicherzustellen, dass sowohl kurzfristig als auch vor allem langfristig beachtliche Ergebnisse erzielt werden. Es wird daher dringend davon abgeraten, sich auf unerfahrene H\u00e4nde oder irgendwelche Enthusiasten der Branche zu verlassen, die f\u00fcr ein sicherlich geringes Honorar, aber ohne das notwendige Know-how und die erforderlichen Werkzeuge riskieren, eine ineffektive oder sogar kontraproduktive Arbeit zu leisten.[\/vc_column_text][vc_empty_space height=&#8220;30px&#8220;][\/vc_column_inner][\/vc_row_inner][\/vc_column][\/vc_row]<\/p>\n","protected":false},"excerpt":{"rendered":"<p>[vc_row full_width=&#8220;stretch_row_content_no_spaces&#8220;][vc_column css=&#8220;.vc_custom_1675863528035{margin: 0px !important;padding: 0px !important;}&#8220;][vc_single_image image=&#8220;7081&#8243; img_size=&#8220;full&#8220;][\/vc_column][\/vc_row][vc_row equal_height=&#8220;yes&#8220; content_placement=&#8220;middle&#8220; css=&#8220;.vc_custom_1677575050504{background-color: #ededed !important;}&#8220;][vc_column css=&#8220;.vc_custom_1542210878518{padding-top: 0px !important;}&#8220;][vc_empty_space height=&#8220;45px&#8220;][vc_column_text] OPTIMIERUNG VON WEBSEITEN F\u00dcR SUCHMASCHINEN [\/vc_column_text][vc_empty_space height=&#8220;45px&#8220;][vc_separator color=&#8220;custom&#8220; border_width=&#8220;5&#8243; el_class=&#8220;max-size&#8220; accent_color=&#8220;#ff5507&#8243;][\/vc_column][\/vc_row][vc_row content_text_alignment=&#8220;center&#8220; css=&#8220;.vc_custom_1675697117445{background-position: center !important;background-repeat: no-repeat !important;background-size: contain !important;}&#8220; el_class=&#8220;shadow-center&#8220;][vc_column css=&#8220;.vc_custom_1591187654932{margin-top: 0px !important;padding-top: 0px !important;}&#8220;][vc_empty_space height=&#8220;65px&#8220;][vc_row_inner equal_height=&#8220;yes&#8220; content_placement=&#8220;middle&#8220; row_content_width=&#8220;grid&#8220; content_text_alignment=&#8220;left&#8220;][vc_column_inner width=&#8220;1\/2&#8243;][vc_empty_space height=&#8220;25px&#8220;][vc_column_text el_class=&#8220;black-txt&#8220;]SEO (Search Engine Optimization) ist [&hellip;]<\/p>\n","protected":false},"author":1,"featured_media":0,"parent":0,"menu_order":0,"comment_status":"closed","ping_status":"closed","template":"page-full-width.php","meta":{"footnotes":""},"class_list":["post-7747","page","type-page","status-publish","hentry"],"yoast_head":"<!-- This site is optimized with the Yoast SEO plugin v25.8 - https:\/\/yoast.com\/wordpress\/plugins\/seo\/ -->\n<title>SEO (Search Engine Optimization) ist die Aktivit\u00e4t | Bhype<\/title>\n<meta name=\"description\" content=\"SEO (Search Engine Optimization) ist die Aktivit\u00e4t, alle Inhalte Ihrer Website f\u00fcr die Positionierung in Suchmaschinen zu optimieren\" \/>\n<meta name=\"robots\" content=\"index, follow, max-snippet:-1, max-image-preview:large, max-video-preview:-1\" \/>\n<link rel=\"canonical\" href=\"https:\/\/www.bhype.it\/de\/seo-search-engine-optimization\/\" \/>\n<meta property=\"og:locale\" content=\"de_DE\" \/>\n<meta property=\"og:type\" content=\"article\" \/>\n<meta property=\"og:title\" content=\"SEO (Search Engine Optimization) ist die Aktivit\u00e4t | Bhype\" \/>\n<meta property=\"og:description\" content=\"SEO (Search Engine Optimization) ist die Aktivit\u00e4t, alle Inhalte Ihrer Website f\u00fcr die Positionierung in Suchmaschinen zu optimieren\" \/>\n<meta property=\"og:url\" content=\"https:\/\/www.bhype.it\/de\/seo-search-engine-optimization\/\" \/>\n<meta property=\"og:site_name\" content=\"Bhype\" \/>\n<meta property=\"article:modified_time\" content=\"2023-04-12T09:57:41+00:00\" \/>\n<meta name=\"twitter:card\" content=\"summary_large_image\" \/>\n<meta name=\"twitter:label1\" content=\"Gesch\u00e4tzte Lesezeit\" \/>\n\t<meta name=\"twitter:data1\" content=\"4\u00a0Minuten\" \/>\n<script type=\"application\/ld+json\" class=\"yoast-schema-graph\">{\"@context\":\"https:\/\/schema.org\",\"@graph\":[{\"@type\":\"WebPage\",\"@id\":\"https:\/\/www.bhype.it\/de\/seo-search-engine-optimization\/\",\"url\":\"https:\/\/www.bhype.it\/de\/seo-search-engine-optimization\/\",\"name\":\"SEO (Search Engine Optimization) ist die Aktivit\u00e4t | Bhype\",\"isPartOf\":{\"@id\":\"https:\/\/www.bhype.it\/de\/#website\"},\"datePublished\":\"2023-02-13T13:23:27+00:00\",\"dateModified\":\"2023-04-12T09:57:41+00:00\",\"description\":\"SEO (Search Engine Optimization) ist die Aktivit\u00e4t, alle Inhalte Ihrer Website f\u00fcr die Positionierung in Suchmaschinen zu optimieren\",\"breadcrumb\":{\"@id\":\"https:\/\/www.bhype.it\/de\/seo-search-engine-optimization\/#breadcrumb\"},\"inLanguage\":\"de\",\"potentialAction\":[{\"@type\":\"ReadAction\",\"target\":[\"https:\/\/www.bhype.it\/de\/seo-search-engine-optimization\/\"]}]},{\"@type\":\"BreadcrumbList\",\"@id\":\"https:\/\/www.bhype.it\/de\/seo-search-engine-optimization\/#breadcrumb\",\"itemListElement\":[{\"@type\":\"ListItem\",\"position\":1,\"name\":\"Home\",\"item\":\"https:\/\/www.bhype.it\/de\/\"},{\"@type\":\"ListItem\",\"position\":2,\"name\":\"SEO\"}]},{\"@type\":\"WebSite\",\"@id\":\"https:\/\/www.bhype.it\/de\/#website\",\"url\":\"https:\/\/www.bhype.it\/de\/\",\"name\":\"Bhype\",\"description\":\"\",\"publisher\":{\"@id\":\"https:\/\/www.bhype.it\/de\/#organization\"},\"potentialAction\":[{\"@type\":\"SearchAction\",\"target\":{\"@type\":\"EntryPoint\",\"urlTemplate\":\"https:\/\/www.bhype.it\/de\/?s={search_term_string}\"},\"query-input\":{\"@type\":\"PropertyValueSpecification\",\"valueRequired\":true,\"valueName\":\"search_term_string\"}}],\"inLanguage\":\"de\"},{\"@type\":\"Organization\",\"@id\":\"https:\/\/www.bhype.it\/de\/#organization\",\"name\":\"Bhype\",\"url\":\"https:\/\/www.bhype.it\/de\/\",\"logo\":{\"@type\":\"ImageObject\",\"inLanguage\":\"de\",\"@id\":\"https:\/\/www.bhype.it\/de\/#\/schema\/logo\/image\/\",\"url\":\"https:\/\/www.bhype.it\/wp-content\/uploads\/2020\/12\/logo-bhype-solo.png\",\"contentUrl\":\"https:\/\/www.bhype.it\/wp-content\/uploads\/2020\/12\/logo-bhype-solo.png\",\"width\":416,\"height\":128,\"caption\":\"Bhype\"},\"image\":{\"@id\":\"https:\/\/www.bhype.it\/de\/#\/schema\/logo\/image\/\"}}]}<\/script>\n<!-- \/ Yoast SEO plugin. -->","yoast_head_json":{"title":"SEO (Search Engine Optimization) ist die Aktivit\u00e4t | Bhype","description":"SEO (Search Engine Optimization) ist die Aktivit\u00e4t, alle Inhalte Ihrer Website f\u00fcr die Positionierung in Suchmaschinen zu optimieren","robots":{"index":"index","follow":"follow","max-snippet":"max-snippet:-1","max-image-preview":"max-image-preview:large","max-video-preview":"max-video-preview:-1"},"canonical":"https:\/\/www.bhype.it\/de\/seo-search-engine-optimization\/","og_locale":"de_DE","og_type":"article","og_title":"SEO (Search Engine Optimization) ist die Aktivit\u00e4t | Bhype","og_description":"SEO (Search Engine Optimization) ist die Aktivit\u00e4t, alle Inhalte Ihrer Website f\u00fcr die Positionierung in Suchmaschinen zu optimieren","og_url":"https:\/\/www.bhype.it\/de\/seo-search-engine-optimization\/","og_site_name":"Bhype","article_modified_time":"2023-04-12T09:57:41+00:00","twitter_card":"summary_large_image","twitter_misc":{"Gesch\u00e4tzte Lesezeit":"4\u00a0Minuten"},"schema":{"@context":"https:\/\/schema.org","@graph":[{"@type":"WebPage","@id":"https:\/\/www.bhype.it\/de\/seo-search-engine-optimization\/","url":"https:\/\/www.bhype.it\/de\/seo-search-engine-optimization\/","name":"SEO (Search Engine Optimization) ist die Aktivit\u00e4t | Bhype","isPartOf":{"@id":"https:\/\/www.bhype.it\/de\/#website"},"datePublished":"2023-02-13T13:23:27+00:00","dateModified":"2023-04-12T09:57:41+00:00","description":"SEO (Search Engine Optimization) ist die Aktivit\u00e4t, alle Inhalte Ihrer Website f\u00fcr die Positionierung in Suchmaschinen zu optimieren","breadcrumb":{"@id":"https:\/\/www.bhype.it\/de\/seo-search-engine-optimization\/#breadcrumb"},"inLanguage":"de","potentialAction":[{"@type":"ReadAction","target":["https:\/\/www.bhype.it\/de\/seo-search-engine-optimization\/"]}]},{"@type":"BreadcrumbList","@id":"https:\/\/www.bhype.it\/de\/seo-search-engine-optimization\/#breadcrumb","itemListElement":[{"@type":"ListItem","position":1,"name":"Home","item":"https:\/\/www.bhype.it\/de\/"},{"@type":"ListItem","position":2,"name":"SEO"}]},{"@type":"WebSite","@id":"https:\/\/www.bhype.it\/de\/#website","url":"https:\/\/www.bhype.it\/de\/","name":"Bhype","description":"","publisher":{"@id":"https:\/\/www.bhype.it\/de\/#organization"},"potentialAction":[{"@type":"SearchAction","target":{"@type":"EntryPoint","urlTemplate":"https:\/\/www.bhype.it\/de\/?s={search_term_string}"},"query-input":{"@type":"PropertyValueSpecification","valueRequired":true,"valueName":"search_term_string"}}],"inLanguage":"de"},{"@type":"Organization","@id":"https:\/\/www.bhype.it\/de\/#organization","name":"Bhype","url":"https:\/\/www.bhype.it\/de\/","logo":{"@type":"ImageObject","inLanguage":"de","@id":"https:\/\/www.bhype.it\/de\/#\/schema\/logo\/image\/","url":"https:\/\/www.bhype.it\/wp-content\/uploads\/2020\/12\/logo-bhype-solo.png","contentUrl":"https:\/\/www.bhype.it\/wp-content\/uploads\/2020\/12\/logo-bhype-solo.png","width":416,"height":128,"caption":"Bhype"},"image":{"@id":"https:\/\/www.bhype.it\/de\/#\/schema\/logo\/image\/"}}]}},"_links":{"self":[{"href":"https:\/\/www.bhype.it\/de\/wp-json\/wp\/v2\/pages\/7747","targetHints":{"allow":["GET"]}}],"collection":[{"href":"https:\/\/www.bhype.it\/de\/wp-json\/wp\/v2\/pages"}],"about":[{"href":"https:\/\/www.bhype.it\/de\/wp-json\/wp\/v2\/types\/page"}],"author":[{"embeddable":true,"href":"https:\/\/www.bhype.it\/de\/wp-json\/wp\/v2\/users\/1"}],"replies":[{"embeddable":true,"href":"https:\/\/www.bhype.it\/de\/wp-json\/wp\/v2\/comments?post=7747"}],"version-history":[{"count":5,"href":"https:\/\/www.bhype.it\/de\/wp-json\/wp\/v2\/pages\/7747\/revisions"}],"predecessor-version":[{"id":7845,"href":"https:\/\/www.bhype.it\/de\/wp-json\/wp\/v2\/pages\/7747\/revisions\/7845"}],"wp:attachment":[{"href":"https:\/\/www.bhype.it\/de\/wp-json\/wp\/v2\/media?parent=7747"}],"curies":[{"name":"wp","href":"https:\/\/api.w.org\/{rel}","templated":true}]}}