{"id":7781,"date":"2023-04-04T14:53:44","date_gmt":"2023-04-04T12:53:44","guid":{"rendered":"https:\/\/www.bhype.it\/?page_id=7781"},"modified":"2023-04-04T15:01:43","modified_gmt":"2023-04-04T13:01:43","slug":"website-erstellung","status":"publish","type":"page","link":"https:\/\/www.bhype.it\/de\/website-erstellung\/","title":{"rendered":"Website erstellung"},"content":{"rendered":"<p>[vc_row full_width=&#8220;stretch_row_content_no_spaces&#8220;][vc_column css=&#8220;.vc_custom_1675863528035{margin: 0px !important;padding: 0px !important;}&#8220;][vc_single_image image=&#8220;7081&#8243; img_size=&#8220;full&#8220;][\/vc_column][\/vc_row][vc_row equal_height=&#8220;yes&#8220; content_placement=&#8220;middle&#8220; css=&#8220;.vc_custom_1677575222980{background-color: #ededed !important;}&#8220;][vc_column css=&#8220;.vc_custom_1542210878518{padding-top: 0px !important;}&#8220;][vc_empty_space height=&#8220;45px&#8220;]<div class=\"qodef-shortcode qodef-m  qodef-section-title qodef-alignment--center \">\n\t\t<h2 class=\"qodef-m-title\" >\n\t\t\t\t\tWEBSITE-ERSTELLUNG_\t\t\t<\/h2>\n\t<\/div>[vc_column_text]<\/p>\n<h3 style=\"text-align: center;\">BENUTZERFREUNDLICH, ANPASSUNGSF\u00c4HIG UND SEO-OPTIMIERT.<\/h3>\n<p>[\/vc_column_text][vc_empty_space height=&#8220;45px&#8220;][vc_separator color=&#8220;custom&#8220; border_width=&#8220;5&#8243; el_class=&#8220;max-size&#8220; accent_color=&#8220;#ff5507&#8243;][\/vc_column][\/vc_row][vc_row content_text_alignment=&#8220;center&#8220; css=&#8220;.vc_custom_1675697117445{background-position: center !important;background-repeat: no-repeat !important;background-size: contain !important;}&#8220; el_class=&#8220;shadow-center&#8220;][vc_column css=&#8220;.vc_custom_1591187654932{margin-top: 0px !important;padding-top: 0px !important;}&#8220;][vc_empty_space height=&#8220;65px&#8220;][vc_row_inner equal_height=&#8220;yes&#8220; content_placement=&#8220;middle&#8220; row_content_width=&#8220;grid&#8220; content_text_alignment=&#8220;left&#8220;][vc_column_inner width=&#8220;1\/2&#8243;]<h2 class=\"qodef-shortcode qodef-m  qodef-highlight \" style=\"color: #ffffff\">\n\t\t\t<span class=\"qodef-highlight-text\" data-highlight=\"#ff5507\" style=\"color: #ffffff\">WORUM GEHT ES<\/span>\t<\/h2>[vc_empty_space height=&#8220;25px&#8220;]<div class=\"qodef-shortcode qodef-m icon-agency qodef-icon-with-text qodef-layout--before-content qodef--icon-pack  qodef--loading-animation\">\n\t<div class=\"qodef-m-icon-wrapper\">\n\t\t<span class=\"qodef-shortcode qodef-m  qodef-icon-holder qodef-size--small qodef-layout--normal\"  >\t        <span class=\"qodef-icon-font-awesome fa fa-globe qodef-icon qodef-e\" style=\"color: #0a0a0a;font-size:35px\" ><\/span>    <\/span>\t<\/div>\n\t<div class=\"qodef-m-content\">\n\t\t\t<h3 class=\"qodef-m-title\" style=\"color: #0a0a0a\">\n\t\t\t\t\t<span class=\"qodef-m-title-text\">WARUM EINE WEBSITE ERSTELLEN?<\/span>\n\t\t\t<\/h3>\n\t\t\t<\/div>\n<\/div>[vc_column_text el_class=&#8220;black-txt&#8220;]Heutzutage ist es unerl\u00e4sslich, eine Website zu haben: Die Zunahme der Stunden, die Benutzer im Internet verbringen, und neue Technologien haben es den Menschen erm\u00f6glicht, sich von \u00fcberall mit jedem Teil der Welt und zu jeder Zeit zu verbinden. diese Hyperverbindung ist eine hervorragende M\u00f6glichkeit f\u00fcr alle Unternehmen, sich sichtbar zu machen und ihre Kundenzahl zu steigern.<\/p>\n<p>Neuesten Daten zufolge f\u00fchren Nutzer bereits vor dem Kauf eines Produkts oder einer Dienstleistung einige Suchen im Internet durch, um alle m\u00f6glichen Informationen, den g\u00fcnstigsten Preis und auch Bewertungen anderer Nutzer zu finden. Nach der richtigen Recherche folgt der Schritt des endg\u00fcltigen Kaufs. Eine gut organisierte Website ist nicht nur ein Schaufenster f\u00fcr Ihr Unternehmen, sondern ein echtes Webmarketing-Tool, mit dem Sie eine gro\u00dfe Anzahl von Benutzern erreichen und binden k\u00f6nnen.<\/p>\n<p>Bhypepowered by BlendIT h\u00f6rt auf Ihre Bed\u00fcrfnisse und baut die ma\u00dfgeschneiderte Unternehmenswebsite so, dass sie sowohl f\u00fcr Google als auch f\u00fcr die Nutzer perfekt ist.[\/vc_column_text][\/vc_column_inner][vc_column_inner width=&#8220;1\/2&#8243; css=&#8220;.vc_custom_1592225648536{padding-right: 20px !important;}&#8220;][vc_single_image image=&#8220;7138&#8243; img_size=&#8220;full&#8220; alignment=&#8220;center&#8220;][\/vc_column_inner][\/vc_row_inner][vc_row_inner equal_height=&#8220;yes&#8220; content_placement=&#8220;middle&#8220; row_content_width=&#8220;grid&#8220; content_text_alignment=&#8220;left&#8220;][vc_column_inner width=&#8220;1\/2&#8243; css=&#8220;.vc_custom_1592225648536{padding-right: 20px !important;}&#8220;][vc_single_image image=&#8220;7145&#8243; img_size=&#8220;full&#8220; alignment=&#8220;center&#8220;][\/vc_column_inner][vc_column_inner width=&#8220;1\/2&#8243;][vc_empty_space height=&#8220;50px&#8220;]<div class=\"qodef-shortcode qodef-m icon-agency qodef-icon-with-text qodef-layout--before-content qodef--icon-pack  qodef--loading-animation\">\n\t<div class=\"qodef-m-icon-wrapper\">\n\t\t<span class=\"qodef-shortcode qodef-m  qodef-icon-holder qodef-size--medium qodef-layout--normal\"  >\t        <span class=\"qodef-icon-font-awesome fa fa-star qodef-icon qodef-e\" style=\"color: #0a0a0a;font-size:35px\" ><\/span>    <\/span>\t<\/div>\n\t<div class=\"qodef-m-content\">\n\t\t\t<h3 class=\"qodef-m-title\" style=\"color: #0a0a0a\">\n\t\t\t\t\t<span class=\"qodef-m-title-text\">20 JAHRE ERFAHRUNG IM DIGITALEN BEREICH<\/span>\n\t\t\t<\/h3>\n\t\t\t<\/div>\n<\/div>[vc_column_text el_class=&#8220;black-txt&#8220;]Die Investition in ein gutes Portal richtet sich in 95% der F\u00e4lle an Unternehmen, die ihre Dienstleistungen bewerben und ggf. ihre Produkte\/Dienstleistungen vermarkten und verkaufen m\u00fcssen. Deshalb ist es wichtig, sich an erfahrene Fachleute der Branche zu wenden.<\/p>\n<p>Bhypepowered by BlendIT erstellt, pflegt und f\u00f6rdert professionelle Websites aller Art und Branchen. Unsere T\u00e4tigkeit beginnt bei der Auswahl der Domain, \u00fcber die SEO-Optimierung f\u00fcr Suchmaschinen, sie entwickelt sich in der Pflege der grafischen Aspekte jeder einzelnen Seite, bei der Suche nach den richtigen Schl\u00fcsselw\u00f6rtern f\u00fcr die Indexierung in Suchmaschinen. Wir garantieren kontinuierliche Unterst\u00fctzung f\u00fcr alle Wartungs-, Optimierungs- und Aktualisierungseingriffe.[\/vc_column_text][vc_empty_space height=&#8220;25px&#8220;]<div class=\"qodef-shortcode qodef-m icon-agency qodef-icon-with-text qodef-layout--before-content qodef--icon-pack  qodef--loading-animation\">\n\t<div class=\"qodef-m-icon-wrapper\">\n\t\t<span class=\"qodef-shortcode qodef-m  qodef-icon-holder qodef-size--medium qodef-layout--normal\"  >\t        <span class=\"qodef-icon-font-awesome fab fa-wordpress qodef-icon qodef-e\" style=\"color: #0a0a0a;font-size:35px\" ><\/span>    <\/span>\t<\/div>\n\t<div class=\"qodef-m-content\">\n\t\t\t<h3 class=\"qodef-m-title\" style=\"color: #0a0a0a\">\n\t\t\t\t\t<span class=\"qodef-m-title-text\">Attivit\u00e0 di realizzazione e restyling siti web<\/span>\n\t\t\t<\/h3>\n\t\t\t<\/div>\n<\/div>[vc_column_text el_class=&#8220;black-txt&#8220;]Die Entwicklung oder Neugestaltung einer Website ist eine T\u00e4tigkeit, die Experten und Fachleute der Branche ausf\u00fchren m\u00fcssen. Um mit der Arbeit zu beginnen, m\u00fcssen Sie eine Vorstellung vom Layout der grafischen Aspekte der Seiten haben, da Sie sonst riskieren, verwirrende Seiten zu erstellen, die Ihre Ziele nicht erreichen. Sie m\u00fcssen die Sprachen PHP, Javascript und HTML5 kennen, \u00fcber SEO-Positionierungsf\u00e4higkeiten und Erfahrung in der Verwendung der beliebtesten CMS verf\u00fcgen.[\/vc_column_text][\/vc_column_inner][\/vc_row_inner][vc_row_inner content_text_alignment=&#8220;left&#8220;][vc_column_inner][vc_empty_space height=&#8220;30px&#8220;][vc_column_text el_class=&#8220;black-txt&#8220; css=&#8220;.vc_custom_1680612716499{padding-bottom: 15px !important;}&#8220;]Dies sind nur die Ausgangspunkte f\u00fcr die Erstellung einer angemessenen und professionellen Website.Erinnern wir uns daran, dass Benutzer heute vor dem Kauf nach Informationen im Internet suchen, erst nachdem sie viele Suchen durchgef\u00fchrt haben, werden sie sich entscheiden, aus diesem Grund zahlt sich die Investition in eine von erfahrenen Fachleuten erstellte Website mit der Zeit aus. Das Auge des Benutzers will seinen Anteil haben, also werden die Leute es zu sch\u00e4tzen wissen und eher geneigt sein, wiederzukommen, sie werden Eink\u00e4ufe auf einer gut gepflegten, aktualisierten und einfach zu navigierenden Website t\u00e4tigen.<\/p>\n<p>Das Bhype-Team erstellt nicht nur Ihre Website, sondern bietet auch SEO-Beratung mit ma\u00dfgeschneiderten SEO-Audits, die auf Ihre Bed\u00fcrfnisse zugeschnitten sind.Wir erstellen die Struktur und die Seiten Ihrer neuen Website, indem wir Schl\u00fcsselw\u00f6rter f\u00fcr die Indizierung in Suchmaschinen optimieren, und bieten auch im Laufe der Zeit st\u00e4ndige Unterst\u00fctzung, einschlie\u00dflich Wartung, Optimierung und Aktualisierung der Website selbst.[\/vc_column_text]<div class=\"qodef-shortcode qodef-m icon-agency qodef-icon-with-text qodef-layout--before-content qodef--icon-pack  qodef--loading-animation\">\n\t<div class=\"qodef-m-icon-wrapper\">\n\t\t<span class=\"qodef-shortcode qodef-m  qodef-icon-holder qodef-size--medium qodef-layout--normal\"  >\t        <span class=\"qodef-icon-font-awesome fab fa-google qodef-icon qodef-e\" style=\"color: #0a0a0a;font-size:35px\" ><\/span>    <\/span>\t<\/div>\n\t<div class=\"qodef-m-content\">\n\t\t\t<h3 class=\"qodef-m-title\" style=\"color: #0a0a0a\">\n\t\t\t\t\t<span class=\"qodef-m-title-text\">WARUM EIN SEO-PROJEKT EVALUIEREN, BEVOR EINE WEBSITE ERSTELLT WIRD?<\/span>\n\t\t\t<\/h3>\n\t\t\t<\/div>\n<\/div>[vc_column_text el_class=&#8220;black-txt&#8220;]SEO (<em>Search Engine Optimization<\/em>) ist die strategische und operative Aktivit\u00e4t, die es Benutzern erm\u00f6glicht, Ihre Website einfacher und schneller zu finden. Es reicht nicht aus, nur eine Website zu haben. Wenn Sie mehr Benutzer erreichen, mehr Sichtbarkeit haben und den Umsatz steigern m\u00f6chten, m\u00fcssen Sie die Website als leistungsstarkes Gesch\u00e4fts- und Webmarketing-Tool betrachten.<\/p>\n<p>SEO ist der Index, mit dem Suchmaschinen Websites klassifizieren, um auszuw\u00e4hlen, welche auf der ersten Seite erscheinen sollen und welche nicht. Benutzer, wenn sie eine Suche bei Google durchf\u00fchren, schauen sich einfach die ersten 3 Ergebnisseiten an. Was wir tun, ist die Analyse der Schl\u00fcsselw\u00f6rter durch eine SEO-Audit-Arbeit, die es Ihnen erm\u00f6glicht, sie gezielt zu analysieren, um die Website an der Spitze von Google und den wichtigsten Suchmaschinen zu positionieren.[\/vc_column_text][vc_empty_space height=&#8220;30px&#8220;][\/vc_column_inner][\/vc_row_inner][\/vc_column][\/vc_row]<\/p>\n","protected":false},"excerpt":{"rendered":"<p>[vc_row full_width=&#8220;stretch_row_content_no_spaces&#8220;][vc_column css=&#8220;.vc_custom_1675863528035{margin: 0px !important;padding: 0px !important;}&#8220;][vc_single_image image=&#8220;7081&#8243; img_size=&#8220;full&#8220;][\/vc_column][\/vc_row][vc_row equal_height=&#8220;yes&#8220; content_placement=&#8220;middle&#8220; css=&#8220;.vc_custom_1677575222980{background-color: #ededed !important;}&#8220;][vc_column css=&#8220;.vc_custom_1542210878518{padding-top: 0px !important;}&#8220;][vc_empty_space height=&#8220;45px&#8220;][vc_column_text] BENUTZERFREUNDLICH, ANPASSUNGSF\u00c4HIG UND SEO-OPTIMIERT. [\/vc_column_text][vc_empty_space height=&#8220;45px&#8220;][vc_separator color=&#8220;custom&#8220; border_width=&#8220;5&#8243; el_class=&#8220;max-size&#8220; accent_color=&#8220;#ff5507&#8243;][\/vc_column][\/vc_row][vc_row content_text_alignment=&#8220;center&#8220; css=&#8220;.vc_custom_1675697117445{background-position: center !important;background-repeat: no-repeat !important;background-size: contain !important;}&#8220; el_class=&#8220;shadow-center&#8220;][vc_column css=&#8220;.vc_custom_1591187654932{margin-top: 0px !important;padding-top: 0px !important;}&#8220;][vc_empty_space height=&#8220;65px&#8220;][vc_row_inner equal_height=&#8220;yes&#8220; content_placement=&#8220;middle&#8220; row_content_width=&#8220;grid&#8220; content_text_alignment=&#8220;left&#8220;][vc_column_inner width=&#8220;1\/2&#8243;][vc_empty_space height=&#8220;25px&#8220;][vc_column_text el_class=&#8220;black-txt&#8220;]Heutzutage ist es unerl\u00e4sslich, eine Website [&hellip;]<\/p>\n","protected":false},"author":1,"featured_media":0,"parent":0,"menu_order":0,"comment_status":"closed","ping_status":"closed","template":"page-full-width.php","meta":{"footnotes":""},"class_list":["post-7781","page","type-page","status-publish","hentry"],"yoast_head":"<!-- This site is optimized with the Yoast SEO plugin v25.8 - https:\/\/yoast.com\/wordpress\/plugins\/seo\/ -->\n<title>Heutzutage ist es unerl\u00e4sslich, eine Website zu haben | Bhype<\/title>\n<meta name=\"description\" content=\"Heutzutage ist es unerl\u00e4sslich, eine Website zu haben: Die Zunahme der Stunden, die Benutzer im Internet verbringen, und neue Technologien\" \/>\n<meta name=\"robots\" content=\"index, follow, max-snippet:-1, max-image-preview:large, max-video-preview:-1\" \/>\n<link rel=\"canonical\" href=\"https:\/\/www.bhype.it\/de\/website-erstellung\/\" \/>\n<meta property=\"og:locale\" content=\"de_DE\" \/>\n<meta property=\"og:type\" content=\"article\" \/>\n<meta property=\"og:title\" content=\"Heutzutage ist es unerl\u00e4sslich, eine Website zu haben | Bhype\" \/>\n<meta property=\"og:description\" content=\"Heutzutage ist es unerl\u00e4sslich, eine Website zu haben: Die Zunahme der Stunden, die Benutzer im Internet verbringen, und neue Technologien\" \/>\n<meta property=\"og:url\" content=\"https:\/\/www.bhype.it\/de\/website-erstellung\/\" \/>\n<meta property=\"og:site_name\" content=\"Bhype\" \/>\n<meta property=\"article:modified_time\" content=\"2023-04-04T13:01:43+00:00\" \/>\n<meta name=\"twitter:card\" content=\"summary_large_image\" \/>\n<meta name=\"twitter:label1\" content=\"Gesch\u00e4tzte Lesezeit\" \/>\n\t<meta name=\"twitter:data1\" content=\"5\u00a0Minuten\" \/>\n<script type=\"application\/ld+json\" class=\"yoast-schema-graph\">{\"@context\":\"https:\/\/schema.org\",\"@graph\":[{\"@type\":\"WebPage\",\"@id\":\"https:\/\/www.bhype.it\/de\/website-erstellung\/\",\"url\":\"https:\/\/www.bhype.it\/de\/website-erstellung\/\",\"name\":\"Heutzutage ist es unerl\u00e4sslich, eine Website zu haben | Bhype\",\"isPartOf\":{\"@id\":\"https:\/\/www.bhype.it\/de\/#website\"},\"datePublished\":\"2023-04-04T12:53:44+00:00\",\"dateModified\":\"2023-04-04T13:01:43+00:00\",\"description\":\"Heutzutage ist es unerl\u00e4sslich, eine Website zu haben: Die Zunahme der Stunden, die Benutzer im Internet verbringen, und neue Technologien\",\"breadcrumb\":{\"@id\":\"https:\/\/www.bhype.it\/de\/website-erstellung\/#breadcrumb\"},\"inLanguage\":\"de\",\"potentialAction\":[{\"@type\":\"ReadAction\",\"target\":[\"https:\/\/www.bhype.it\/de\/website-erstellung\/\"]}]},{\"@type\":\"BreadcrumbList\",\"@id\":\"https:\/\/www.bhype.it\/de\/website-erstellung\/#breadcrumb\",\"itemListElement\":[{\"@type\":\"ListItem\",\"position\":1,\"name\":\"Home\",\"item\":\"https:\/\/www.bhype.it\/de\/\"},{\"@type\":\"ListItem\",\"position\":2,\"name\":\"Website erstellung\"}]},{\"@type\":\"WebSite\",\"@id\":\"https:\/\/www.bhype.it\/de\/#website\",\"url\":\"https:\/\/www.bhype.it\/de\/\",\"name\":\"Bhype\",\"description\":\"\",\"publisher\":{\"@id\":\"https:\/\/www.bhype.it\/de\/#organization\"},\"potentialAction\":[{\"@type\":\"SearchAction\",\"target\":{\"@type\":\"EntryPoint\",\"urlTemplate\":\"https:\/\/www.bhype.it\/de\/?s={search_term_string}\"},\"query-input\":{\"@type\":\"PropertyValueSpecification\",\"valueRequired\":true,\"valueName\":\"search_term_string\"}}],\"inLanguage\":\"de\"},{\"@type\":\"Organization\",\"@id\":\"https:\/\/www.bhype.it\/de\/#organization\",\"name\":\"Bhype\",\"url\":\"https:\/\/www.bhype.it\/de\/\",\"logo\":{\"@type\":\"ImageObject\",\"inLanguage\":\"de\",\"@id\":\"https:\/\/www.bhype.it\/de\/#\/schema\/logo\/image\/\",\"url\":\"https:\/\/www.bhype.it\/wp-content\/uploads\/2020\/12\/logo-bhype-solo.png\",\"contentUrl\":\"https:\/\/www.bhype.it\/wp-content\/uploads\/2020\/12\/logo-bhype-solo.png\",\"width\":416,\"height\":128,\"caption\":\"Bhype\"},\"image\":{\"@id\":\"https:\/\/www.bhype.it\/de\/#\/schema\/logo\/image\/\"}}]}<\/script>\n<!-- \/ Yoast SEO plugin. -->","yoast_head_json":{"title":"Heutzutage ist es unerl\u00e4sslich, eine Website zu haben | Bhype","description":"Heutzutage ist es unerl\u00e4sslich, eine Website zu haben: Die Zunahme der Stunden, die Benutzer im Internet verbringen, und neue Technologien","robots":{"index":"index","follow":"follow","max-snippet":"max-snippet:-1","max-image-preview":"max-image-preview:large","max-video-preview":"max-video-preview:-1"},"canonical":"https:\/\/www.bhype.it\/de\/website-erstellung\/","og_locale":"de_DE","og_type":"article","og_title":"Heutzutage ist es unerl\u00e4sslich, eine Website zu haben | Bhype","og_description":"Heutzutage ist es unerl\u00e4sslich, eine Website zu haben: Die Zunahme der Stunden, die Benutzer im Internet verbringen, und neue Technologien","og_url":"https:\/\/www.bhype.it\/de\/website-erstellung\/","og_site_name":"Bhype","article_modified_time":"2023-04-04T13:01:43+00:00","twitter_card":"summary_large_image","twitter_misc":{"Gesch\u00e4tzte Lesezeit":"5\u00a0Minuten"},"schema":{"@context":"https:\/\/schema.org","@graph":[{"@type":"WebPage","@id":"https:\/\/www.bhype.it\/de\/website-erstellung\/","url":"https:\/\/www.bhype.it\/de\/website-erstellung\/","name":"Heutzutage ist es unerl\u00e4sslich, eine Website zu haben | Bhype","isPartOf":{"@id":"https:\/\/www.bhype.it\/de\/#website"},"datePublished":"2023-04-04T12:53:44+00:00","dateModified":"2023-04-04T13:01:43+00:00","description":"Heutzutage ist es unerl\u00e4sslich, eine Website zu haben: Die Zunahme der Stunden, die Benutzer im Internet verbringen, und neue Technologien","breadcrumb":{"@id":"https:\/\/www.bhype.it\/de\/website-erstellung\/#breadcrumb"},"inLanguage":"de","potentialAction":[{"@type":"ReadAction","target":["https:\/\/www.bhype.it\/de\/website-erstellung\/"]}]},{"@type":"BreadcrumbList","@id":"https:\/\/www.bhype.it\/de\/website-erstellung\/#breadcrumb","itemListElement":[{"@type":"ListItem","position":1,"name":"Home","item":"https:\/\/www.bhype.it\/de\/"},{"@type":"ListItem","position":2,"name":"Website erstellung"}]},{"@type":"WebSite","@id":"https:\/\/www.bhype.it\/de\/#website","url":"https:\/\/www.bhype.it\/de\/","name":"Bhype","description":"","publisher":{"@id":"https:\/\/www.bhype.it\/de\/#organization"},"potentialAction":[{"@type":"SearchAction","target":{"@type":"EntryPoint","urlTemplate":"https:\/\/www.bhype.it\/de\/?s={search_term_string}"},"query-input":{"@type":"PropertyValueSpecification","valueRequired":true,"valueName":"search_term_string"}}],"inLanguage":"de"},{"@type":"Organization","@id":"https:\/\/www.bhype.it\/de\/#organization","name":"Bhype","url":"https:\/\/www.bhype.it\/de\/","logo":{"@type":"ImageObject","inLanguage":"de","@id":"https:\/\/www.bhype.it\/de\/#\/schema\/logo\/image\/","url":"https:\/\/www.bhype.it\/wp-content\/uploads\/2020\/12\/logo-bhype-solo.png","contentUrl":"https:\/\/www.bhype.it\/wp-content\/uploads\/2020\/12\/logo-bhype-solo.png","width":416,"height":128,"caption":"Bhype"},"image":{"@id":"https:\/\/www.bhype.it\/de\/#\/schema\/logo\/image\/"}}]}},"_links":{"self":[{"href":"https:\/\/www.bhype.it\/de\/wp-json\/wp\/v2\/pages\/7781","targetHints":{"allow":["GET"]}}],"collection":[{"href":"https:\/\/www.bhype.it\/de\/wp-json\/wp\/v2\/pages"}],"about":[{"href":"https:\/\/www.bhype.it\/de\/wp-json\/wp\/v2\/types\/page"}],"author":[{"embeddable":true,"href":"https:\/\/www.bhype.it\/de\/wp-json\/wp\/v2\/users\/1"}],"replies":[{"embeddable":true,"href":"https:\/\/www.bhype.it\/de\/wp-json\/wp\/v2\/comments?post=7781"}],"version-history":[{"count":2,"href":"https:\/\/www.bhype.it\/de\/wp-json\/wp\/v2\/pages\/7781\/revisions"}],"predecessor-version":[{"id":7783,"href":"https:\/\/www.bhype.it\/de\/wp-json\/wp\/v2\/pages\/7781\/revisions\/7783"}],"wp:attachment":[{"href":"https:\/\/www.bhype.it\/de\/wp-json\/wp\/v2\/media?parent=7781"}],"curies":[{"name":"wp","href":"https:\/\/api.w.org\/{rel}","templated":true}]}}