{"id":7286,"date":"2023-02-06T09:55:23","date_gmt":"2023-02-06T08:55:23","guid":{"rendered":"https:\/\/www.bhype.it\/call-center-internazionale\/"},"modified":"2023-03-06T12:19:48","modified_gmt":"2023-03-06T11:19:48","slug":"call-center-internacional","status":"publish","type":"page","link":"https:\/\/www.bhype.it\/es\/call-center-internacional\/","title":{"rendered":"Call Center Internacional"},"content":{"rendered":"<p>[vc_row full_width=\u00bbstretch_row_content_no_spaces\u00bb css=\u00bb.vc_custom_1678101540278{margin-right: 0px !important;margin-left: 0px !important;padding-right: 0px !important;padding-left: 0px !important;}\u00bb][vc_column][vc_single_image image=\u00bb7082&#8243; img_size=\u00bbfull\u00bb][\/vc_column][\/vc_row][vc_row equal_height=\u00bbyes\u00bb content_placement=\u00bbmiddle\u00bb css=\u00bb.vc_custom_1677509557717{background-color: #ededed !important;}\u00bb][vc_column css=\u00bb.vc_custom_1542210878518{padding-top: 0px !important;}\u00bb][vc_empty_space height=\u00bb45px\u00bb]<div class=\"qodef-shortcode qodef-m  qodef-section-title qodef-alignment--center \">\n\t\t<h2 class=\"qodef-m-title\" >\n\t\t\t\t\tCALL CENTER INTERNACIONAL_\t\t\t<\/h2>\n\t<\/div>[vc_column_text]<\/p>\n<h3 style=\"text-align: center;\">COMUNICARSE CORRECTAMENTE. HABLA EL MISMO IDIOMA QUE LOS CLIENTES<\/h3>\n<p>[\/vc_column_text][vc_empty_space height=\u00bb45px\u00bb][vc_separator color=\u00bbcustom\u00bb border_width=\u00bb5&#8243; el_class=\u00bbmax-size\u00bb accent_color=\u00bb#ff5507&#8243;][\/vc_column][\/vc_row][vc_row content_text_alignment=\u00bbcenter\u00bb css=\u00bb.vc_custom_1675697116039{background-position: center !important;background-repeat: no-repeat !important;background-size: contain !important;}\u00bb el_class=\u00bbshadow-center\u00bb][vc_column css=\u00bb.vc_custom_1591187654932{margin-top: 0px !important;padding-top: 0px !important;}\u00bb][vc_empty_space height=\u00bb65px\u00bb][vc_row_inner equal_height=\u00bbyes\u00bb content_placement=\u00bbmiddle\u00bb row_content_width=\u00bbgrid\u00bb content_text_alignment=\u00bbleft\u00bb][vc_column_inner width=\u00bb1\/2&#8243;]<h2 class=\"qodef-shortcode qodef-m  qodef-highlight \" style=\"color: #ffffff\">\n\t\t\t<span class=\"qodef-highlight-text\" data-highlight=\"#ff5507\" style=\"color: #ffffff\">\u00bfDE QU\u00c9 SE TRATA?<\/span>\t<\/h2>[vc_empty_space height=\u00bb25px\u00bb]<div class=\"qodef-shortcode qodef-m icon-agency qodef-icon-with-text qodef-layout--before-content qodef--icon-pack  qodef--loading-animation\">\n\t<div class=\"qodef-m-icon-wrapper\">\n\t\t<span class=\"qodef-shortcode qodef-m  qodef-icon-holder qodef-size--small qodef-layout--normal\"  >\t        <span class=\"qodef-icon-font-awesome fa fa-bullseye qodef-icon qodef-e\" style=\"color: #0a0a0a;font-size:35px\" ><\/span>    <\/span>\t<\/div>\n\t<div class=\"qodef-m-content\">\n\t\t\t<h3 class=\"qodef-m-title\" style=\"color: #0a0a0a\">\n\t\t\t\t\t<span class=\"qodef-m-title-text\">UN SERVICIO CLAVE PARA LA ESTRATEGIA DE MARKETING<\/span>\n\t\t\t<\/h3>\n\t\t\t<\/div>\n<\/div>[vc_column_text el_class=\u00bbblack-txt\u00bb]El servicio de<strong> call center internacion<\/strong>al es un <strong>v\u00e1lido aliado<\/strong> para mejorar la <strong>difusi\u00f3n del propio brand y entrar en otros pa\u00edses<\/strong>.<\/p>\n<p>Constantemente nos limitamos a solo ofrecer servicios y productos al territorio en el cual nos encontramos (en este caso Italia), pero hoy en d\u00eda la decisi\u00f3n de <strong>abrirse a mercados internacionales<\/strong> conlleva a una gran y<strong> efectiva ayuda en el incremento en las ventas y conocimiento del propio brand<\/strong>.<\/p>\n<p><strong>Con Bhype\u00a0es posible alcanzar estos objetivos<\/strong>, sin cometer en el camino los cl\u00e1sicos errores de quien llega a mercados poco conocidos o totalmente desconocidos y obtiene negativas repercusiones en su proyecto debusiness.[\/vc_column_text][\/vc_column_inner][vc_column_inner width=\u00bb1\/2&#8243; css=\u00bb.vc_custom_1592225648536{padding-right: 20px !important;}\u00bb][vc_single_image image=\u00bb6915&#8243; img_size=\u00bbfull\u00bb alignment=\u00bbcenter\u00bb][\/vc_column_inner][\/vc_row_inner][vc_empty_space height=\u00bb65px\u00bb][vc_row_inner equal_height=\u00bbyes\u00bb content_placement=\u00bbmiddle\u00bb row_content_width=\u00bbgrid\u00bb content_text_alignment=\u00bbleft\u00bb][vc_column_inner width=\u00bb1\/2&#8243; css=\u00bb.vc_custom_1592225648536{padding-right: 20px !important;}\u00bb][vc_single_image image=\u00bb6920&#8243; img_size=\u00bbfull\u00bb alignment=\u00bbcenter\u00bb][\/vc_column_inner][vc_column_inner width=\u00bb1\/2&#8243;][vc_empty_space height=\u00bb50px\u00bb]<div class=\"qodef-shortcode qodef-m icon-agency qodef-icon-with-text qodef-layout--before-content qodef--icon-pack  qodef--loading-animation\">\n\t<div class=\"qodef-m-icon-wrapper\">\n\t\t<span class=\"qodef-shortcode qodef-m  qodef-icon-holder qodef-size--medium qodef-layout--normal\"  >\t        <span class=\"qodef-icon-font-awesome fa fa-lightbulb qodef-icon qodef-e\" style=\"color: #0a0a0a;font-size:35px\" ><\/span>    <\/span>\t<\/div>\n\t<div class=\"qodef-m-content\">\n\t\t\t<h3 class=\"qodef-m-title\" style=\"color: #0a0a0a\">\n\t\t\t\t\t<span class=\"qodef-m-title-text\">LA DIFUSI\u00d3N DEL PROPIO BRAND Y M\u00c1S<\/span>\n\t\t\t<\/h3>\n\t\t\t<\/div>\n<\/div>[vc_column_text el_class=\u00bbblack-txt\u00bb]<\/p>\n<blockquote><p><strong>Ampl\u00ede los horizontes de su mercado, prestando mucha atenci\u00f3n a las caracter\u00edsticas espec\u00edficas del pa\u00eds<\/strong> hacia el que se orienta la propuesta del producto\/servicio.<\/p><\/blockquote>\n<p>Un producto\/servicio vendido en Italia puede, con las debidas precauciones, tambi\u00e9n ser \u00f3ptimo para el mercado europeo\u00a0y potencialmente podr\u00eda venderse en todo el mundo. Se ofrece a la empresa la <strong>oportunidad concreta de darse a conocer internacionalmente<\/strong> sin errores ni p\u00e9rdidas de tiempo.<\/p>\n<p>En la base de la decisi\u00f3n de confiar en un servicio de<strong> contact center internacional<\/strong>, debe estar la conciencia de recurrir a un <strong>equipo de profesionales<\/strong> que <strong>operen adecuadamente<\/strong>, haciendo todo lo posible para <strong>obtener los mejores resultados<\/strong>, sin correr el riesgo de crear condiciones desventajosas para el negocio.[\/vc_column_text][\/vc_column_inner][\/vc_row_inner][\/vc_column][\/vc_row][vc_row css=\u00bb.vc_custom_1675243744569{margin: 0px !important;padding: 0px !important;}\u00bb][vc_column][vc_empty_space height=\u00bb45px\u00bb][\/vc_column][\/vc_row][vc_row equal_height=\u00bbyes\u00bb content_placement=\u00bbmiddle\u00bb content_text_alignment=\u00bbcenter\u00bb][vc_column css=\u00bb.vc_custom_1542210878518{padding-top: 0px !important;}\u00bb]<h2 class=\"qodef-shortcode qodef-m  qodef-highlight \" style=\"color: #0a0a0a\">\n\t\t\t<span class=\"qodef-highlight-text\" data-highlight=\"#be0b01\" style=\"color: #ffffff\">EL SERVICIO CALL CENTER INTERNACIONAL DE BHYPE POWERED BY GRUPO BLENDIT<\/span>\t<\/h2>[\/vc_column][\/vc_row][vc_row equal_height=\u00bbyes\u00bb content_placement=\u00bbmiddle\u00bb][vc_column css=\u00bb.vc_custom_1542210878518{padding-top: 0px !important;}\u00bb][vc_empty_space height=\u00bb30px\u00bb][\/vc_column][\/vc_row][vc_row row_content_width=\u00bbgrid\u00bb][vc_column width=\u00bb1\/3&#8243; css=\u00bb.vc_custom_1591187654932{margin-top: 0px !important;padding-top: 0px !important;}\u00bb]<div class=\"qodef-shortcode qodef-m  qodef-section-title qodef-alignment--left \">\n\t\t<h2 class=\"qodef-m-title\" >\n\t\t\t\t\tUN SERVICIO DE CALL CENTER A LA MEDIDA_\t\t\t<\/h2>\n\t<\/div>[\/vc_column][vc_column width=\u00bb2\/3&#8243;]<div class=\"qodef-shortcode qodef-m icon-agency qodef-icon-with-text qodef-layout--before-content qodef--custom-icon qodef--icon-animation qodef--loading-animation\">\n\t<div class=\"qodef-m-icon-wrapper\">\n\t\t\t\t\t<img loading=\"lazy\" decoding=\"async\" width=\"75\" height=\"75\" src=\"https:\/\/www.bhype.it\/wp-content\/uploads\/2023\/02\/globe.png\" class=\"attachment-full size-full\" alt=\"\" \/>\t\t<\/div>\n\t<div class=\"qodef-m-content\">\n\t\t\t<h3 class=\"qodef-m-title\" style=\"color: #0a0a0a\">\n\t\t\t\t\t<span class=\"qodef-m-title-text\">INTERNACIONALIZACI\u00d3N Y MERCADO EXTRANJERO.<\/span>\n\t\t\t<\/h3>\n\t\t\t<p class=\"qodef-m-text\" style=\"color: #333333\">\u00bfEst\u00e1s interesado en expandir tu business al extranjero?<\/p>\n\t<\/div>\n<\/div>[vc_empty_space height=\u00bb38px\u00bb][vc_column_text el_class=\u00bbblack-txts\u00bb]Los operadores telef\u00f3nicos de <strong>Bhype<\/strong>, <strong>expertos en marketing operativo<\/strong>, ofrecen un <strong>servicio \u00f3ptimo<\/strong> y capaz de cumplir con los est\u00e1ndares en t\u00e9rminos de <strong>eficiencia y eficacia del servicio<\/strong>.<\/p>\n<blockquote><p><strong>LOGRE UN BUEN RESULTADO CON B-hype REDUCIENDO ERRORES.<\/strong><\/p><\/blockquote>\n<p>El servicio de <strong>call center internacional Bhype te garantiza<\/strong>:<\/p>\n<ul>\n<li><strong>la reducci\u00f3n de los costes de gesti\u00f3n;<\/strong><\/li>\n<li><strong>operadores de lengua materna experimentados y altamente profesionales.<\/strong><\/li>\n<\/ul>\n<p><strong>Bhype<\/strong>\u00a0garantiza la mejor soluci\u00f3n a las empresas que pretenden expandir su negocio a otros mercados: un <strong>servicio de call center internacional<\/strong> que basa el \u00e9xito de los proyectos en la atenci\u00f3n al detalle.[\/vc_column_text][\/vc_column][\/vc_row][vc_row equal_height=\u00bbyes\u00bb content_placement=\u00bbmiddle\u00bb][vc_column css=\u00bb.vc_custom_1542210878518{padding-top: 0px !important;}\u00bb][vc_empty_space height=\u00bb30px\u00bb][\/vc_column][\/vc_row]<\/p>\n","protected":false},"excerpt":{"rendered":"<p>[vc_row full_width=\u00bbstretch_row_content_no_spaces\u00bb css=\u00bb.vc_custom_1678101540278{margin-right: 0px !important;margin-left: 0px !important;padding-right: 0px !important;padding-left: 0px !important;}\u00bb][vc_column][vc_single_image image=\u00bb7082&#8243; img_size=\u00bbfull\u00bb][\/vc_column][\/vc_row][vc_row equal_height=\u00bbyes\u00bb content_placement=\u00bbmiddle\u00bb css=\u00bb.vc_custom_1677509557717{background-color: #ededed !important;}\u00bb][vc_column css=\u00bb.vc_custom_1542210878518{padding-top: 0px !important;}\u00bb][vc_empty_space height=\u00bb45px\u00bb][vc_column_text] COMUNICARSE CORRECTAMENTE. HABLA EL MISMO IDIOMA QUE LOS CLIENTES [\/vc_column_text][vc_empty_space height=\u00bb45px\u00bb][vc_separator color=\u00bbcustom\u00bb border_width=\u00bb5&#8243; el_class=\u00bbmax-size\u00bb accent_color=\u00bb#ff5507&#8243;][\/vc_column][\/vc_row][vc_row content_text_alignment=\u00bbcenter\u00bb css=\u00bb.vc_custom_1675697116039{background-position: center !important;background-repeat: no-repeat !important;background-size: contain !important;}\u00bb el_class=\u00bbshadow-center\u00bb][vc_column css=\u00bb.vc_custom_1591187654932{margin-top: 0px !important;padding-top: 0px !important;}\u00bb][vc_empty_space height=\u00bb65px\u00bb][vc_row_inner equal_height=\u00bbyes\u00bb content_placement=\u00bbmiddle\u00bb row_content_width=\u00bbgrid\u00bb [&hellip;]<\/p>\n","protected":false},"author":1,"featured_media":0,"parent":0,"menu_order":0,"comment_status":"closed","ping_status":"closed","template":"page-full-width.php","meta":{"footnotes":""},"class_list":["post-7286","page","type-page","status-publish","hentry"],"yoast_head":"<!-- This site is optimized with the Yoast SEO plugin v25.8 - https:\/\/yoast.com\/wordpress\/plugins\/seo\/ -->\n<title>Call center internacional | Bhype<\/title>\n<meta name=\"description\" content=\"Servicios de call center internacional para desarrollo de marca y negocios corporativos en el exterior. Internacionalizaci\u00f3n sin problemas\" \/>\n<meta name=\"robots\" content=\"index, follow, max-snippet:-1, max-image-preview:large, max-video-preview:-1\" \/>\n<link rel=\"canonical\" href=\"https:\/\/www.bhype.it\/es\/call-center-internacional\/\" \/>\n<meta property=\"og:locale\" content=\"es_ES\" \/>\n<meta property=\"og:type\" content=\"article\" \/>\n<meta property=\"og:title\" content=\"Call center internacional | Bhype\" \/>\n<meta property=\"og:description\" content=\"Servicios de call center internacional para desarrollo de marca y negocios corporativos en el exterior. Internacionalizaci\u00f3n sin problemas\" \/>\n<meta property=\"og:url\" content=\"https:\/\/www.bhype.it\/es\/call-center-internacional\/\" \/>\n<meta property=\"og:site_name\" content=\"Bhype\" \/>\n<meta property=\"article:modified_time\" content=\"2023-03-06T11:19:48+00:00\" \/>\n<meta name=\"twitter:card\" content=\"summary_large_image\" \/>\n<meta name=\"twitter:label1\" content=\"Tiempo de lectura\" \/>\n\t<meta name=\"twitter:data1\" content=\"3 minutos\" \/>\n<script type=\"application\/ld+json\" class=\"yoast-schema-graph\">{\"@context\":\"https:\/\/schema.org\",\"@graph\":[{\"@type\":\"WebPage\",\"@id\":\"https:\/\/www.bhype.it\/es\/call-center-internacional\/\",\"url\":\"https:\/\/www.bhype.it\/es\/call-center-internacional\/\",\"name\":\"Call center internacional | Bhype\",\"isPartOf\":{\"@id\":\"https:\/\/www.bhype.it\/es\/#website\"},\"datePublished\":\"2023-02-06T08:55:23+00:00\",\"dateModified\":\"2023-03-06T11:19:48+00:00\",\"description\":\"Servicios de call center internacional para desarrollo de marca y negocios corporativos en el exterior. Internacionalizaci\u00f3n sin problemas\",\"breadcrumb\":{\"@id\":\"https:\/\/www.bhype.it\/es\/call-center-internacional\/#breadcrumb\"},\"inLanguage\":\"es\",\"potentialAction\":[{\"@type\":\"ReadAction\",\"target\":[\"https:\/\/www.bhype.it\/es\/call-center-internacional\/\"]}]},{\"@type\":\"BreadcrumbList\",\"@id\":\"https:\/\/www.bhype.it\/es\/call-center-internacional\/#breadcrumb\",\"itemListElement\":[{\"@type\":\"ListItem\",\"position\":1,\"name\":\"Home\",\"item\":\"https:\/\/www.bhype.it\/es\/\"},{\"@type\":\"ListItem\",\"position\":2,\"name\":\"Call Center Internacional\"}]},{\"@type\":\"WebSite\",\"@id\":\"https:\/\/www.bhype.it\/es\/#website\",\"url\":\"https:\/\/www.bhype.it\/es\/\",\"name\":\"Bhype\",\"description\":\"\",\"publisher\":{\"@id\":\"https:\/\/www.bhype.it\/es\/#organization\"},\"potentialAction\":[{\"@type\":\"SearchAction\",\"target\":{\"@type\":\"EntryPoint\",\"urlTemplate\":\"https:\/\/www.bhype.it\/es\/?s={search_term_string}\"},\"query-input\":{\"@type\":\"PropertyValueSpecification\",\"valueRequired\":true,\"valueName\":\"search_term_string\"}}],\"inLanguage\":\"es\"},{\"@type\":\"Organization\",\"@id\":\"https:\/\/www.bhype.it\/es\/#organization\",\"name\":\"Bhype\",\"url\":\"https:\/\/www.bhype.it\/es\/\",\"logo\":{\"@type\":\"ImageObject\",\"inLanguage\":\"es\",\"@id\":\"https:\/\/www.bhype.it\/es\/#\/schema\/logo\/image\/\",\"url\":\"https:\/\/www.bhype.it\/wp-content\/uploads\/2020\/12\/logo-bhype-solo.png\",\"contentUrl\":\"https:\/\/www.bhype.it\/wp-content\/uploads\/2020\/12\/logo-bhype-solo.png\",\"width\":416,\"height\":128,\"caption\":\"Bhype\"},\"image\":{\"@id\":\"https:\/\/www.bhype.it\/es\/#\/schema\/logo\/image\/\"}}]}<\/script>\n<!-- \/ Yoast SEO plugin. -->","yoast_head_json":{"title":"Call center internacional | Bhype","description":"Servicios de call center internacional para desarrollo de marca y negocios corporativos en el exterior. Internacionalizaci\u00f3n sin problemas","robots":{"index":"index","follow":"follow","max-snippet":"max-snippet:-1","max-image-preview":"max-image-preview:large","max-video-preview":"max-video-preview:-1"},"canonical":"https:\/\/www.bhype.it\/es\/call-center-internacional\/","og_locale":"es_ES","og_type":"article","og_title":"Call center internacional | Bhype","og_description":"Servicios de call center internacional para desarrollo de marca y negocios corporativos en el exterior. Internacionalizaci\u00f3n sin problemas","og_url":"https:\/\/www.bhype.it\/es\/call-center-internacional\/","og_site_name":"Bhype","article_modified_time":"2023-03-06T11:19:48+00:00","twitter_card":"summary_large_image","twitter_misc":{"Tiempo de lectura":"3 minutos"},"schema":{"@context":"https:\/\/schema.org","@graph":[{"@type":"WebPage","@id":"https:\/\/www.bhype.it\/es\/call-center-internacional\/","url":"https:\/\/www.bhype.it\/es\/call-center-internacional\/","name":"Call center internacional | Bhype","isPartOf":{"@id":"https:\/\/www.bhype.it\/es\/#website"},"datePublished":"2023-02-06T08:55:23+00:00","dateModified":"2023-03-06T11:19:48+00:00","description":"Servicios de call center internacional para desarrollo de marca y negocios corporativos en el exterior. Internacionalizaci\u00f3n sin problemas","breadcrumb":{"@id":"https:\/\/www.bhype.it\/es\/call-center-internacional\/#breadcrumb"},"inLanguage":"es","potentialAction":[{"@type":"ReadAction","target":["https:\/\/www.bhype.it\/es\/call-center-internacional\/"]}]},{"@type":"BreadcrumbList","@id":"https:\/\/www.bhype.it\/es\/call-center-internacional\/#breadcrumb","itemListElement":[{"@type":"ListItem","position":1,"name":"Home","item":"https:\/\/www.bhype.it\/es\/"},{"@type":"ListItem","position":2,"name":"Call Center Internacional"}]},{"@type":"WebSite","@id":"https:\/\/www.bhype.it\/es\/#website","url":"https:\/\/www.bhype.it\/es\/","name":"Bhype","description":"","publisher":{"@id":"https:\/\/www.bhype.it\/es\/#organization"},"potentialAction":[{"@type":"SearchAction","target":{"@type":"EntryPoint","urlTemplate":"https:\/\/www.bhype.it\/es\/?s={search_term_string}"},"query-input":{"@type":"PropertyValueSpecification","valueRequired":true,"valueName":"search_term_string"}}],"inLanguage":"es"},{"@type":"Organization","@id":"https:\/\/www.bhype.it\/es\/#organization","name":"Bhype","url":"https:\/\/www.bhype.it\/es\/","logo":{"@type":"ImageObject","inLanguage":"es","@id":"https:\/\/www.bhype.it\/es\/#\/schema\/logo\/image\/","url":"https:\/\/www.bhype.it\/wp-content\/uploads\/2020\/12\/logo-bhype-solo.png","contentUrl":"https:\/\/www.bhype.it\/wp-content\/uploads\/2020\/12\/logo-bhype-solo.png","width":416,"height":128,"caption":"Bhype"},"image":{"@id":"https:\/\/www.bhype.it\/es\/#\/schema\/logo\/image\/"}}]}},"_links":{"self":[{"href":"https:\/\/www.bhype.it\/es\/wp-json\/wp\/v2\/pages\/7286","targetHints":{"allow":["GET"]}}],"collection":[{"href":"https:\/\/www.bhype.it\/es\/wp-json\/wp\/v2\/pages"}],"about":[{"href":"https:\/\/www.bhype.it\/es\/wp-json\/wp\/v2\/types\/page"}],"author":[{"embeddable":true,"href":"https:\/\/www.bhype.it\/es\/wp-json\/wp\/v2\/users\/1"}],"replies":[{"embeddable":true,"href":"https:\/\/www.bhype.it\/es\/wp-json\/wp\/v2\/comments?post=7286"}],"version-history":[{"count":26,"href":"https:\/\/www.bhype.it\/es\/wp-json\/wp\/v2\/pages\/7286\/revisions"}],"predecessor-version":[{"id":7693,"href":"https:\/\/www.bhype.it\/es\/wp-json\/wp\/v2\/pages\/7286\/revisions\/7693"}],"wp:attachment":[{"href":"https:\/\/www.bhype.it\/es\/wp-json\/wp\/v2\/media?parent=7286"}],"curies":[{"name":"wp","href":"https:\/\/api.w.org\/{rel}","templated":true}]}}