{"id":7434,"date":"2023-02-02T15:45:09","date_gmt":"2023-02-02T14:45:09","guid":{"rendered":"https:\/\/www.bhype.it\/servizi-di-contact-center\/"},"modified":"2023-03-06T12:21:20","modified_gmt":"2023-03-06T11:21:20","slug":"servizi-di-contact-center","status":"publish","type":"page","link":"https:\/\/www.bhype.it\/es\/servizi-di-contact-center\/","title":{"rendered":"Contact center"},"content":{"rendered":"<p>[vc_row full_width=\u00bbstretch_row_content_no_spaces\u00bb css=\u00bb.vc_custom_1678101677122{margin-right: 0px !important;margin-left: 0px !important;padding-right: 0px !important;padding-left: 0px !important;}\u00bb][vc_column][vc_single_image image=\u00bb7082&#8243; img_size=\u00bbfull\u00bb][\/vc_column][\/vc_row][vc_row equal_height=\u00bbyes\u00bb content_placement=\u00bbmiddle\u00bb css=\u00bb.vc_custom_1677508232702{background-color: #ededed !important;}\u00bb][vc_column css=\u00bb.vc_custom_1542210878518{padding-top: 0px !important;}\u00bb][vc_empty_space height=\u00bb45px\u00bb]<div class=\"qodef-shortcode qodef-m  qodef-section-title qodef-alignment--center \">\n\t\t<h2 class=\"qodef-m-title\" >\n\t\t\t\t\tCONTACT CENTER A MEDIDA_\t\t\t<\/h2>\n\t<\/div>[vc_column_text]<\/p>\n<h3 style=\"text-align: center;\">EL CENTRO DE LLAMADAS AVANZADO E INTEGRADO<\/h3>\n<p>[\/vc_column_text][vc_empty_space height=\u00bb45px\u00bb][vc_separator color=\u00bbcustom\u00bb border_width=\u00bb5&#8243; el_class=\u00bbmax-size\u00bb accent_color=\u00bb#ff5507&#8243;][\/vc_column][\/vc_row][vc_row content_text_alignment=\u00bbcenter\u00bb css=\u00bb.vc_custom_1675697117445{background-position: center !important;background-repeat: no-repeat !important;background-size: contain !important;}\u00bb el_class=\u00bbshadow-center\u00bb][vc_column css=\u00bb.vc_custom_1591187654932{margin-top: 0px !important;padding-top: 0px !important;}\u00bb][vc_empty_space height=\u00bb65px\u00bb][vc_row_inner equal_height=\u00bbyes\u00bb content_placement=\u00bbmiddle\u00bb row_content_width=\u00bbgrid\u00bb content_text_alignment=\u00bbleft\u00bb][vc_column_inner width=\u00bb1\/2&#8243;]<h2 class=\"qodef-shortcode qodef-m  qodef-highlight \" style=\"color: #ffffff\">\n\t\t\t<span class=\"qodef-highlight-text\" data-highlight=\"#ff5507\" style=\"color: #ffffff\">\u00bfDE QU\u00c9 SE TRATA?<\/span>\t<\/h2>[vc_empty_space height=\u00bb25px\u00bb]<div class=\"qodef-shortcode qodef-m icon-agency qodef-icon-with-text qodef-layout--before-content qodef--icon-pack  qodef--loading-animation\">\n\t<div class=\"qodef-m-icon-wrapper\">\n\t\t<span class=\"qodef-shortcode qodef-m  qodef-icon-holder qodef-size--small qodef-layout--normal\"  >\t        <span class=\"qodef-icon-font-awesome fa fa-headphones qodef-icon qodef-e\" style=\"color: #0a0a0a;font-size:35px\" ><\/span>    <\/span>\t<\/div>\n\t<div class=\"qodef-m-content\">\n\t\t\t<h3 class=\"qodef-m-title\" style=\"color: #0a0a0a\">\n\t\t\t\t\t<span class=\"qodef-m-title-text\">LOS SERVICIOS DE CONTACT CENTER<\/span>\n\t\t\t<\/h3>\n\t\t\t<\/div>\n<\/div>[vc_column_text el_class=\u00bbblack-txt\u00bb]<strong>Los servicios de contact center<\/strong> representan la <strong>evoluci\u00f3n del call center cl\u00e1sico<\/strong> en t\u00e9rminos <strong>de relaciones de contacto e integraci\u00f3n de servicios<\/strong>.<\/p>\n<p>El tradicional servicio de llamadas simples (hacia y desde la empresa) se <strong>apoya en herramientas y canales de comunicaci\u00f3n para la gesti\u00f3n de relaciones<\/strong>: la tecnolog\u00eda tradicional y la web se integran entre s\u00ed, asociando la gesti\u00f3n tradicional de llamadas (entrantes y salientes) con una serie de actividades adicionales, entre las que se incluye que de an\u00e1lisis<\/p>\n<p>Gracias al uso de un <strong>software de gesti\u00f3n<\/strong> innovador, el progreso de la acci\u00f3n de marketing se rastrea y monitorea en tiempo real.[\/vc_column_text][\/vc_column_inner][vc_column_inner width=\u00bb1\/2&#8243; css=\u00bb.vc_custom_1592225648536{padding-right: 20px !important;}\u00bb][vc_single_image image=\u00bb6980&#8243; img_size=\u00bbfull\u00bb alignment=\u00bbcenter\u00bb][\/vc_column_inner][\/vc_row_inner][vc_empty_space height=\u00bb65px\u00bb][vc_row_inner equal_height=\u00bbyes\u00bb content_placement=\u00bbmiddle\u00bb row_content_width=\u00bbgrid\u00bb content_text_alignment=\u00bbleft\u00bb][vc_column_inner width=\u00bb1\/2&#8243; css=\u00bb.vc_custom_1592225648536{padding-right: 20px !important;}\u00bb][vc_single_image image=\u00bb6975&#8243; img_size=\u00bbfull\u00bb alignment=\u00bbcenter\u00bb][\/vc_column_inner][vc_column_inner width=\u00bb1\/2&#8243;][vc_empty_space height=\u00bb40px\u00bb]<div class=\"qodef-shortcode qodef-m icon-agency qodef-icon-with-text qodef-layout--before-content qodef--icon-pack  qodef--loading-animation\">\n\t<div class=\"qodef-m-icon-wrapper\">\n\t\t<span class=\"qodef-shortcode qodef-m  qodef-icon-holder qodef-size--medium qodef-layout--normal\"  >\t        <span class=\"qodef-icon-font-awesome fa fa-phone qodef-icon qodef-e\" style=\"color: #0a0a0a;font-size:35px\" ><\/span>    <\/span>\t<\/div>\n\t<div class=\"qodef-m-content\">\n\t\t\t<h3 class=\"qodef-m-title\" style=\"color: #0a0a0a\">\n\t\t\t\t\t<span class=\"qodef-m-title-text\">EL SERVICIO DE CONTACT CENTER NACE CON UN OBJETIVO PRECISO:<\/span>\n\t\t\t<\/h3>\n\t\t\t<\/div>\n<\/div>[vc_column_text el_class=\u00bbblack-txt\u00bb]A supporto della forza vendita azienda. Per aumentare le possibilit\u00e0 per l&#8217;azienda di generare lead e fissare appuntamenti, un vero supporto per il reparto commerciale.[\/vc_column_text][vc_empty_space height=\u00bb20px\u00bb]<div class=\"qodef-shortcode qodef-m icon-agency qodef-icon-with-text qodef-layout--before-content qodef--icon-pack  qodef--loading-animation\">\n\t<div class=\"qodef-m-icon-wrapper\">\n\t\t<span class=\"qodef-shortcode qodef-m  qodef-icon-holder qodef-size--medium qodef-layout--normal\"  >\t        <span class=\"qodef-icon-font-awesome fa fa-flag qodef-icon qodef-e\" style=\"color: #0a0a0a;font-size:35px\" ><\/span>    <\/span>\t<\/div>\n\t<div class=\"qodef-m-content\">\n\t\t\t<h3 class=\"qodef-m-title\" style=\"color: #0a0a0a\">\n\t\t\t\t\t<span class=\"qodef-m-title-text\">VENTAJAS<\/span>\n\t\t\t<\/h3>\n\t\t\t<\/div>\n<\/div>[vc_column_text el_class=\u00bbblack-txt\u00bb]Son <strong>muchas las ventajas<\/strong> como el <strong>seguimiento constante<\/strong> de la acci\u00f3n de marketing y su desarrollo gracias al uso del software de <strong>an\u00e1lisis Contact Manager<\/strong>, favorecen la <strong>generaci\u00f3n de leads<\/strong> o concertaci\u00f3n de citas con potenciales clientes, la posibilidad de incrementar las ventas online del cat\u00e1logo de productos de la empresa\/ servicios, contar siempre con <strong>personal altamente cualificado<\/strong> dispuesto a escuchar las necesidades de la empresa y sobre todo <strong>personal nativo<\/strong> para campa\u00f1as internacionales.[\/vc_column_text][\/vc_column_inner][\/vc_row_inner][\/vc_column][\/vc_row][vc_row css=\u00bb.vc_custom_1675243744569{margin: 0px !important;padding: 0px !important;}\u00bb][vc_column][vc_empty_space height=\u00bb45px\u00bb][\/vc_column][\/vc_row][vc_row equal_height=\u00bbyes\u00bb content_placement=\u00bbmiddle\u00bb content_text_alignment=\u00bbcenter\u00bb][vc_column css=\u00bb.vc_custom_1542210878518{padding-top: 0px !important;}\u00bb]<h2 class=\"qodef-shortcode qodef-m  qodef-highlight \" style=\"color: #0a0a0a\">\n\t\t\t<span class=\"qodef-highlight-text\" data-highlight=\"#be0b01\" style=\"color: #ffffff\">EL SERVICIO DE CENTRO DE CONTACTO BHYPE IMPULSADO POR BLENDIT GROUP<\/span>\t<\/h2>[\/vc_column][\/vc_row][vc_row equal_height=\u00bbyes\u00bb content_placement=\u00bbmiddle\u00bb][vc_column css=\u00bb.vc_custom_1542210878518{padding-top: 0px !important;}\u00bb][vc_empty_space height=\u00bb30px\u00bb][\/vc_column][\/vc_row][vc_row row_content_width=\u00bbgrid\u00bb][vc_column width=\u00bb1\/3&#8243; css=\u00bb.vc_custom_1591187654932{margin-top: 0px !important;padding-top: 0px !important;}\u00bb]<div class=\"qodef-shortcode qodef-m  qodef-section-title qodef-alignment--left \">\n\t\t<h2 class=\"qodef-m-title\" >\n\t\t\t\t\tCENTRALIDAD DEL CLIENTE\t\t\t<\/h2>\n\t<\/div>[\/vc_column][vc_column width=\u00bb2\/3&#8243;]<div class=\"qodef-shortcode qodef-m icon-agency qodef-icon-with-text qodef-layout--before-content qodef--custom-icon qodef--icon-animation qodef--loading-animation\">\n\t<div class=\"qodef-m-icon-wrapper\">\n\t\t\t\t\t<img loading=\"lazy\" decoding=\"async\" width=\"75\" height=\"75\" src=\"https:\/\/www.bhype.it\/wp-content\/uploads\/2020\/06\/cliente.png\" class=\"attachment-full size-full\" alt=\"\" \/>\t\t<\/div>\n\t<div class=\"qodef-m-content\">\n\t\t\t<h3 class=\"qodef-m-title\" style=\"color: #0a0a0a\">\n\t\t\t\t\t<span class=\"qodef-m-title-text\">CUIDADO DEL DETALLE<\/span>\n\t\t\t<\/h3>\n\t\t\t<p class=\"qodef-m-text\" style=\"color: #333333\">Nada se deja al azar: m\u00e1xima atenci\u00f3n desde la fase de consultor\u00eda y an\u00e1lisis hasta la fase de implementaci\u00f3n y post-actividad.<\/p>\n\t<\/div>\n<\/div>[vc_empty_space height=\u00bb38px\u00bb]<div class=\"qodef-shortcode qodef-m icon-agency qodef-icon-with-text qodef-layout--before-content qodef--custom-icon qodef--icon-animation qodef--loading-animation\">\n\t<div class=\"qodef-m-icon-wrapper\">\n\t\t\t\t\t<img loading=\"lazy\" decoding=\"async\" width=\"75\" height=\"75\" src=\"https:\/\/www.bhype.it\/wp-content\/uploads\/2020\/06\/passione-comunicazione.png\" class=\"attachment-full size-full\" alt=\"\" \/>\t\t<\/div>\n\t<div class=\"qodef-m-content\">\n\t\t\t<h3 class=\"qodef-m-title\" style=\"color: #0a0a0a\">\n\t\t\t\t\t<span class=\"qodef-m-title-text\">EQUIPO DE EXPERTOS<\/span>\n\t\t\t<\/h3>\n\t\t\t<p class=\"qodef-m-text\" style=\"color: #333333\">Bhype pone a disposici\u00f3n de las empresas que opten por utilizar el servicio de contact center sus expertos en marketing operativo. Profesionales de la resoluci\u00f3n de problemas y eficientes en la gesti\u00f3n de solicitudes y necesidades, en tiempo real, del cliente. Comenzamos ofreci\u00e9ndote un asesoramiento personalizado, porque ``es la atenci\u00f3n al detalle lo que hace que cada estrategia sea \u00fanica y exitosa``, durante el cual escucharemos las necesidades de tu negocio y propondremos las soluciones m\u00e1s adecuadas para satisfacer tus solicitudes.<\/p>\n\t<\/div>\n<\/div>[vc_empty_space height=\u00bb38px\u00bb]<div class=\"qodef-shortcode qodef-m icon-agency qodef-icon-with-text qodef-layout--before-content qodef--custom-icon qodef--icon-animation qodef--loading-animation\">\n\t<div class=\"qodef-m-icon-wrapper\">\n\t\t\t\t\t<img loading=\"lazy\" decoding=\"async\" width=\"75\" height=\"75\" src=\"https:\/\/www.bhype.it\/wp-content\/uploads\/2023\/02\/ricerca1.png\" class=\"attachment-full size-full\" alt=\"\" \/>\t\t<\/div>\n\t<div class=\"qodef-m-content\">\n\t\t\t<h3 class=\"qodef-m-title\" style=\"color: #0a0a0a\">\n\t\t\t\t\t<span class=\"qodef-m-title-text\">SINGULARIDAD Y PERSONALIZACI\u00d3N DEL PROYECTO \u00daNICO<\/span>\n\t\t\t<\/h3>\n\t\t\t<p class=\"qodef-m-text\" style=\"color: #333333\">Las necesidades individuales de negocio se analizan y gestionan de forma exhaustiva, eligiendo las actividades m\u00e1s adecuadas y la mejor forma de implementarlas.<\/p>\n\t<\/div>\n<\/div>[\/vc_column][\/vc_row][vc_row equal_height=\u00bbyes\u00bb content_placement=\u00bbmiddle\u00bb][vc_column css=\u00bb.vc_custom_1542210878518{padding-top: 0px !important;}\u00bb][vc_empty_space height=\u00bb30px\u00bb][\/vc_column][\/vc_row]<\/p>\n","protected":false},"excerpt":{"rendered":"<p>[vc_row full_width=\u00bbstretch_row_content_no_spaces\u00bb css=\u00bb.vc_custom_1678101677122{margin-right: 0px !important;margin-left: 0px !important;padding-right: 0px !important;padding-left: 0px !important;}\u00bb][vc_column][vc_single_image image=\u00bb7082&#8243; img_size=\u00bbfull\u00bb][\/vc_column][\/vc_row][vc_row equal_height=\u00bbyes\u00bb content_placement=\u00bbmiddle\u00bb css=\u00bb.vc_custom_1677508232702{background-color: #ededed !important;}\u00bb][vc_column css=\u00bb.vc_custom_1542210878518{padding-top: 0px !important;}\u00bb][vc_empty_space height=\u00bb45px\u00bb][vc_column_text] EL CENTRO DE LLAMADAS AVANZADO E INTEGRADO [\/vc_column_text][vc_empty_space height=\u00bb45px\u00bb][vc_separator color=\u00bbcustom\u00bb border_width=\u00bb5&#8243; el_class=\u00bbmax-size\u00bb accent_color=\u00bb#ff5507&#8243;][\/vc_column][\/vc_row][vc_row content_text_alignment=\u00bbcenter\u00bb css=\u00bb.vc_custom_1675697117445{background-position: center !important;background-repeat: no-repeat !important;background-size: contain !important;}\u00bb el_class=\u00bbshadow-center\u00bb][vc_column css=\u00bb.vc_custom_1591187654932{margin-top: 0px !important;padding-top: 0px !important;}\u00bb][vc_empty_space height=\u00bb65px\u00bb][vc_row_inner equal_height=\u00bbyes\u00bb content_placement=\u00bbmiddle\u00bb row_content_width=\u00bbgrid\u00bb content_text_alignment=\u00bbleft\u00bb][vc_column_inner width=\u00bb1\/2&#8243;][vc_empty_space [&hellip;]<\/p>\n","protected":false},"author":1,"featured_media":0,"parent":0,"menu_order":0,"comment_status":"closed","ping_status":"closed","template":"page-full-width.php","meta":{"footnotes":""},"class_list":["post-7434","page","type-page","status-publish","hentry"],"yoast_head":"<!-- This site is optimized with the Yoast SEO plugin v25.8 - https:\/\/yoast.com\/wordpress\/plugins\/seo\/ -->\n<title>Servicios de Contact Center y marketing digital Mil\u00e1n | Bhype<\/title>\n<meta name=\"description\" content=\"Contact center y web digital en Mil\u00e1n con el objetivo de aunar el marketing operativo tanto online como para campa\u00f1as de telemarketing y televenta.\" \/>\n<meta name=\"robots\" content=\"index, follow, max-snippet:-1, max-image-preview:large, max-video-preview:-1\" \/>\n<link rel=\"canonical\" href=\"https:\/\/www.bhype.it\/es\/servizi-di-contact-center\/\" \/>\n<meta property=\"og:locale\" content=\"es_ES\" \/>\n<meta property=\"og:type\" content=\"article\" \/>\n<meta property=\"og:title\" content=\"Servicios de Contact Center y marketing digital Mil\u00e1n | Bhype\" \/>\n<meta property=\"og:description\" content=\"Contact center y web digital en Mil\u00e1n con el objetivo de aunar el marketing operativo tanto online como para campa\u00f1as de telemarketing y televenta.\" \/>\n<meta property=\"og:url\" content=\"https:\/\/www.bhype.it\/es\/servizi-di-contact-center\/\" \/>\n<meta property=\"og:site_name\" content=\"Bhype\" \/>\n<meta property=\"article:modified_time\" content=\"2023-03-06T11:21:20+00:00\" \/>\n<meta name=\"twitter:card\" content=\"summary_large_image\" \/>\n<meta name=\"twitter:label1\" content=\"Tiempo de lectura\" \/>\n\t<meta name=\"twitter:data1\" content=\"4 minutos\" \/>\n<script type=\"application\/ld+json\" class=\"yoast-schema-graph\">{\"@context\":\"https:\/\/schema.org\",\"@graph\":[{\"@type\":\"WebPage\",\"@id\":\"https:\/\/www.bhype.it\/es\/servizi-di-contact-center\/\",\"url\":\"https:\/\/www.bhype.it\/es\/servizi-di-contact-center\/\",\"name\":\"Servicios de Contact Center y marketing digital Mil\u00e1n | Bhype\",\"isPartOf\":{\"@id\":\"https:\/\/www.bhype.it\/es\/#website\"},\"datePublished\":\"2023-02-02T14:45:09+00:00\",\"dateModified\":\"2023-03-06T11:21:20+00:00\",\"description\":\"Contact center y web digital en Mil\u00e1n con el objetivo de aunar el marketing operativo tanto online como para campa\u00f1as de telemarketing y televenta.\",\"breadcrumb\":{\"@id\":\"https:\/\/www.bhype.it\/es\/servizi-di-contact-center\/#breadcrumb\"},\"inLanguage\":\"es\",\"potentialAction\":[{\"@type\":\"ReadAction\",\"target\":[\"https:\/\/www.bhype.it\/es\/servizi-di-contact-center\/\"]}]},{\"@type\":\"BreadcrumbList\",\"@id\":\"https:\/\/www.bhype.it\/es\/servizi-di-contact-center\/#breadcrumb\",\"itemListElement\":[{\"@type\":\"ListItem\",\"position\":1,\"name\":\"Home\",\"item\":\"https:\/\/www.bhype.it\/es\/\"},{\"@type\":\"ListItem\",\"position\":2,\"name\":\"Contact center\"}]},{\"@type\":\"WebSite\",\"@id\":\"https:\/\/www.bhype.it\/es\/#website\",\"url\":\"https:\/\/www.bhype.it\/es\/\",\"name\":\"Bhype\",\"description\":\"\",\"publisher\":{\"@id\":\"https:\/\/www.bhype.it\/es\/#organization\"},\"potentialAction\":[{\"@type\":\"SearchAction\",\"target\":{\"@type\":\"EntryPoint\",\"urlTemplate\":\"https:\/\/www.bhype.it\/es\/?s={search_term_string}\"},\"query-input\":{\"@type\":\"PropertyValueSpecification\",\"valueRequired\":true,\"valueName\":\"search_term_string\"}}],\"inLanguage\":\"es\"},{\"@type\":\"Organization\",\"@id\":\"https:\/\/www.bhype.it\/es\/#organization\",\"name\":\"Bhype\",\"url\":\"https:\/\/www.bhype.it\/es\/\",\"logo\":{\"@type\":\"ImageObject\",\"inLanguage\":\"es\",\"@id\":\"https:\/\/www.bhype.it\/es\/#\/schema\/logo\/image\/\",\"url\":\"https:\/\/www.bhype.it\/wp-content\/uploads\/2020\/12\/logo-bhype-solo.png\",\"contentUrl\":\"https:\/\/www.bhype.it\/wp-content\/uploads\/2020\/12\/logo-bhype-solo.png\",\"width\":416,\"height\":128,\"caption\":\"Bhype\"},\"image\":{\"@id\":\"https:\/\/www.bhype.it\/es\/#\/schema\/logo\/image\/\"}}]}<\/script>\n<!-- \/ Yoast SEO plugin. -->","yoast_head_json":{"title":"Servicios de Contact Center y marketing digital Mil\u00e1n | Bhype","description":"Contact center y web digital en Mil\u00e1n con el objetivo de aunar el marketing operativo tanto online como para campa\u00f1as de telemarketing y televenta.","robots":{"index":"index","follow":"follow","max-snippet":"max-snippet:-1","max-image-preview":"max-image-preview:large","max-video-preview":"max-video-preview:-1"},"canonical":"https:\/\/www.bhype.it\/es\/servizi-di-contact-center\/","og_locale":"es_ES","og_type":"article","og_title":"Servicios de Contact Center y marketing digital Mil\u00e1n | Bhype","og_description":"Contact center y web digital en Mil\u00e1n con el objetivo de aunar el marketing operativo tanto online como para campa\u00f1as de telemarketing y televenta.","og_url":"https:\/\/www.bhype.it\/es\/servizi-di-contact-center\/","og_site_name":"Bhype","article_modified_time":"2023-03-06T11:21:20+00:00","twitter_card":"summary_large_image","twitter_misc":{"Tiempo de lectura":"4 minutos"},"schema":{"@context":"https:\/\/schema.org","@graph":[{"@type":"WebPage","@id":"https:\/\/www.bhype.it\/es\/servizi-di-contact-center\/","url":"https:\/\/www.bhype.it\/es\/servizi-di-contact-center\/","name":"Servicios de Contact Center y marketing digital Mil\u00e1n | Bhype","isPartOf":{"@id":"https:\/\/www.bhype.it\/es\/#website"},"datePublished":"2023-02-02T14:45:09+00:00","dateModified":"2023-03-06T11:21:20+00:00","description":"Contact center y web digital en Mil\u00e1n con el objetivo de aunar el marketing operativo tanto online como para campa\u00f1as de telemarketing y televenta.","breadcrumb":{"@id":"https:\/\/www.bhype.it\/es\/servizi-di-contact-center\/#breadcrumb"},"inLanguage":"es","potentialAction":[{"@type":"ReadAction","target":["https:\/\/www.bhype.it\/es\/servizi-di-contact-center\/"]}]},{"@type":"BreadcrumbList","@id":"https:\/\/www.bhype.it\/es\/servizi-di-contact-center\/#breadcrumb","itemListElement":[{"@type":"ListItem","position":1,"name":"Home","item":"https:\/\/www.bhype.it\/es\/"},{"@type":"ListItem","position":2,"name":"Contact center"}]},{"@type":"WebSite","@id":"https:\/\/www.bhype.it\/es\/#website","url":"https:\/\/www.bhype.it\/es\/","name":"Bhype","description":"","publisher":{"@id":"https:\/\/www.bhype.it\/es\/#organization"},"potentialAction":[{"@type":"SearchAction","target":{"@type":"EntryPoint","urlTemplate":"https:\/\/www.bhype.it\/es\/?s={search_term_string}"},"query-input":{"@type":"PropertyValueSpecification","valueRequired":true,"valueName":"search_term_string"}}],"inLanguage":"es"},{"@type":"Organization","@id":"https:\/\/www.bhype.it\/es\/#organization","name":"Bhype","url":"https:\/\/www.bhype.it\/es\/","logo":{"@type":"ImageObject","inLanguage":"es","@id":"https:\/\/www.bhype.it\/es\/#\/schema\/logo\/image\/","url":"https:\/\/www.bhype.it\/wp-content\/uploads\/2020\/12\/logo-bhype-solo.png","contentUrl":"https:\/\/www.bhype.it\/wp-content\/uploads\/2020\/12\/logo-bhype-solo.png","width":416,"height":128,"caption":"Bhype"},"image":{"@id":"https:\/\/www.bhype.it\/es\/#\/schema\/logo\/image\/"}}]}},"_links":{"self":[{"href":"https:\/\/www.bhype.it\/es\/wp-json\/wp\/v2\/pages\/7434","targetHints":{"allow":["GET"]}}],"collection":[{"href":"https:\/\/www.bhype.it\/es\/wp-json\/wp\/v2\/pages"}],"about":[{"href":"https:\/\/www.bhype.it\/es\/wp-json\/wp\/v2\/types\/page"}],"author":[{"embeddable":true,"href":"https:\/\/www.bhype.it\/es\/wp-json\/wp\/v2\/users\/1"}],"replies":[{"embeddable":true,"href":"https:\/\/www.bhype.it\/es\/wp-json\/wp\/v2\/comments?post=7434"}],"version-history":[{"count":31,"href":"https:\/\/www.bhype.it\/es\/wp-json\/wp\/v2\/pages\/7434\/revisions"}],"predecessor-version":[{"id":7600,"href":"https:\/\/www.bhype.it\/es\/wp-json\/wp\/v2\/pages\/7434\/revisions\/7600"}],"wp:attachment":[{"href":"https:\/\/www.bhype.it\/es\/wp-json\/wp\/v2\/media?parent=7434"}],"curies":[{"name":"wp","href":"https:\/\/api.w.org\/{rel}","templated":true}]}}