{"id":7698,"date":"2018-11-19T08:15:30","date_gmt":"2018-11-19T08:15:30","guid":{"rendered":"https:\/\/www.bhype.it\/contatti\/"},"modified":"2023-10-25T15:42:56","modified_gmt":"2023-10-25T13:42:56","slug":"contactos","status":"publish","type":"page","link":"https:\/\/www.bhype.it\/es\/contactos\/","title":{"rendered":"Contactos"},"content":{"rendered":"<p>[vc_row][vc_column css=\u00bb.vc_custom_1571322496258{padding-top: 0px !important;}\u00bb][vc_raw_html]JTNDaWZyYW1lJTIwc3JjJTNEJTIyaHR0cHMlM0ElMkYlMkZ3d3cuZ29vZ2xlLmNvbSUyRm1hcHMlMkZlbWJlZCUzRnBiJTNEJTIxMW0xOCUyMTFtMTIlMjExbTMlMjExZDI3OTkuOTM5NjEyMDA3NDAxJTIxMmQ5LjE5ODMwMDYxNTgxODgwNCUyMTNkNDUuNDMwNzE4NjQzNjk3NTIlMjEybTMlMjExZjAlMjEyZjAlMjEzZjAlMjEzbTIlMjExaTEwMjQlMjEyaTc2OCUyMTRmMTMuMSUyMTNtMyUyMTFtMiUyMTFzMHg0Nzg2YzQ0Mzc0YjYzMDc5JTI1M0EweDVmM2E4M2IxZmVjYmQ4ZTglMjEyc1ZpYSUyNTIwTm90byUyNTJDJTI1MjAxMCUyNTJDJTI1MjAyMDE0MSUyNTIwTWlsYW5vJTI1MjBNSSUyMTVlMCUyMTNtMiUyMTFzaXQlMjEyc2l0JTIxNHYxNTkxMzY5NjQwMzE5JTIxNW0yJTIxMXNpdCUyMTJzaXQlMjIlMjB3aWR0aCUzRCUyMjEwMCUyNSUyMiUyMGhlaWdodCUzRCUyMjQ1MCUyMiUyMGZyYW1lYm9yZGVyJTNEJTIyMCUyMiUyMHN0eWxlJTNEJTIyYm9yZGVyJTNBMCUzQiUyMiUyMGFsbG93ZnVsbHNjcmVlbiUzRCUyMiUyMiUyMGFyaWEtaGlkZGVuJTNEJTIyZmFsc2UlMjIlMjB0YWJpbmRleCUzRCUyMjAlMjIlM0UlM0MlMkZpZnJhbWUlM0U=[\/vc_raw_html][\/vc_column][\/vc_row][vc_row css=\u00bb.vc_custom_1591370680422{padding-top: 117px !important;}\u00bb][vc_column css=\u00bb.vc_custom_1571322496258{padding-top: 0px !important;}\u00bb][vc_row_inner row_content_width=\u00bbgrid\u00bb content_text_alignment=\u00bbcenter\u00bb][vc_column_inner]<div class=\"qodef-shortcode qodef-m  qodef-section-title qodef-alignment--left \">\n\t\t<h2 class=\"qodef-m-title\" >\n\t\t\t\t\tLLENE EL FORMULARIO PARA ENVIARNOS UN E-MAIL\t\t\t<\/h2>\n\t<\/div>[\/vc_column_inner][\/vc_row_inner][\/vc_column][\/vc_row][vc_row row_content_width=\u00bbgrid\u00bb css=\u00bb.vc_custom_1591370754926{padding-top: 90px !important;}\u00bb][vc_column offset=\u00bbvc_col-lg-3\/5 vc_col-md-10&#8243; css=\u00bb.vc_custom_1591370710123{padding-bottom: 130px !important;}\u00bb column_responsive_padding_1024=\u00bb117px 15px 70px\u00bb column_responsive_padding_768=\u00bb117px 15px 70px\u00bb column_responsive_padding_680=\u00bb117px 15px 70px\u00bb]\n<div class=\"wpcf7 no-js\" id=\"wpcf7-f8178-o1\" lang=\"it-IT\" dir=\"ltr\" data-wpcf7-id=\"8178\">\n<div class=\"screen-reader-response\"><p role=\"status\" aria-live=\"polite\" aria-atomic=\"true\"><\/p> <ul><\/ul><\/div>\n<form action=\"\/es\/wp-json\/wp\/v2\/pages\/7698#wpcf7-f8178-o1\" method=\"post\" class=\"wpcf7-form init\" aria-label=\"Modulo di contatto\" novalidate=\"novalidate\" data-status=\"init\">\n<fieldset class=\"hidden-fields-container\"><input type=\"hidden\" name=\"_wpcf7\" value=\"8178\" \/><input type=\"hidden\" name=\"_wpcf7_version\" value=\"6.1.4\" \/><input type=\"hidden\" name=\"_wpcf7_locale\" value=\"it_IT\" \/><input type=\"hidden\" name=\"_wpcf7_unit_tag\" value=\"wpcf7-f8178-o1\" \/><input type=\"hidden\" name=\"_wpcf7_container_post\" value=\"0\" \/><input type=\"hidden\" name=\"_wpcf7_posted_data_hash\" value=\"\" \/><input type=\"hidden\" name=\"_wpcf7_recaptcha_response\" value=\"\" \/>\n<\/fieldset>\n<div class=\"qodef-grid qodef-grid--cf qodef-layout--columns qodef-col-num--2 qodef-gutter--small\">\n\t<div class=\"qodef-grid-inner\">\n\t\t<div class=\"qodef-grid-item\">\n\t\t\t<p><span class=\"wpcf7-form-control-wrap\" data-name=\"your-name\"><input size=\"40\" maxlength=\"400\" class=\"wpcf7-form-control wpcf7-text wpcf7-validates-as-required\" aria-required=\"true\" aria-invalid=\"false\" placeholder=\"Nombre\" value=\"\" type=\"text\" name=\"your-name\" \/><\/span>\n\t\t\t<\/p>\n\t\t<\/div>\n\t\t<div class=\"qodef-grid-item\">\n\t\t\t<p><span class=\"wpcf7-form-control-wrap\" data-name=\"your-email\"><input size=\"40\" maxlength=\"400\" class=\"wpcf7-form-control wpcf7-email wpcf7-validates-as-required wpcf7-text wpcf7-validates-as-email\" aria-required=\"true\" aria-invalid=\"false\" placeholder=\"Email\" value=\"\" type=\"email\" name=\"your-email\" \/><\/span>\n\t\t\t<\/p>\n\t\t<\/div>\n\t<\/div>\n\t<div class=\"qodef-grid-inner\">\n\t\t<div class=\"qodef-grid-item\">\n\t\t\t<p><span class=\"wpcf7-form-control-wrap\" data-name=\"your-tel\"><input size=\"40\" maxlength=\"400\" class=\"wpcf7-form-control wpcf7-text wpcf7-validates-as-required\" aria-required=\"true\" aria-invalid=\"false\" placeholder=\"Tel\u00e9fono\" value=\"\" type=\"text\" name=\"your-tel\" \/><\/span>\n\t\t\t<\/p>\n\t\t<\/div>\n\t\t<div class=\"qodef-grid-item\">\n\t\t\t<p><span class=\"wpcf7-form-control-wrap\" data-name=\"azienda\"><input size=\"40\" maxlength=\"400\" class=\"wpcf7-form-control wpcf7-text wpcf7-validates-as-required\" aria-required=\"true\" aria-invalid=\"false\" placeholder=\"Sociedad\" value=\"\" type=\"text\" name=\"azienda\" \/><\/span>\n\t\t\t<\/p>\n\t\t<\/div>\n\t<\/div>\n<\/div>\n<div class=\"qodef-grid qodef-grid--cf qodef-layout--columns qodef-col-num--12 qodef-gutter--small\">\n\t<div class=\"qodef-grid-inner\">\n\t\t<div class=\"qodef-grid-item\">\n\t\t\t<p><span class=\"wpcf7-form-control-wrap\" data-name=\"your-message\"><textarea cols=\"40\" rows=\"5\" maxlength=\"2000\" class=\"wpcf7-form-control wpcf7-textarea wpcf7-validates-as-required\" aria-required=\"true\" aria-invalid=\"false\" placeholder=\"Mensaje\" name=\"your-message\"><\/textarea><\/span>\n\t\t\t<\/p>\n\t\t<\/div>\n\t<\/div>\n<\/div>\n<div>\n\t<p><span class=\"wpcf7-form-control-wrap\" data-name=\"acceptance-296\"><span class=\"wpcf7-form-control wpcf7-acceptance optional\"><span class=\"wpcf7-list-item\"><input type=\"checkbox\" name=\"acceptance-296\" value=\"1\" aria-invalid=\"false\" \/><\/span><\/span><\/span><br \/>\n<span style=\"font-size:11px; line-height: 8px;\">* Consiento el tratamiento de datos en virtud del Reglamento de la UE denominado \"Reglamento Europeo 2016\/679 relativo a la protecci\u00f3n de las personas f\u00edsicas con respecto al Tratamiento de Datos Personales, a la elaboraci\u00f3n de perfiles , a la comunicaci\u00f3n y\/o cesi\u00f3n a terceros de dichos datos (en adelante \"GDPR\") informamos a los usuarios de que los datos de car\u00e1cter personal introducidos en el sitio est\u00e1n protegidos y tratados de la manera y con los fines descritos en el enlace:\" <a href=\"https:\/\/www.iubenda.com\/privacy-policy\/98256328\" target=\"_blank\">Privacy Policy<\/a><br \/>\n<\/span>\n\t<\/p>\n<\/div>\n<div class=\"qodef-grid qodef-layout--columns qodef-col-num--12\">\n\t<div class=\"qodef-grid-inner\">\n\t\t<div class=\"qodef-grid-item\">\n\t\t\t<p><button class=\"wpcf7-form-control wpcf7-submit qodef-layout--outlined qodef-button qodef-m\" type=\"submit\"><span class=\"qodef-m-text\">Env\u00eda _<\/span><\/button>\n\t\t\t<\/p>\n\t\t<\/div>\n\t<\/div>\n<\/div><div class=\"wpcf7-response-output\" aria-hidden=\"true\"><\/div>\n<\/form>\n<\/div>\n[\/vc_column][vc_column width=\u00bb1\/2&#8243; offset=\u00bbvc_col-lg-1\/5 vc_col-md-6&#8243; css=\u00bb.vc_custom_1591370876789{padding-left: 64px !important;}\u00bb column_responsive_padding_1024=\u00bb0 15px 105px\u00bb column_responsive_padding_768=\u00bb0 15px 105px\u00bb column_responsive_padding_680=\u00bb0 15px\u00bb]<div class=\"qodef-shortcode qodef-m  qodef-section-title qodef-alignment--left \">\n\t\t<h4 class=\"qodef-m-title\" >\n\t\t\t\t\tOFICINA REGISTRADA\t\t\t<\/h4>\n\t<\/div>[vc_column_text]<a href=\"https:\/\/www.google.com\/maps\/place\/Via+Noto,+10,+20141+Milano+MI\/@45.4307149,9.1983006,17z\/data=!3m1!4b1!4m5!3m4!1s0x4786c44374b63079:0x5f3a83b1fecbd8e8!8m2!3d45.4307149!4d9.2004893\" target=\"_blank\" rel=\"noopener noreferrer\">via noto, 10<br \/>\nMilano<\/a>[\/vc_column_text][vc_empty_space height=\u00bb17px\u00bb]<div class=\"qodef-shortcode qodef-m  qodef-section-title qodef-alignment--left \">\n\t\t<h4 class=\"qodef-m-title\" >\n\t\t\t\t\ttel\u00e9fono\t\t\t<\/h4>\n\t<\/div>[vc_column_text]+39\u00a0<a href=\"tel:029285344\">02 9285344<\/a>[\/vc_column_text][vc_empty_space height=\u00bb17px\u00bb]<div class=\"qodef-shortcode qodef-m  qodef-section-title qodef-alignment--left \">\n\t\t<h4 class=\"qodef-m-title\" >\n\t\t\t\t\tFax\t\t\t<\/h4>\n\t<\/div>[vc_column_text]+39\u00a0<a href=\"tel:0289038689\">02 89038689<\/a>[\/vc_column_text][\/vc_column][vc_column width=\u00bb1\/2&#8243; offset=\u00bbvc_col-lg-1\/5 vc_col-md-6&#8243; column_responsive_padding_1024=\u00bb0 15px 105px\u00bb column_responsive_padding_768=\u00bb0 15px 105px\u00bb column_responsive_padding_680=\u00bb0 15px 105px\u00bb]<div class=\"qodef-shortcode qodef-m  qodef-section-title qodef-alignment--left \">\n\t\t<h4 class=\"qodef-m-title\" >\n\t\t\t\t\te-mail\t\t\t<\/h4>\n\t<\/div>[vc_column_text]<a href=\"mailto:info@bhype.it\">info@bhype.it<\/a>[\/vc_column_text][vc_empty_space height=\u00bb17px\u00bb][\/vc_column][\/vc_row]<\/p>\n","protected":false},"excerpt":{"rendered":"<p>[vc_row][vc_column css=\u00bb.vc_custom_1571322496258{padding-top: 0px !important;}\u00bb][vc_raw_html]JTNDaWZyYW1lJTIwc3JjJTNEJTIyaHR0cHMlM0ElMkYlMkZ3d3cuZ29vZ2xlLmNvbSUyRm1hcHMlMkZlbWJlZCUzRnBiJTNEJTIxMW0xOCUyMTFtMTIlMjExbTMlMjExZDI3OTkuOTM5NjEyMDA3NDAxJTIxMmQ5LjE5ODMwMDYxNTgxODgwNCUyMTNkNDUuNDMwNzE4NjQzNjk3NTIlMjEybTMlMjExZjAlMjEyZjAlMjEzZjAlMjEzbTIlMjExaTEwMjQlMjEyaTc2OCUyMTRmMTMuMSUyMTNtMyUyMTFtMiUyMTFzMHg0Nzg2YzQ0Mzc0YjYzMDc5JTI1M0EweDVmM2E4M2IxZmVjYmQ4ZTglMjEyc1ZpYSUyNTIwTm90byUyNTJDJTI1MjAxMCUyNTJDJTI1MjAyMDE0MSUyNTIwTWlsYW5vJTI1MjBNSSUyMTVlMCUyMTNtMiUyMTFzaXQlMjEyc2l0JTIxNHYxNTkxMzY5NjQwMzE5JTIxNW0yJTIxMXNpdCUyMTJzaXQlMjIlMjB3aWR0aCUzRCUyMjEwMCUyNSUyMiUyMGhlaWdodCUzRCUyMjQ1MCUyMiUyMGZyYW1lYm9yZGVyJTNEJTIyMCUyMiUyMHN0eWxlJTNEJTIyYm9yZGVyJTNBMCUzQiUyMiUyMGFsbG93ZnVsbHNjcmVlbiUzRCUyMiUyMiUyMGFyaWEtaGlkZGVuJTNEJTIyZmFsc2UlMjIlMjB0YWJpbmRleCUzRCUyMjAlMjIlM0UlM0MlMkZpZnJhbWUlM0U=[\/vc_raw_html][\/vc_column][\/vc_row][vc_row css=\u00bb.vc_custom_1591370680422{padding-top: 117px !important;}\u00bb][vc_column css=\u00bb.vc_custom_1571322496258{padding-top: 0px !important;}\u00bb][vc_row_inner row_content_width=\u00bbgrid\u00bb content_text_alignment=\u00bbcenter\u00bb][vc_column_inner][\/vc_column_inner][\/vc_row_inner][\/vc_column][\/vc_row][vc_row row_content_width=\u00bbgrid\u00bb css=\u00bb.vc_custom_1591370754926{padding-top: 90px !important;}\u00bb][vc_column offset=\u00bbvc_col-lg-3\/5 vc_col-md-10&#8243; css=\u00bb.vc_custom_1591370710123{padding-bottom: 130px !important;}\u00bb column_responsive_padding_1024=\u00bb117px 15px 70px\u00bb column_responsive_padding_768=\u00bb117px 15px 70px\u00bb column_responsive_padding_680=\u00bb117px 15px 70px\u00bb][\/vc_column][vc_column width=\u00bb1\/2&#8243; offset=\u00bbvc_col-lg-1\/5 vc_col-md-6&#8243; css=\u00bb.vc_custom_1591370876789{padding-left: 64px !important;}\u00bb column_responsive_padding_1024=\u00bb0 15px 105px\u00bb column_responsive_padding_768=\u00bb0 15px 105px\u00bb column_responsive_padding_680=\u00bb0 15px\u00bb][vc_column_text]via noto, 10 Milano[\/vc_column_text][vc_empty_space height=\u00bb17px\u00bb][vc_column_text]+39\u00a002 9285344[\/vc_column_text][vc_empty_space height=\u00bb17px\u00bb][vc_column_text]+39\u00a002 89038689[\/vc_column_text][\/vc_column][vc_column width=\u00bb1\/2&#8243; offset=\u00bbvc_col-lg-1\/5 vc_col-md-6&#8243; column_responsive_padding_1024=\u00bb0 [&hellip;]<\/p>\n","protected":false},"author":1,"featured_media":0,"parent":0,"menu_order":0,"comment_status":"closed","ping_status":"closed","template":"page-full-width.php","meta":{"footnotes":""},"class_list":["post-7698","page","type-page","status-publish","hentry"],"yoast_head":"<!-- This site is optimized with the Yoast SEO plugin v25.8 - https:\/\/yoast.com\/wordpress\/plugins\/seo\/ -->\n<title>Formulario de contacto para hablar con nosotros | Bhype<\/title>\n<meta name=\"description\" content=\"P\u00e1gina de contacto de Bhype: nuestros operadores estar\u00e1n encantados de responder a todas sus preguntas de acuerdo con sus necesidades.\" \/>\n<meta name=\"robots\" content=\"index, follow, max-snippet:-1, max-image-preview:large, max-video-preview:-1\" \/>\n<link rel=\"canonical\" href=\"https:\/\/www.bhype.it\/es\/contactos\/\" \/>\n<meta property=\"og:locale\" content=\"es_ES\" \/>\n<meta property=\"og:type\" content=\"article\" \/>\n<meta property=\"og:title\" content=\"Formulario de contacto para hablar con nosotros | Bhype\" \/>\n<meta property=\"og:description\" content=\"P\u00e1gina de contacto de Bhype: nuestros operadores estar\u00e1n encantados de responder a todas sus preguntas de acuerdo con sus necesidades.\" \/>\n<meta property=\"og:url\" content=\"https:\/\/www.bhype.it\/es\/contactos\/\" \/>\n<meta property=\"og:site_name\" content=\"Bhype\" \/>\n<meta property=\"article:modified_time\" content=\"2023-10-25T13:42:56+00:00\" \/>\n<meta name=\"twitter:card\" content=\"summary_large_image\" \/>\n<meta name=\"twitter:label1\" content=\"Tiempo de lectura\" \/>\n\t<meta name=\"twitter:data1\" content=\"1 minuto\" \/>\n<script type=\"application\/ld+json\" class=\"yoast-schema-graph\">{\"@context\":\"https:\/\/schema.org\",\"@graph\":[{\"@type\":\"WebPage\",\"@id\":\"https:\/\/www.bhype.it\/es\/contactos\/\",\"url\":\"https:\/\/www.bhype.it\/es\/contactos\/\",\"name\":\"Formulario de contacto para hablar con nosotros | Bhype\",\"isPartOf\":{\"@id\":\"https:\/\/www.bhype.it\/es\/#website\"},\"datePublished\":\"2018-11-19T08:15:30+00:00\",\"dateModified\":\"2023-10-25T13:42:56+00:00\",\"description\":\"P\u00e1gina de contacto de Bhype: nuestros operadores estar\u00e1n encantados de responder a todas sus preguntas de acuerdo con sus necesidades.\",\"breadcrumb\":{\"@id\":\"https:\/\/www.bhype.it\/es\/contactos\/#breadcrumb\"},\"inLanguage\":\"es\",\"potentialAction\":[{\"@type\":\"ReadAction\",\"target\":[\"https:\/\/www.bhype.it\/es\/contactos\/\"]}]},{\"@type\":\"BreadcrumbList\",\"@id\":\"https:\/\/www.bhype.it\/es\/contactos\/#breadcrumb\",\"itemListElement\":[{\"@type\":\"ListItem\",\"position\":1,\"name\":\"Home\",\"item\":\"https:\/\/www.bhype.it\/es\/\"},{\"@type\":\"ListItem\",\"position\":2,\"name\":\"Contactos\"}]},{\"@type\":\"WebSite\",\"@id\":\"https:\/\/www.bhype.it\/es\/#website\",\"url\":\"https:\/\/www.bhype.it\/es\/\",\"name\":\"Bhype\",\"description\":\"\",\"publisher\":{\"@id\":\"https:\/\/www.bhype.it\/es\/#organization\"},\"potentialAction\":[{\"@type\":\"SearchAction\",\"target\":{\"@type\":\"EntryPoint\",\"urlTemplate\":\"https:\/\/www.bhype.it\/es\/?s={search_term_string}\"},\"query-input\":{\"@type\":\"PropertyValueSpecification\",\"valueRequired\":true,\"valueName\":\"search_term_string\"}}],\"inLanguage\":\"es\"},{\"@type\":\"Organization\",\"@id\":\"https:\/\/www.bhype.it\/es\/#organization\",\"name\":\"Bhype\",\"url\":\"https:\/\/www.bhype.it\/es\/\",\"logo\":{\"@type\":\"ImageObject\",\"inLanguage\":\"es\",\"@id\":\"https:\/\/www.bhype.it\/es\/#\/schema\/logo\/image\/\",\"url\":\"https:\/\/www.bhype.it\/wp-content\/uploads\/2020\/12\/logo-bhype-solo.png\",\"contentUrl\":\"https:\/\/www.bhype.it\/wp-content\/uploads\/2020\/12\/logo-bhype-solo.png\",\"width\":416,\"height\":128,\"caption\":\"Bhype\"},\"image\":{\"@id\":\"https:\/\/www.bhype.it\/es\/#\/schema\/logo\/image\/\"}}]}<\/script>\n<!-- \/ Yoast SEO plugin. -->","yoast_head_json":{"title":"Formulario de contacto para hablar con nosotros | Bhype","description":"P\u00e1gina de contacto de Bhype: nuestros operadores estar\u00e1n encantados de responder a todas sus preguntas de acuerdo con sus necesidades.","robots":{"index":"index","follow":"follow","max-snippet":"max-snippet:-1","max-image-preview":"max-image-preview:large","max-video-preview":"max-video-preview:-1"},"canonical":"https:\/\/www.bhype.it\/es\/contactos\/","og_locale":"es_ES","og_type":"article","og_title":"Formulario de contacto para hablar con nosotros | Bhype","og_description":"P\u00e1gina de contacto de Bhype: nuestros operadores estar\u00e1n encantados de responder a todas sus preguntas de acuerdo con sus necesidades.","og_url":"https:\/\/www.bhype.it\/es\/contactos\/","og_site_name":"Bhype","article_modified_time":"2023-10-25T13:42:56+00:00","twitter_card":"summary_large_image","twitter_misc":{"Tiempo de lectura":"1 minuto"},"schema":{"@context":"https:\/\/schema.org","@graph":[{"@type":"WebPage","@id":"https:\/\/www.bhype.it\/es\/contactos\/","url":"https:\/\/www.bhype.it\/es\/contactos\/","name":"Formulario de contacto para hablar con nosotros | Bhype","isPartOf":{"@id":"https:\/\/www.bhype.it\/es\/#website"},"datePublished":"2018-11-19T08:15:30+00:00","dateModified":"2023-10-25T13:42:56+00:00","description":"P\u00e1gina de contacto de Bhype: nuestros operadores estar\u00e1n encantados de responder a todas sus preguntas de acuerdo con sus necesidades.","breadcrumb":{"@id":"https:\/\/www.bhype.it\/es\/contactos\/#breadcrumb"},"inLanguage":"es","potentialAction":[{"@type":"ReadAction","target":["https:\/\/www.bhype.it\/es\/contactos\/"]}]},{"@type":"BreadcrumbList","@id":"https:\/\/www.bhype.it\/es\/contactos\/#breadcrumb","itemListElement":[{"@type":"ListItem","position":1,"name":"Home","item":"https:\/\/www.bhype.it\/es\/"},{"@type":"ListItem","position":2,"name":"Contactos"}]},{"@type":"WebSite","@id":"https:\/\/www.bhype.it\/es\/#website","url":"https:\/\/www.bhype.it\/es\/","name":"Bhype","description":"","publisher":{"@id":"https:\/\/www.bhype.it\/es\/#organization"},"potentialAction":[{"@type":"SearchAction","target":{"@type":"EntryPoint","urlTemplate":"https:\/\/www.bhype.it\/es\/?s={search_term_string}"},"query-input":{"@type":"PropertyValueSpecification","valueRequired":true,"valueName":"search_term_string"}}],"inLanguage":"es"},{"@type":"Organization","@id":"https:\/\/www.bhype.it\/es\/#organization","name":"Bhype","url":"https:\/\/www.bhype.it\/es\/","logo":{"@type":"ImageObject","inLanguage":"es","@id":"https:\/\/www.bhype.it\/es\/#\/schema\/logo\/image\/","url":"https:\/\/www.bhype.it\/wp-content\/uploads\/2020\/12\/logo-bhype-solo.png","contentUrl":"https:\/\/www.bhype.it\/wp-content\/uploads\/2020\/12\/logo-bhype-solo.png","width":416,"height":128,"caption":"Bhype"},"image":{"@id":"https:\/\/www.bhype.it\/es\/#\/schema\/logo\/image\/"}}]}},"_links":{"self":[{"href":"https:\/\/www.bhype.it\/es\/wp-json\/wp\/v2\/pages\/7698","targetHints":{"allow":["GET"]}}],"collection":[{"href":"https:\/\/www.bhype.it\/es\/wp-json\/wp\/v2\/pages"}],"about":[{"href":"https:\/\/www.bhype.it\/es\/wp-json\/wp\/v2\/types\/page"}],"author":[{"embeddable":true,"href":"https:\/\/www.bhype.it\/es\/wp-json\/wp\/v2\/users\/1"}],"replies":[{"embeddable":true,"href":"https:\/\/www.bhype.it\/es\/wp-json\/wp\/v2\/comments?post=7698"}],"version-history":[{"count":3,"href":"https:\/\/www.bhype.it\/es\/wp-json\/wp\/v2\/pages\/7698\/revisions"}],"predecessor-version":[{"id":8181,"href":"https:\/\/www.bhype.it\/es\/wp-json\/wp\/v2\/pages\/7698\/revisions\/8181"}],"wp:attachment":[{"href":"https:\/\/www.bhype.it\/es\/wp-json\/wp\/v2\/media?parent=7698"}],"curies":[{"name":"wp","href":"https:\/\/api.w.org\/{rel}","templated":true}]}}