{"id":7895,"date":"2023-02-13T14:23:27","date_gmt":"2023-02-13T13:23:27","guid":{"rendered":"https:\/\/www.bhype.it\/seo-posizionamento-su-google\/"},"modified":"2023-05-04T11:41:12","modified_gmt":"2023-05-04T09:41:12","slug":"servicios-seo","status":"publish","type":"page","link":"https:\/\/www.bhype.it\/es\/servicios-seo\/","title":{"rendered":"Servicios SEO"},"content":{"rendered":"<p>[vc_row full_width=\u00bbstretch_row_content_no_spaces\u00bb][vc_column css=\u00bb.vc_custom_1675863528035{margin: 0px !important;padding: 0px !important;}\u00bb][vc_single_image image=\u00bb7082&#8243; img_size=\u00bbfull\u00bb][\/vc_column][\/vc_row][vc_row equal_height=\u00bbyes\u00bb content_placement=\u00bbmiddle\u00bb css=\u00bb.vc_custom_1677575050504{background-color: #ededed !important;}\u00bb][vc_column css=\u00bb.vc_custom_1542210878518{padding-top: 0px !important;}\u00bb][vc_empty_space height=\u00bb45px\u00bb]<div class=\"qodef-shortcode qodef-m  qodef-section-title qodef-alignment--center \">\n\t\t<h2 class=\"qodef-m-title\" >\n\t\t\t\t\tSERVICIOS SEO _\t\t\t<\/h2>\n\t<\/div>[vc_column_text]<\/p>\n<h3 style=\"text-align: center;\">OPTIMIZACI\u00d3N DE LAS P\u00c1GINAS WEB PARA LOS MOTORES DE B\u00daSQUEDA<\/h3>\n<p>[\/vc_column_text][vc_empty_space height=\u00bb45px\u00bb][vc_separator color=\u00bbcustom\u00bb border_width=\u00bb5&#8243; el_class=\u00bbmax-size\u00bb accent_color=\u00bb#ff5507&#8243;][\/vc_column][\/vc_row][vc_row content_text_alignment=\u00bbcenter\u00bb css=\u00bb.vc_custom_1675697117445{background-position: center !important;background-repeat: no-repeat !important;background-size: contain !important;}\u00bb el_class=\u00bbshadow-center\u00bb][vc_column css=\u00bb.vc_custom_1591187654932{margin-top: 0px !important;padding-top: 0px !important;}\u00bb][vc_empty_space height=\u00bb65px\u00bb][vc_row_inner equal_height=\u00bbyes\u00bb content_placement=\u00bbmiddle\u00bb row_content_width=\u00bbgrid\u00bb content_text_alignment=\u00bbleft\u00bb][vc_column_inner width=\u00bb1\/2&#8243;]<h2 class=\"qodef-shortcode qodef-m  qodef-highlight \" style=\"color: #ffffff\">\n\t\t\t<span class=\"qodef-highlight-text\" data-highlight=\"#ff5507\" style=\"color: #ffffff\">DE QU\u00c9 SE TRATA<\/span>\t<\/h2>[vc_empty_space height=\u00bb25px\u00bb]<div class=\"qodef-shortcode qodef-m icon-agency qodef-icon-with-text qodef-layout--before-content qodef--icon-pack  qodef--loading-animation\">\n\t<div class=\"qodef-m-icon-wrapper\">\n\t\t<span class=\"qodef-shortcode qodef-m  qodef-icon-holder qodef-size--small qodef-layout--normal\"  >\t        <span class=\"qodef-icon-font-awesome fa fa-search qodef-icon qodef-e\" style=\"color: #0a0a0a;font-size:35px\" ><\/span>    <\/span>\t<\/div>\n\t<div class=\"qodef-m-content\">\n\t\t\t<h3 class=\"qodef-m-title\" style=\"color: #0a0a0a\">\n\t\t\t\t\t<span class=\"qodef-m-title-text\">\u00bfQU\u00c9 COSA SIGNIFICA SEO?<\/span>\n\t\t\t<\/h3>\n\t\t\t<\/div>\n<\/div>[vc_column_text el_class=\u00bbblack-txt\u00bb]SEO (Search Engine Optimization) es la actividad de optimizaci\u00f3n de todos los contenidos de tu sitio web para el posicionamiento en los motores de b\u00fasqueda. El fin del SEO es dirigir y posicionar de manera adecuada los sitios web en los motores de b\u00fasqueda. Los usuarios, cuando navegan en Internet, no buscan directamente un sitio web en espec\u00edfico, sino que hacen uso de las palabras clave, las cuales los llevaran hacia los primeros resultados en evidencia.<\/p>\n<p>\u00bfPor qu\u00e9 entre millones de sitios web como resultado de mi b\u00fasqueda, los primeros resultados son iguales? Porque hacen actividad SEO. Los motores de b\u00fasqueda como Google premian a los sitios web con contenido de calidad y deben de ser entonces ricos, coherentes, interesantes y constantemente actualizados.<\/p>\n<p>El conjunto de las t\u00e9cnicas SEO aplicadas a tu sitio web te permitir\u00e1n posicionarte mejor en los resultados de b\u00fasqueda del usuario.<\/p>\n<p>Una buena optimizaci\u00f3n SEO del sitio es muy apreciada por el algoritmo de Google.[\/vc_column_text][\/vc_column_inner][vc_column_inner width=\u00bb1\/2&#8243; css=\u00bb.vc_custom_1592225648536{padding-right: 20px !important;}\u00bb][vc_single_image image=\u00bb7219&#8243; img_size=\u00bbfull\u00bb alignment=\u00bbcenter\u00bb][\/vc_column_inner][\/vc_row_inner][vc_row_inner equal_height=\u00bbyes\u00bb content_placement=\u00bbmiddle\u00bb row_content_width=\u00bbgrid\u00bb content_text_alignment=\u00bbleft\u00bb][vc_column_inner width=\u00bb1\/2&#8243; css=\u00bb.vc_custom_1592225648536{padding-right: 20px !important;}\u00bb][vc_single_image image=\u00bb7211&#8243; img_size=\u00bbfull\u00bb alignment=\u00bbcenter\u00bb][\/vc_column_inner][vc_column_inner width=\u00bb1\/2&#8243;][vc_empty_space height=\u00bb50px\u00bb]<div class=\"qodef-shortcode qodef-m icon-agency qodef-icon-with-text qodef-layout--before-content qodef--icon-pack  qodef--loading-animation\">\n\t<div class=\"qodef-m-icon-wrapper\">\n\t\t<span class=\"qodef-shortcode qodef-m  qodef-icon-holder qodef-size--medium qodef-layout--normal\"  >\t        <span class=\"qodef-icon-font-awesome fa fa-level-up-alt qodef-icon qodef-e\" style=\"color: #0a0a0a;font-size:35px\" ><\/span>    <\/span>\t<\/div>\n\t<div class=\"qodef-m-content\">\n\t\t\t<h3 class=\"qodef-m-title\" style=\"color: #0a0a0a\">\n\t\t\t\t\t<span class=\"qodef-m-title-text\">\u00bfPUEDO AUMENTAR EL TR\u00c1FICO EN EL SITIO?<\/span>\n\t\t\t<\/h3>\n\t\t\t<\/div>\n<\/div>[vc_column_text el_class=\u00bbblack-txt\u00bb]Los motores de b\u00fasqueda premian los sitios web con contenido de calidad y deben de ser entonces ricos, coherentes, interesantes y constantemente actualizados. La actividad de optimizaci\u00f3n de los sitios web en \u00f3ptica SEO es un proceso complejo, el cual, si viene efectuado correctamente, mejorar\u00e1 el posicionamiento del sitio web en la lista de los resultados que el mismo usuario obtiene cuando digita la palabra clave; por esto es importante invertir en una buena actividad SEO del sitio, porque as\u00ed lograr\u00e1s convencer al algoritmo de Google de tu confianza y presencia de contenidos de calidad en tu sitio web.<\/p>\n<p>Para esta actividad, es fundamental estudiar, analizar y trabajar solo las \u201ckeyword\u201d m\u00e1s aptas, en manera de posicionarlas estrat\u00e9gicamente en el propio sitio y en los contenidos propuestos. Si tu objetivo es tener m\u00e1s visibilidad en tu sitio web, tienes que recurrir a profesionales expertos en el sector, los cuales te ayudar\u00e1n a ser competitivo en comparaci\u00f3n de tus competidores.<\/p>\n<p>La optimizaci\u00f3n SEO es extremadamente delicada y BHYPE, grupo BlendIT, dispone de un grupo altamente calificado, el cual es capaz de seguir, construir y hacer crecer tu sitio paso a paso en manera de obtener resultados coherentes y duraderos en el tiempo. Todo bajo un preciso objetivo previamente fijado.[\/vc_column_text][vc_empty_space height=\u00bb25px\u00bb]<div class=\"qodef-shortcode qodef-m icon-agency qodef-icon-with-text qodef-layout--before-content qodef--icon-pack  qodef--loading-animation\">\n\t<div class=\"qodef-m-icon-wrapper\">\n\t\t<span class=\"qodef-shortcode qodef-m  qodef-icon-holder qodef-size--medium qodef-layout--normal\"  >\t        <span class=\"qodef-icon-font-awesome fa fa-chart-line qodef-icon qodef-e\" style=\"color: #0a0a0a;font-size:35px\" ><\/span>    <\/span>\t<\/div>\n\t<div class=\"qodef-m-content\">\n\t\t\t<h3 class=\"qodef-m-title\" style=\"color: #0a0a0a\">\n\t\t\t\t\t<span class=\"qodef-m-title-text\">\u00bfC\u00d3MO HAGO PARA AUMENTAR EL TR\u00c1FICO EN MI SITIO?<\/span>\n\t\t\t<\/h3>\n\t\t\t<\/div>\n<\/div>[vc_column_text el_class=\u00bbblack-txt\u00bb]El punto de inicio para cada actividad de optimizaci\u00f3n de los sitios web en \u00f3ptica SEO es identificar el \u00e1rea tem\u00e1tica de relevancia del sitio, en modo de encontrar las palabras clave (keyword) enlazadas, una extrema ejemplificaci\u00f3n puede ser aquella que asocia la keyword \u201cshopping\u201d a un e-commerce, o tambi\u00e9n \u201cconserva\u201d a una empresa agroalimentaria.[\/vc_column_text][\/vc_column_inner][\/vc_row_inner][vc_row_inner content_text_alignment=\u00bbleft\u00bb][vc_column_inner][vc_empty_space height=\u00bb30px\u00bb][vc_column_text el_class=\u00bbblack-txt\u00bb]Despu\u00e9s de haber identificado las correctas keywords, la SEO provee tambi\u00e9n la identificaci\u00f3n de keywords secundarias: se trata de keywords m\u00e1s espec\u00edficas respecto a las primeras que han sido identificadas. Es importante posicionar la keywords en modo estrat\u00e9gico en el sitio web y en todos los contenidos presentes dentro de el. Sucesivamente, el sitio web ser\u00e1 optimizado a 360 grados, desde el layout gr\u00e1fico, al lenguaje de programaci\u00f3n hasta los v\u00ednculos en salida con direcci\u00f3n a otros portales. El trabajo se concentrar\u00e1 sobre todo en la formalizaci\u00f3n mobile friendly para la consultaci\u00f3n desde otros dispositivos como los smartphones o tablet.<\/p>\n<p>Si el propio objetivo es aquel de obtener visibilidad en la web y en particular modo si se entr\u00f3 desde poco tiempo al sector, es necesario empezar en el modo correcto dirigi\u00e9ndose a profesionales expertos que lograran combatir con tu competencia. La optimizaci\u00f3n SEO sigue siendo delicada y necesita figuras altamente calificadas para poder lograr objetivos considerables a corto plazo y que sean duraderos a lo largo del tiempo. Por eso uno tiene que tener la capacidad de elecci\u00f3n.<\/p>\n<p>En conclusi\u00f3n, no es recomendable dirigirse a manos inexpertas o a eventuales apasionados del sector que, por una compensaci\u00f3n evidentemente baja, sin el know-how y las herramientas necesarias, se arriesgan a desarrollar un trabajo poco eficaz e incluso contraproducente.[\/vc_column_text][vc_empty_space height=\u00bb30px\u00bb][\/vc_column_inner][\/vc_row_inner][\/vc_column][\/vc_row]<\/p>\n","protected":false},"excerpt":{"rendered":"<p>[vc_row full_width=\u00bbstretch_row_content_no_spaces\u00bb][vc_column css=\u00bb.vc_custom_1675863528035{margin: 0px !important;padding: 0px !important;}\u00bb][vc_single_image image=\u00bb7082&#8243; img_size=\u00bbfull\u00bb][\/vc_column][\/vc_row][vc_row equal_height=\u00bbyes\u00bb content_placement=\u00bbmiddle\u00bb css=\u00bb.vc_custom_1677575050504{background-color: #ededed !important;}\u00bb][vc_column css=\u00bb.vc_custom_1542210878518{padding-top: 0px !important;}\u00bb][vc_empty_space height=\u00bb45px\u00bb][vc_column_text] OPTIMIZACI\u00d3N DE LAS P\u00c1GINAS WEB PARA LOS MOTORES DE B\u00daSQUEDA [\/vc_column_text][vc_empty_space height=\u00bb45px\u00bb][vc_separator color=\u00bbcustom\u00bb border_width=\u00bb5&#8243; el_class=\u00bbmax-size\u00bb accent_color=\u00bb#ff5507&#8243;][\/vc_column][\/vc_row][vc_row content_text_alignment=\u00bbcenter\u00bb css=\u00bb.vc_custom_1675697117445{background-position: center !important;background-repeat: no-repeat !important;background-size: contain !important;}\u00bb el_class=\u00bbshadow-center\u00bb][vc_column css=\u00bb.vc_custom_1591187654932{margin-top: 0px !important;padding-top: 0px !important;}\u00bb][vc_empty_space height=\u00bb65px\u00bb][vc_row_inner equal_height=\u00bbyes\u00bb content_placement=\u00bbmiddle\u00bb row_content_width=\u00bbgrid\u00bb content_text_alignment=\u00bbleft\u00bb][vc_column_inner width=\u00bb1\/2&#8243;][vc_empty_space height=\u00bb25px\u00bb][vc_column_text [&hellip;]<\/p>\n","protected":false},"author":1,"featured_media":0,"parent":0,"menu_order":0,"comment_status":"closed","ping_status":"closed","template":"page-full-width.php","meta":{"footnotes":""},"class_list":["post-7895","page","type-page","status-publish","hentry"],"yoast_head":"<!-- This site is optimized with the Yoast SEO plugin v25.8 - https:\/\/yoast.com\/wordpress\/plugins\/seo\/ -->\n<title>SEO Search Engine Optimization para tu posicionamiento | Bhype<\/title>\n<meta name=\"description\" content=\"El conjunto de t\u00e9cnicas SEO aplicadas a tu sitio te permitir\u00e1n posicionarte mejor en los resultados de b\u00fasqueda del usuario\" \/>\n<meta name=\"robots\" content=\"index, follow, max-snippet:-1, max-image-preview:large, max-video-preview:-1\" \/>\n<link rel=\"canonical\" href=\"https:\/\/www.bhype.it\/es\/servicios-seo\/\" \/>\n<meta property=\"og:locale\" content=\"es_ES\" \/>\n<meta property=\"og:type\" content=\"article\" \/>\n<meta property=\"og:title\" content=\"SEO Search Engine Optimization para tu posicionamiento | Bhype\" \/>\n<meta property=\"og:description\" content=\"El conjunto de t\u00e9cnicas SEO aplicadas a tu sitio te permitir\u00e1n posicionarte mejor en los resultados de b\u00fasqueda del usuario\" \/>\n<meta property=\"og:url\" content=\"https:\/\/www.bhype.it\/es\/servicios-seo\/\" \/>\n<meta property=\"og:site_name\" content=\"Bhype\" \/>\n<meta property=\"article:modified_time\" content=\"2023-05-04T09:41:12+00:00\" \/>\n<meta name=\"twitter:card\" content=\"summary_large_image\" \/>\n<meta name=\"twitter:label1\" content=\"Tiempo de lectura\" \/>\n\t<meta name=\"twitter:data1\" content=\"5 minutos\" \/>\n<script type=\"application\/ld+json\" class=\"yoast-schema-graph\">{\"@context\":\"https:\/\/schema.org\",\"@graph\":[{\"@type\":\"WebPage\",\"@id\":\"https:\/\/www.bhype.it\/es\/servicios-seo\/\",\"url\":\"https:\/\/www.bhype.it\/es\/servicios-seo\/\",\"name\":\"SEO Search Engine Optimization para tu posicionamiento | Bhype\",\"isPartOf\":{\"@id\":\"https:\/\/www.bhype.it\/es\/#website\"},\"datePublished\":\"2023-02-13T13:23:27+00:00\",\"dateModified\":\"2023-05-04T09:41:12+00:00\",\"description\":\"El conjunto de t\u00e9cnicas SEO aplicadas a tu sitio te permitir\u00e1n posicionarte mejor en los resultados de b\u00fasqueda del usuario\",\"breadcrumb\":{\"@id\":\"https:\/\/www.bhype.it\/es\/servicios-seo\/#breadcrumb\"},\"inLanguage\":\"es\",\"potentialAction\":[{\"@type\":\"ReadAction\",\"target\":[\"https:\/\/www.bhype.it\/es\/servicios-seo\/\"]}]},{\"@type\":\"BreadcrumbList\",\"@id\":\"https:\/\/www.bhype.it\/es\/servicios-seo\/#breadcrumb\",\"itemListElement\":[{\"@type\":\"ListItem\",\"position\":1,\"name\":\"Home\",\"item\":\"https:\/\/www.bhype.it\/es\/\"},{\"@type\":\"ListItem\",\"position\":2,\"name\":\"Servicios SEO\"}]},{\"@type\":\"WebSite\",\"@id\":\"https:\/\/www.bhype.it\/es\/#website\",\"url\":\"https:\/\/www.bhype.it\/es\/\",\"name\":\"Bhype\",\"description\":\"\",\"publisher\":{\"@id\":\"https:\/\/www.bhype.it\/es\/#organization\"},\"potentialAction\":[{\"@type\":\"SearchAction\",\"target\":{\"@type\":\"EntryPoint\",\"urlTemplate\":\"https:\/\/www.bhype.it\/es\/?s={search_term_string}\"},\"query-input\":{\"@type\":\"PropertyValueSpecification\",\"valueRequired\":true,\"valueName\":\"search_term_string\"}}],\"inLanguage\":\"es\"},{\"@type\":\"Organization\",\"@id\":\"https:\/\/www.bhype.it\/es\/#organization\",\"name\":\"Bhype\",\"url\":\"https:\/\/www.bhype.it\/es\/\",\"logo\":{\"@type\":\"ImageObject\",\"inLanguage\":\"es\",\"@id\":\"https:\/\/www.bhype.it\/es\/#\/schema\/logo\/image\/\",\"url\":\"https:\/\/www.bhype.it\/wp-content\/uploads\/2020\/12\/logo-bhype-solo.png\",\"contentUrl\":\"https:\/\/www.bhype.it\/wp-content\/uploads\/2020\/12\/logo-bhype-solo.png\",\"width\":416,\"height\":128,\"caption\":\"Bhype\"},\"image\":{\"@id\":\"https:\/\/www.bhype.it\/es\/#\/schema\/logo\/image\/\"}}]}<\/script>\n<!-- \/ Yoast SEO plugin. -->","yoast_head_json":{"title":"SEO Search Engine Optimization para tu posicionamiento | Bhype","description":"El conjunto de t\u00e9cnicas SEO aplicadas a tu sitio te permitir\u00e1n posicionarte mejor en los resultados de b\u00fasqueda del usuario","robots":{"index":"index","follow":"follow","max-snippet":"max-snippet:-1","max-image-preview":"max-image-preview:large","max-video-preview":"max-video-preview:-1"},"canonical":"https:\/\/www.bhype.it\/es\/servicios-seo\/","og_locale":"es_ES","og_type":"article","og_title":"SEO Search Engine Optimization para tu posicionamiento | Bhype","og_description":"El conjunto de t\u00e9cnicas SEO aplicadas a tu sitio te permitir\u00e1n posicionarte mejor en los resultados de b\u00fasqueda del usuario","og_url":"https:\/\/www.bhype.it\/es\/servicios-seo\/","og_site_name":"Bhype","article_modified_time":"2023-05-04T09:41:12+00:00","twitter_card":"summary_large_image","twitter_misc":{"Tiempo de lectura":"5 minutos"},"schema":{"@context":"https:\/\/schema.org","@graph":[{"@type":"WebPage","@id":"https:\/\/www.bhype.it\/es\/servicios-seo\/","url":"https:\/\/www.bhype.it\/es\/servicios-seo\/","name":"SEO Search Engine Optimization para tu posicionamiento | Bhype","isPartOf":{"@id":"https:\/\/www.bhype.it\/es\/#website"},"datePublished":"2023-02-13T13:23:27+00:00","dateModified":"2023-05-04T09:41:12+00:00","description":"El conjunto de t\u00e9cnicas SEO aplicadas a tu sitio te permitir\u00e1n posicionarte mejor en los resultados de b\u00fasqueda del usuario","breadcrumb":{"@id":"https:\/\/www.bhype.it\/es\/servicios-seo\/#breadcrumb"},"inLanguage":"es","potentialAction":[{"@type":"ReadAction","target":["https:\/\/www.bhype.it\/es\/servicios-seo\/"]}]},{"@type":"BreadcrumbList","@id":"https:\/\/www.bhype.it\/es\/servicios-seo\/#breadcrumb","itemListElement":[{"@type":"ListItem","position":1,"name":"Home","item":"https:\/\/www.bhype.it\/es\/"},{"@type":"ListItem","position":2,"name":"Servicios SEO"}]},{"@type":"WebSite","@id":"https:\/\/www.bhype.it\/es\/#website","url":"https:\/\/www.bhype.it\/es\/","name":"Bhype","description":"","publisher":{"@id":"https:\/\/www.bhype.it\/es\/#organization"},"potentialAction":[{"@type":"SearchAction","target":{"@type":"EntryPoint","urlTemplate":"https:\/\/www.bhype.it\/es\/?s={search_term_string}"},"query-input":{"@type":"PropertyValueSpecification","valueRequired":true,"valueName":"search_term_string"}}],"inLanguage":"es"},{"@type":"Organization","@id":"https:\/\/www.bhype.it\/es\/#organization","name":"Bhype","url":"https:\/\/www.bhype.it\/es\/","logo":{"@type":"ImageObject","inLanguage":"es","@id":"https:\/\/www.bhype.it\/es\/#\/schema\/logo\/image\/","url":"https:\/\/www.bhype.it\/wp-content\/uploads\/2020\/12\/logo-bhype-solo.png","contentUrl":"https:\/\/www.bhype.it\/wp-content\/uploads\/2020\/12\/logo-bhype-solo.png","width":416,"height":128,"caption":"Bhype"},"image":{"@id":"https:\/\/www.bhype.it\/es\/#\/schema\/logo\/image\/"}}]}},"_links":{"self":[{"href":"https:\/\/www.bhype.it\/es\/wp-json\/wp\/v2\/pages\/7895","targetHints":{"allow":["GET"]}}],"collection":[{"href":"https:\/\/www.bhype.it\/es\/wp-json\/wp\/v2\/pages"}],"about":[{"href":"https:\/\/www.bhype.it\/es\/wp-json\/wp\/v2\/types\/page"}],"author":[{"embeddable":true,"href":"https:\/\/www.bhype.it\/es\/wp-json\/wp\/v2\/users\/1"}],"replies":[{"embeddable":true,"href":"https:\/\/www.bhype.it\/es\/wp-json\/wp\/v2\/comments?post=7895"}],"version-history":[{"count":4,"href":"https:\/\/www.bhype.it\/es\/wp-json\/wp\/v2\/pages\/7895\/revisions"}],"predecessor-version":[{"id":7899,"href":"https:\/\/www.bhype.it\/es\/wp-json\/wp\/v2\/pages\/7895\/revisions\/7899"}],"wp:attachment":[{"href":"https:\/\/www.bhype.it\/es\/wp-json\/wp\/v2\/media?parent=7895"}],"curies":[{"name":"wp","href":"https:\/\/api.w.org\/{rel}","templated":true}]}}