{"id":7900,"date":"2023-02-13T14:35:54","date_gmt":"2023-02-13T13:35:54","guid":{"rendered":"https:\/\/www.bhype.it\/social-media-marketing\/"},"modified":"2023-05-04T11:46:16","modified_gmt":"2023-05-04T09:46:16","slug":"social-media-marketing","status":"publish","type":"page","link":"https:\/\/www.bhype.it\/es\/social-media-marketing\/","title":{"rendered":"Social Media Marketing"},"content":{"rendered":"<p>[vc_row full_width=\u00bbstretch_row_content_no_spaces\u00bb][vc_column css=\u00bb.vc_custom_1675863528035{margin: 0px !important;padding: 0px !important;}\u00bb][vc_single_image image=\u00bb7082&#8243; img_size=\u00bbfull\u00bb][\/vc_column][\/vc_row][vc_row equal_height=\u00bbyes\u00bb content_placement=\u00bbmiddle\u00bb css=\u00bb.vc_custom_1677575147652{background-color: #ededed !important;}\u00bb][vc_column css=\u00bb.vc_custom_1542210878518{padding-top: 0px !important;}\u00bb][vc_empty_space height=\u00bb45px\u00bb]<div class=\"qodef-shortcode qodef-m  qodef-section-title qodef-alignment--center \">\n\t\t<h2 class=\"qodef-m-title\" >\n\t\t\t\t\tSOCIAL MEDIA MARKETING_\t\t\t<\/h2>\n\t<\/div>[vc_column_text]<\/p>\n<h3 style=\"text-align: center;\">DESDE EL VISUAL AL TEXTO: CONTENIDOS IMPACTANTES Y COHERENTES CON EL BUSINESS.<\/h3>\n<p>[\/vc_column_text][vc_empty_space height=\u00bb45px\u00bb][vc_separator color=\u00bbcustom\u00bb border_width=\u00bb5&#8243; el_class=\u00bbmax-size\u00bb accent_color=\u00bb#ff5507&#8243;][\/vc_column][\/vc_row][vc_row content_text_alignment=\u00bbcenter\u00bb css=\u00bb.vc_custom_1675697117445{background-position: center !important;background-repeat: no-repeat !important;background-size: contain !important;}\u00bb el_class=\u00bbshadow-center\u00bb][vc_column css=\u00bb.vc_custom_1591187654932{margin-top: 0px !important;padding-top: 0px !important;}\u00bb][vc_empty_space height=\u00bb65px\u00bb][vc_row_inner equal_height=\u00bbyes\u00bb content_placement=\u00bbmiddle\u00bb row_content_width=\u00bbgrid\u00bb content_text_alignment=\u00bbleft\u00bb][vc_column_inner width=\u00bb1\/2&#8243;]<h2 class=\"qodef-shortcode qodef-m  qodef-highlight \" style=\"color: #ffffff\">\n\t\t\t<span class=\"qodef-highlight-text\" data-highlight=\"#ff5507\" style=\"color: #ffffff\">DE QU\u00c9 SE TRATA<\/span>\t<\/h2>[vc_empty_space height=\u00bb25px\u00bb]<div class=\"qodef-shortcode qodef-m icon-agency qodef-icon-with-text qodef-layout--before-content qodef--icon-pack  qodef--loading-animation\">\n\t<div class=\"qodef-m-icon-wrapper\">\n\t\t<span class=\"qodef-shortcode qodef-m  qodef-icon-holder qodef-size--small qodef-layout--normal\"  >\t        <span class=\"qodef-icon-font-awesome fa fa-comment qodef-icon qodef-e\" style=\"color: #0a0a0a;font-size:35px\" ><\/span>    <\/span>\t<\/div>\n\t<div class=\"qodef-m-content\">\n\t\t\t<h3 class=\"qodef-m-title\" style=\"color: #0a0a0a\">\n\t\t\t\t\t<span class=\"qodef-m-title-text\">El gran cambio de las redes sociales y el nacimiento de un nuevo canal de marketing<\/span>\n\t\t\t<\/h3>\n\t\t\t<\/div>\n<\/div>[vc_column_text el_class=\u00bbblack-txt\u00bb]El giro inesperado de las redes sociales puede ser definido como una especie de \u201cBig Bang digital\u201d, el cual ha provocado una revoluci\u00f3n inmediata, involucrando primero a los j\u00f3venes usuario y despu\u00e9s a grupos m\u00e1s maduros de la poblaci\u00f3n. Se piensa que actualmente en Italia el 71% de la poblaci\u00f3n hace uso de una de las tantas redes sociales para poderse comunicar, expresar el propio agrado e inclusive para informarse. Y es por eso que ahora las empresas, las cuales desean integrarse y competir en el mercado, no pueden absolutamente prescindir de tal herramienta.<\/p>\n<p>Nacidos con el objetivo de pasar apuntes e informaci\u00f3n, las redes sociales actualmente se han convertido en un compa\u00f1ero de vida, el cual es un modo para seguir en contacto y hacer conocer la propia propuesta, por ejemplo cuando se habla de un producto o servicio, encontrando as\u00ed la llave de lectura adecuada para lograr llegar al coraz\u00f3n de los potenciales compradores y porque no, extender siempre un poco m\u00e1s el propio rango. En esta \u00f3ptica se coloca entonces el \u201cSocial Network Marketing\u201d, el cual busca crear v\u00ednculos y afinidad con las personas, incentiv\u00e1ndolas a sentirse parte de una comunidad especial de la cual no deseen nunca salir. El trabajo es constante y no se limita a la atracci\u00f3n inicial, ya que debe de ser continuamente alimentado para evitar que un competidor m\u00e1s apetecible pueda sustraer el cliente con iniciativas mas interesantes y modernas.[\/vc_column_text][\/vc_column_inner][vc_column_inner width=\u00bb1\/2&#8243; css=\u00bb.vc_custom_1592225648536{padding-right: 20px !important;}\u00bb][vc_single_image image=\u00bb7178&#8243; img_size=\u00bbfull\u00bb alignment=\u00bbcenter\u00bb][\/vc_column_inner][\/vc_row_inner][vc_row_inner equal_height=\u00bbyes\u00bb content_placement=\u00bbmiddle\u00bb row_content_width=\u00bbgrid\u00bb content_text_alignment=\u00bbleft\u00bb][vc_column_inner width=\u00bb1\/2&#8243; css=\u00bb.vc_custom_1592225648536{padding-right: 20px !important;}\u00bb][vc_single_image image=\u00bb6970&#8243; img_size=\u00bbfull\u00bb alignment=\u00bbcenter\u00bb][\/vc_column_inner][vc_column_inner width=\u00bb1\/2&#8243;][vc_empty_space height=\u00bb50px\u00bb]<div class=\"qodef-shortcode qodef-m icon-agency qodef-icon-with-text qodef-layout--before-content qodef--icon-pack  qodef--loading-animation\">\n\t<div class=\"qodef-m-icon-wrapper\">\n\t\t<span class=\"qodef-shortcode qodef-m  qodef-icon-holder qodef-size--medium qodef-layout--normal\"  >\t        <span class=\"qodef-icon-font-awesome fa fa-users qodef-icon qodef-e\" style=\"color: #0a0a0a;font-size:35px\" ><\/span>    <\/span>\t<\/div>\n\t<div class=\"qodef-m-content\">\n\t\t\t<h3 class=\"qodef-m-title\" style=\"color: #0a0a0a\">\n\t\t\t\t\t<span class=\"qodef-m-title-text\">LA CAPACIDAD DE LEER LOS H\u00c1BITOS DE LOS USUARIOS<\/span>\n\t\t\t<\/h3>\n\t\t\t<\/div>\n<\/div>[vc_column_text el_class=\u00bbblack-txt\u00bb]Uno de los aspectos que viene tratado con mayor dedicaci\u00f3n por parte del SOCIAL MEDIA MARKETING es, sin duda alguna, el estudio de los h\u00e1bitos de los usuarios de las redes sociales. Imagina c\u00f3mo han cambiado con el pasar del tiempo los gustos y preferencias de los usuarios de FACEBOOK, o tambi\u00e9n como han mutado los curriculum hechos en LINKEDIN. Esto se debe a que la sociedad moderna muta r\u00e1pidamente y las redes sociales son un espejo fiel de su condici\u00f3n y continua evoluci\u00f3n.<\/p>\n<p>Realizar una p\u00e1gina social para una empresa es considerado un producto en constante proceso, en el cual hay que ejecutar un an\u00e1lisis continuo de mercado y palpar de manera frecuente la satisfacci\u00f3n de los followers. A consecuencia de esto, es extremamente necesario saber elegir las figuras que se ocupar\u00e1n de los diferentes compartimientos del macro-sector, como por ejemplo la gr\u00e1fica, las iniciativas de LOIALTY, el debate interesante y las proporciones que pueden fidelizar en manera tempor\u00e1nea los usuarios, alargando siempre m\u00e1s el objetivo de la clientela.<\/p>\n<p>El contexto social y econ\u00f3mico interpreta un rol en primer plano cuando se habla de SOCIAL MEDIA MARKETING, y esto se debe a que se necesita tener en consideraci\u00f3n quienes son las personas con las cuales uno se relaciona y cu\u00e1l es el lenguaje que usan.<\/p>\n<p>La comunicaci\u00f3n, por ese motivo, tiene que realizarse en un plano conocido para poder ser eficaz, el cual tiene que mudar tambi\u00e9n en base de la red social de referencia. Piensa, por ejemplo, a c\u00f3mo se utiliza mayormente la palabra y la fuerza del post de FACEBOOK, las del video y de la imagen en INSTAGRAM, y tambi\u00e9n el lenguaje formal que se tiene que usar en sistemas profesionales como LINKEDIN.<\/p>\n<p>En conclusi\u00f3n, se necesita poseer un exacto y cuidadoso conocimiento de las reglas escritas de estos portales, sigui\u00e9ndolas en su revoluci\u00f3n y observando tambi\u00e9n con el tiempo aquellos portales que mayormente tienen \u00e9xito, para as\u00ed poder utilizarlos al propio favor con fin publicitario.[\/vc_column_text][vc_empty_space height=\u00bb25px\u00bb][\/vc_column_inner][\/vc_row_inner][vc_row_inner content_text_alignment=\u00bbleft\u00bb][vc_column_inner][vc_empty_space height=\u00bb50px\u00bb]<div class=\"qodef-shortcode qodef-m icon-agency qodef-icon-with-text qodef-layout--before-content qodef--icon-pack  qodef--loading-animation\">\n\t<div class=\"qodef-m-icon-wrapper\">\n\t\t<span class=\"qodef-shortcode qodef-m  qodef-icon-holder qodef-size--medium qodef-layout--normal\"  >\t        <span class=\"qodef-icon-font-awesome fa fa-newspaper qodef-icon qodef-e\" style=\"color: #0a0a0a;font-size:35px\" ><\/span>    <\/span>\t<\/div>\n\t<div class=\"qodef-m-content\">\n\t\t\t<h3 class=\"qodef-m-title\" style=\"color: #0a0a0a\">\n\t\t\t\t\t<span class=\"qodef-m-title-text\">\u00bfQU\u00c9 ES EL SOCIAL MEDIA MARKETING?<\/span>\n\t\t\t<\/h3>\n\t\t\t<\/div>\n<\/div>[vc_column_text el_class=\u00bbblack-txt\u00bb]El social media marketing es, por lo tanto, un sistema publicitario, el cual utiliza las redes sociales para atraer a un preciso objetivo seleccionado y lograr ampliarlo lo m\u00e1s posible. No consiste solo en la pura publicidad de un producto, sino tambi\u00e9n en suscitar inter\u00e9s y debate, utilizando las herramientas que portales como Facebook, Linkedin, Instagram o Youtube son capaces de ofrecer, cada uno de ellos haciendo uso de sus competencias. Se trata de uno de los modos m\u00e1s inmediatos y actualmente utilizados para involucrar y fidelizar al cliente, sobre todo en una era como la nuestra, en donde las empresas se multiplican continuamente y es mucho m\u00e1s dif\u00edcil distinguirlas de la misma masa.<\/p>\n<p>Existen varios pasos los cuales es oportuno seguir si se quiere entrar en el mundo del web con la propia p\u00e1gina, en modo que se tenga mayor posibilidad de \u00e9xito. El primer paso por cumplir, es realizar una b\u00fasqueda en el pasado, para as\u00ed lograr comprender cu\u00e1l ha sido el trend de los \u00faltimos a\u00f1os, analizando el audiltel y tambi\u00e9n los usuarios por las diversas \u00e1reas demogr\u00e1ficas. De este modo es posible reconocer si los gustos mutan de zona a zona y como fueron cambiando en relaci\u00f3n con el factor ambiental. Sucesivamente, es necesario establecer objetivos, o actualmente dicho \u201cgoals\u201d, de llevar a cabo para obtener la llave hacia el \u00e9xito.<\/p>\n<p>El fin de una campa\u00f1a social es seguramente mejorar la visibilidad del propio servicio o producto, incentivando a la gente a seguir las iniciativas y junto con ello lograr que se aficionen a la marca, reduciendo a su vez la gran posibilidad de que se mire hacia otro lado. Esto solo se puede lograr con responder en manera adecuada cada una de las exigencias impl\u00edcitas relacionadas con el gusto y la moda, haci\u00e9ndolo sentir parte de una community la cual los entiende y est\u00e1 preparada para responder cada una de sus exigencias. Despu\u00e9s de haber individuado a un claro objetivo de potenciales usuarios, sin jam\u00e1s perder de vista la posibilidad de hacerlo crecer en cada momento obviamente, ha llegado el momento de elaborar una estrategia, la cual logre aumentar la popularidad bas\u00e1ndose en una serie de iniciativas interesantes.<\/p>\n<p>Pueden ser post tentadores y divertidos, como tambi\u00e9n promociones hechas a la medida bas\u00e1ndose en el estudio del propio objetivo, o los famosos reel o video que lleven al usuario a detenerse y verlo completo.<\/p>\n<p>Pero ahora hablemos de un trabajo extremadamente din\u00e1mico, el cual no permite tomar cinco minutos de descanso porque los gustos del p\u00fablico mutan con una velocidad sumamente importante y para estar siempre al d\u00eda se necesita que el an\u00e1lisis se haga constantemente y no solo de manera circunstancial. Las din\u00e1micas editoriales que ven el estilo y tono de voz, tienen que ser caracter\u00edsticos de una empresa y cautivadores para los usuarios, escogiendo la modalidad comunicativa adecuada seg\u00fan de la plataforma previamente elegida.<\/p>\n<p>Tambi\u00e9n se necesita evaluar esa parte en la cual una empresa logra mayormente explicar el propio potencial, siendo quiz\u00e1s penalizada en otros contextos. Imagina una sociedad creativa, la cual puede ser mejor en Instagram respecto a Linkedin o, al contrario, una empresa moderna y rigurosa, como puede resultar inadecuada haciendo un post con emojis en Facebook. \u201cA cada uno, una red social\u201d, este deber\u00e1 de ser el motor del Social Media Marketing. \u00a1Porque en una empresa no debe faltar una red social!.<\/p>\n<p>UNA P\u00c1GINA SOCIAL QUE ACTUALMENTE ES LA TARJETA DE PRESENTACI\u00d3N DE CADA EMPRESA, sin duda alguna, es uno de los principales canales dentro la cual un producto o servicio viene buscado, adem\u00e1s de los principales motores de b\u00fasqueda.<\/p>\n<p>El fin de todo esto es incrementar la visibilidad en manera productiva, no solo haciendo \u201cswipe\u201d a las fotos, las cuales despu\u00e9s vienen olvidadas en poco tiempo, sino tambi\u00e9n crear una relaci\u00f3n de fidelizaci\u00f3n que lleva a leer e interactuar con los post en manera peri\u00f3dica o constante. El objetivo es crear una gran \u201ccommunity\u201d relacionada con la propia actividad, logrando que la recomendaci\u00f3n digital pueda desarrollar su propio rol esencial, el cual es vencer a la feroz competencia.<\/p>\n<p>El medio para realizar tal prop\u00f3sito es aquel de encontrar la modalidad comunicativa m\u00e1s congenial para el propio cliente, y adem\u00e1s de eso lograr elegir que tipo de red social se quiere conquistar. A la luz de esto es esencial poder contar con el propio grupo de expertos, el cual sepa manejar mejor el lenguaje de la web desde el punto de vista de forma y contenido, ya que se trata de dos conceptos inseparables si se quiere lograr tener \u00e9xito y quedarse en la cima por mucho m\u00e1s tiempo. Es por ese motivo que diversas empresas logran tener un boom moment\u00e1neo, pero despu\u00e9s tienen que lidiar con la verdadera dificultad que es mantenerse en niveles importantes, con n\u00fameros regulares y sobre todo que est\u00e9n en constante crecimiento.[\/vc_column_text][vc_empty_space height=\u00bb30px\u00bb][\/vc_column_inner][\/vc_row_inner][\/vc_column][\/vc_row]<\/p>\n","protected":false},"excerpt":{"rendered":"<p>[vc_row full_width=\u00bbstretch_row_content_no_spaces\u00bb][vc_column css=\u00bb.vc_custom_1675863528035{margin: 0px !important;padding: 0px !important;}\u00bb][vc_single_image image=\u00bb7082&#8243; img_size=\u00bbfull\u00bb][\/vc_column][\/vc_row][vc_row equal_height=\u00bbyes\u00bb content_placement=\u00bbmiddle\u00bb css=\u00bb.vc_custom_1677575147652{background-color: #ededed !important;}\u00bb][vc_column css=\u00bb.vc_custom_1542210878518{padding-top: 0px !important;}\u00bb][vc_empty_space height=\u00bb45px\u00bb][vc_column_text] DESDE EL VISUAL AL TEXTO: CONTENIDOS IMPACTANTES Y COHERENTES CON EL BUSINESS. [\/vc_column_text][vc_empty_space height=\u00bb45px\u00bb][vc_separator color=\u00bbcustom\u00bb border_width=\u00bb5&#8243; el_class=\u00bbmax-size\u00bb accent_color=\u00bb#ff5507&#8243;][\/vc_column][\/vc_row][vc_row content_text_alignment=\u00bbcenter\u00bb css=\u00bb.vc_custom_1675697117445{background-position: center !important;background-repeat: no-repeat !important;background-size: contain !important;}\u00bb el_class=\u00bbshadow-center\u00bb][vc_column css=\u00bb.vc_custom_1591187654932{margin-top: 0px !important;padding-top: 0px !important;}\u00bb][vc_empty_space height=\u00bb65px\u00bb][vc_row_inner equal_height=\u00bbyes\u00bb content_placement=\u00bbmiddle\u00bb row_content_width=\u00bbgrid\u00bb content_text_alignment=\u00bbleft\u00bb][vc_column_inner [&hellip;]<\/p>\n","protected":false},"author":1,"featured_media":0,"parent":0,"menu_order":0,"comment_status":"closed","ping_status":"closed","template":"page-full-width.php","meta":{"footnotes":""},"class_list":["post-7900","page","type-page","status-publish","hentry"],"yoast_head":"<!-- This site is optimized with the Yoast SEO plugin v25.8 - https:\/\/yoast.com\/wordpress\/plugins\/seo\/ -->\n<title>Social Media Marketing Profesional para Empresas | Bhype<\/title>\n<meta name=\"description\" content=\"Uno de los aspectos que m\u00e1s cuida el social media marketing es el de estudiar los h\u00e1bitos de los usuarios de las redes sociales\" \/>\n<meta name=\"robots\" content=\"index, follow, max-snippet:-1, max-image-preview:large, max-video-preview:-1\" \/>\n<link rel=\"canonical\" href=\"https:\/\/www.bhype.it\/es\/social-media-marketing\/\" \/>\n<meta property=\"og:locale\" content=\"es_ES\" \/>\n<meta property=\"og:type\" content=\"article\" \/>\n<meta property=\"og:title\" content=\"Social Media Marketing Profesional para Empresas | Bhype\" \/>\n<meta property=\"og:description\" content=\"Uno de los aspectos que m\u00e1s cuida el social media marketing es el de estudiar los h\u00e1bitos de los usuarios de las redes sociales\" \/>\n<meta property=\"og:url\" content=\"https:\/\/www.bhype.it\/es\/social-media-marketing\/\" \/>\n<meta property=\"og:site_name\" content=\"Bhype\" \/>\n<meta property=\"article:modified_time\" content=\"2023-05-04T09:46:16+00:00\" \/>\n<meta name=\"twitter:card\" content=\"summary_large_image\" \/>\n<meta name=\"twitter:label1\" content=\"Tiempo de lectura\" \/>\n\t<meta name=\"twitter:data1\" content=\"9 minutos\" \/>\n<script type=\"application\/ld+json\" class=\"yoast-schema-graph\">{\"@context\":\"https:\/\/schema.org\",\"@graph\":[{\"@type\":\"WebPage\",\"@id\":\"https:\/\/www.bhype.it\/es\/social-media-marketing\/\",\"url\":\"https:\/\/www.bhype.it\/es\/social-media-marketing\/\",\"name\":\"Social Media Marketing Profesional para Empresas | Bhype\",\"isPartOf\":{\"@id\":\"https:\/\/www.bhype.it\/es\/#website\"},\"datePublished\":\"2023-02-13T13:35:54+00:00\",\"dateModified\":\"2023-05-04T09:46:16+00:00\",\"description\":\"Uno de los aspectos que m\u00e1s cuida el social media marketing es el de estudiar los h\u00e1bitos de los usuarios de las redes sociales\",\"breadcrumb\":{\"@id\":\"https:\/\/www.bhype.it\/es\/social-media-marketing\/#breadcrumb\"},\"inLanguage\":\"es\",\"potentialAction\":[{\"@type\":\"ReadAction\",\"target\":[\"https:\/\/www.bhype.it\/es\/social-media-marketing\/\"]}]},{\"@type\":\"BreadcrumbList\",\"@id\":\"https:\/\/www.bhype.it\/es\/social-media-marketing\/#breadcrumb\",\"itemListElement\":[{\"@type\":\"ListItem\",\"position\":1,\"name\":\"Home\",\"item\":\"https:\/\/www.bhype.it\/es\/\"},{\"@type\":\"ListItem\",\"position\":2,\"name\":\"Social Media Marketing\"}]},{\"@type\":\"WebSite\",\"@id\":\"https:\/\/www.bhype.it\/es\/#website\",\"url\":\"https:\/\/www.bhype.it\/es\/\",\"name\":\"Bhype\",\"description\":\"\",\"publisher\":{\"@id\":\"https:\/\/www.bhype.it\/es\/#organization\"},\"potentialAction\":[{\"@type\":\"SearchAction\",\"target\":{\"@type\":\"EntryPoint\",\"urlTemplate\":\"https:\/\/www.bhype.it\/es\/?s={search_term_string}\"},\"query-input\":{\"@type\":\"PropertyValueSpecification\",\"valueRequired\":true,\"valueName\":\"search_term_string\"}}],\"inLanguage\":\"es\"},{\"@type\":\"Organization\",\"@id\":\"https:\/\/www.bhype.it\/es\/#organization\",\"name\":\"Bhype\",\"url\":\"https:\/\/www.bhype.it\/es\/\",\"logo\":{\"@type\":\"ImageObject\",\"inLanguage\":\"es\",\"@id\":\"https:\/\/www.bhype.it\/es\/#\/schema\/logo\/image\/\",\"url\":\"https:\/\/www.bhype.it\/wp-content\/uploads\/2020\/12\/logo-bhype-solo.png\",\"contentUrl\":\"https:\/\/www.bhype.it\/wp-content\/uploads\/2020\/12\/logo-bhype-solo.png\",\"width\":416,\"height\":128,\"caption\":\"Bhype\"},\"image\":{\"@id\":\"https:\/\/www.bhype.it\/es\/#\/schema\/logo\/image\/\"}}]}<\/script>\n<!-- \/ Yoast SEO plugin. -->","yoast_head_json":{"title":"Social Media Marketing Profesional para Empresas | Bhype","description":"Uno de los aspectos que m\u00e1s cuida el social media marketing es el de estudiar los h\u00e1bitos de los usuarios de las redes sociales","robots":{"index":"index","follow":"follow","max-snippet":"max-snippet:-1","max-image-preview":"max-image-preview:large","max-video-preview":"max-video-preview:-1"},"canonical":"https:\/\/www.bhype.it\/es\/social-media-marketing\/","og_locale":"es_ES","og_type":"article","og_title":"Social Media Marketing Profesional para Empresas | Bhype","og_description":"Uno de los aspectos que m\u00e1s cuida el social media marketing es el de estudiar los h\u00e1bitos de los usuarios de las redes sociales","og_url":"https:\/\/www.bhype.it\/es\/social-media-marketing\/","og_site_name":"Bhype","article_modified_time":"2023-05-04T09:46:16+00:00","twitter_card":"summary_large_image","twitter_misc":{"Tiempo de lectura":"9 minutos"},"schema":{"@context":"https:\/\/schema.org","@graph":[{"@type":"WebPage","@id":"https:\/\/www.bhype.it\/es\/social-media-marketing\/","url":"https:\/\/www.bhype.it\/es\/social-media-marketing\/","name":"Social Media Marketing Profesional para Empresas | Bhype","isPartOf":{"@id":"https:\/\/www.bhype.it\/es\/#website"},"datePublished":"2023-02-13T13:35:54+00:00","dateModified":"2023-05-04T09:46:16+00:00","description":"Uno de los aspectos que m\u00e1s cuida el social media marketing es el de estudiar los h\u00e1bitos de los usuarios de las redes sociales","breadcrumb":{"@id":"https:\/\/www.bhype.it\/es\/social-media-marketing\/#breadcrumb"},"inLanguage":"es","potentialAction":[{"@type":"ReadAction","target":["https:\/\/www.bhype.it\/es\/social-media-marketing\/"]}]},{"@type":"BreadcrumbList","@id":"https:\/\/www.bhype.it\/es\/social-media-marketing\/#breadcrumb","itemListElement":[{"@type":"ListItem","position":1,"name":"Home","item":"https:\/\/www.bhype.it\/es\/"},{"@type":"ListItem","position":2,"name":"Social Media Marketing"}]},{"@type":"WebSite","@id":"https:\/\/www.bhype.it\/es\/#website","url":"https:\/\/www.bhype.it\/es\/","name":"Bhype","description":"","publisher":{"@id":"https:\/\/www.bhype.it\/es\/#organization"},"potentialAction":[{"@type":"SearchAction","target":{"@type":"EntryPoint","urlTemplate":"https:\/\/www.bhype.it\/es\/?s={search_term_string}"},"query-input":{"@type":"PropertyValueSpecification","valueRequired":true,"valueName":"search_term_string"}}],"inLanguage":"es"},{"@type":"Organization","@id":"https:\/\/www.bhype.it\/es\/#organization","name":"Bhype","url":"https:\/\/www.bhype.it\/es\/","logo":{"@type":"ImageObject","inLanguage":"es","@id":"https:\/\/www.bhype.it\/es\/#\/schema\/logo\/image\/","url":"https:\/\/www.bhype.it\/wp-content\/uploads\/2020\/12\/logo-bhype-solo.png","contentUrl":"https:\/\/www.bhype.it\/wp-content\/uploads\/2020\/12\/logo-bhype-solo.png","width":416,"height":128,"caption":"Bhype"},"image":{"@id":"https:\/\/www.bhype.it\/es\/#\/schema\/logo\/image\/"}}]}},"_links":{"self":[{"href":"https:\/\/www.bhype.it\/es\/wp-json\/wp\/v2\/pages\/7900","targetHints":{"allow":["GET"]}}],"collection":[{"href":"https:\/\/www.bhype.it\/es\/wp-json\/wp\/v2\/pages"}],"about":[{"href":"https:\/\/www.bhype.it\/es\/wp-json\/wp\/v2\/types\/page"}],"author":[{"embeddable":true,"href":"https:\/\/www.bhype.it\/es\/wp-json\/wp\/v2\/users\/1"}],"replies":[{"embeddable":true,"href":"https:\/\/www.bhype.it\/es\/wp-json\/wp\/v2\/comments?post=7900"}],"version-history":[{"count":4,"href":"https:\/\/www.bhype.it\/es\/wp-json\/wp\/v2\/pages\/7900\/revisions"}],"predecessor-version":[{"id":7904,"href":"https:\/\/www.bhype.it\/es\/wp-json\/wp\/v2\/pages\/7900\/revisions\/7904"}],"wp:attachment":[{"href":"https:\/\/www.bhype.it\/es\/wp-json\/wp\/v2\/media?parent=7900"}],"curies":[{"name":"wp","href":"https:\/\/api.w.org\/{rel}","templated":true}]}}